{"id":4771,"date":"2023-12-30T23:08:59","date_gmt":"2023-12-30T16:08:59","guid":{"rendered":"https:\/\/emotionguitars.com\/?post_type=product&#038;p=4771"},"modified":"2025-04-29T23:45:58","modified_gmt":"2025-04-29T16:45:58","slug":"otto-vowinkel-2a-2022-brand-new","status":"publish","type":"product","link":"https:\/\/emotionguitars.com\/en\/product\/otto-vowinkel-2a-2022-brand-new\/","title":{"rendered":"Otto Vowinkel 2a &#8211; 2022 (brand new)"},"content":{"rendered":"<p>C\u00e2y \u0111\u00e0n s\u1ea3n xu\u1ea5t t\u1ea1i T\u00e2y Ban Nha, trong x\u01b0\u1edfng c\u1ee7a Picado Guitar theo y\u00eau c\u1ea7u thi\u1ebft k\u1ebf c\u1ee7a ngh\u1ec7 nh\u00e2n n\u1ed5i ti\u1ebfng H\u00e0 Lan Otto Vowinkel.<br \/>\n\u00c2m thanh c\u1ee7a Picado c\u00f3 \u0111\u1eb7c tr\u01b0ng l\u00e0 \u0111\u01b0\u1ee3m v\u00e0 r\u1ea5t t\u00e1ch b\u1ea1ch, clear. <\/p>\n<p>\u2022 Th\u00f4ng s\u1ed1 \u0111\u00e0n:<br \/>\nTop: Cedaz<br \/>\nBack, side: India Rosewood<br \/>\nScale, nut: 650mm, 52mm<\/p>","protected":false},"excerpt":{"rendered":"<p>C\u00e2y \u0111\u00e0n s\u1ea3n xu\u1ea5t t\u1ea1i T\u00e2y Ban Nha, trong x\u01b0\u1edfng c\u1ee7a Picado Guitar theo y\u00eau c\u1ea7u thi\u1ebft k\u1ebf c\u1ee7a ngh\u1ec7 nh\u00e2n n\u1ed5i ti\u1ebfng H\u00e0 Lan Otto Vowinkel. \u00c2m thanh c\u1ee7a Picado c\u00f3 \u0111\u1eb7c tr\u01b0ng l\u00e0 \u0111\u01b0\u1ee3m v\u00e0 r\u1ea5t t\u00e1ch b\u1ea1ch, clear. \u2022 Th\u00f4ng s\u1ed1 \u0111\u00e0n: Top: Cedaz Back, side: India Rosewood Scale, nut: 650mm, 52mm<\/p>","protected":false},"featured_media":4772,"template":"","meta":[],"product_cat":[20,27,213],"product_tag":[],"class_list":["post-4771","product","type-product","status-publish","has-post-thumbnail","hentry","product_cat-dan-guitar","product_cat-otto-vowinkel","product_cat-dan-cao-cap"],"_links":{"self":[{"href":"https:\/\/emotionguitars.com\/en\/wp-json\/wp\/v2\/product\/4771","targetHints":{"allow":["GET"]}}],"collection":[{"href":"https:\/\/emotionguitars.com\/en\/wp-json\/wp\/v2\/product"}],"about":[{"href":"https:\/\/emotionguitars.com\/en\/wp-json\/wp\/v2\/types\/product"}],"wp:featuredmedia":[{"embeddable":true,"href":"https:\/\/emotionguitars.com\/en\/wp-json\/wp\/v2\/media\/4772"}],"wp:attachment":[{"href":"https:\/\/emotionguitars.com\/en\/wp-json\/wp\/v2\/media?parent=4771"}],"wp:term":[{"taxonomy":"product_cat","embeddable":true,"href":"https:\/\/emotionguitars.com\/en\/wp-json\/wp\/v2\/product_cat?post=4771"},{"taxonomy":"product_tag","embeddable":true,"href":"https:\/\/emotionguitars.com\/en\/wp-json\/wp\/v2\/product_tag?post=4771"}],"curies":[{"name":"wp","href":"https:\/\/api.w.org\/{rel}","templated":true}]}}