{"id":4784,"date":"2024-01-21T13:45:07","date_gmt":"2024-01-21T06:45:07","guid":{"rendered":"https:\/\/emotionguitars.com\/?post_type=product&#038;p=4784"},"modified":"2025-05-16T05:33:19","modified_gmt":"2025-05-15T22:33:19","slug":"masaru-kohno-20-1974-excellent","status":"publish","type":"product","link":"https:\/\/emotionguitars.com\/en\/product\/masaru-kohno-20-1974-excellent\/","title":{"rendered":"Masaru Kohno 20 &#8211; 1974 (excellent)"},"content":{"rendered":"<p>C\u00e2y \u0111\u00e0n c\u00f3 1 kh\u00f4ng 2 v\u00f4 c\u00f9ng gi\u00e1 tr\u1ecb b\u1edfi th\u01b0\u01a1ng hi\u1ec7u, ch\u1ea5t l\u01b0\u1ee3ng v\u00e0 \u0111\u1ed9 m\u1edbi c\u00f2n l\u1ea1i. L\u00e0 m\u1eabu Top model c\u1ee7a n\u0103m 1974, v\u1edbi \u00e2m thanh thanh s\u1ea1ch v\u00e0 v\u00f4 c\u00f9ng tinh t\u1ebf. Ngo\u1ea1i h\u00ecnh c\u1ee7a c\u00e2y \u0111\u00e0n l\u00e0 s\u1ef1 cu\u1ed1n h\u00fat tuy\u1ec7t v\u1eddi b\u1edfi b\u1ed9 g\u1ed7 l\u01b0ng h\u00f4ng Brazil qu\u00fd hi\u1ebfm.<\/p>","protected":false},"excerpt":{"rendered":"<p>C\u00e2y \u0111\u00e0n c\u00f3 1 kh\u00f4ng 2 v\u00f4 c\u00f9ng gi\u00e1 tr\u1ecb b\u1edfi th\u01b0\u01a1ng hi\u1ec7u, ch\u1ea5t l\u01b0\u1ee3ng v\u00e0 \u0111\u1ed9 m\u1edbi c\u00f2n l\u1ea1i. L\u00e0 m\u1eabu Top model c\u1ee7a n\u0103m 1974, v\u1edbi \u00e2m thanh thanh s\u1ea1ch v\u00e0 v\u00f4 c\u00f9ng tinh t\u1ebf. Ngo\u1ea1i h\u00ecnh c\u1ee7a c\u00e2y \u0111\u00e0n l\u00e0 s\u1ef1 cu\u1ed1n h\u00fat tuy\u1ec7t v\u1eddi b\u1edfi b\u1ed9 g\u1ed7 l\u01b0ng h\u00f4ng Brazil qu\u00fd&#8230;<\/p>","protected":false},"featured_media":4993,"template":"","meta":[],"product_cat":[533,20,25,213],"product_tag":[],"class_list":["post-4784","product","type-product","status-publish","has-post-thumbnail","hentry","product_cat-luxury","product_cat-dan-guitar","product_cat-sakurai-kohno","product_cat-dan-cao-cap"],"_links":{"self":[{"href":"https:\/\/emotionguitars.com\/en\/wp-json\/wp\/v2\/product\/4784","targetHints":{"allow":["GET"]}}],"collection":[{"href":"https:\/\/emotionguitars.com\/en\/wp-json\/wp\/v2\/product"}],"about":[{"href":"https:\/\/emotionguitars.com\/en\/wp-json\/wp\/v2\/types\/product"}],"wp:featuredmedia":[{"embeddable":true,"href":"https:\/\/emotionguitars.com\/en\/wp-json\/wp\/v2\/media\/4993"}],"wp:attachment":[{"href":"https:\/\/emotionguitars.com\/en\/wp-json\/wp\/v2\/media?parent=4784"}],"wp:term":[{"taxonomy":"product_cat","embeddable":true,"href":"https:\/\/emotionguitars.com\/en\/wp-json\/wp\/v2\/product_cat?post=4784"},{"taxonomy":"product_tag","embeddable":true,"href":"https:\/\/emotionguitars.com\/en\/wp-json\/wp\/v2\/product_tag?post=4784"}],"curies":[{"name":"wp","href":"https:\/\/api.w.org\/{rel}","templated":true}]}}