{"id":4792,"date":"2024-01-21T13:49:57","date_gmt":"2024-01-21T06:49:57","guid":{"rendered":"https:\/\/emotionguitars.com\/?post_type=product&#038;p=4792"},"modified":"2025-04-29T23:53:19","modified_gmt":"2025-04-29T16:53:19","slug":"raimundo-148-1993-excellent","status":"publish","type":"product","link":"https:\/\/emotionguitars.com\/en\/product\/raimundo-148-1993-excellent\/","title":{"rendered":"Raimundo 148 &#8211; 1993 (excellent)"},"content":{"rendered":"<p>H\u00e3ng guitar Raimundo \u0111\u00e3 \u0111\u00f3ng c\u1eeda v\u00e0o n\u0103m 2022 nh\u01b0ng nh\u1eefng s\u1ea3n ph\u1ea9m c\u1ee7a h\u1ecd s\u1ebd lu\u00f4n \u0111\u01b0\u1ee3c \u0111\u00e1nh gi\u00e1 cao.<br \/>\nC\u00e2y \u0111\u00e0n model cao 148 n\u00e0y c\u00f3 \u00e2m thanh ch\u1eafc v\u00e0 s\u00e2u s\u1eafc, l\u00e0 m\u1ed9t l\u1ef1a ch\u1ecdn t\u1ed1t cho nh\u1eefng ai c\u1ea7n m\u1ed9t c\u00e2y \u0111\u00e0n v\u1eeba \u0111\u1ec3 t\u1eadp luy\u1ec7n, v\u1eeba \u0111\u1ec3 bi\u1ec3u di\u1ec5n.<\/p>","protected":false},"excerpt":{"rendered":"<p>H\u00e3ng guitar Raimundo \u0111\u00e3 \u0111\u00f3ng c\u1eeda v\u00e0o n\u0103m 2022 nh\u01b0ng nh\u1eefng s\u1ea3n ph\u1ea9m c\u1ee7a h\u1ecd s\u1ebd lu\u00f4n \u0111\u01b0\u1ee3c \u0111\u00e1nh gi\u00e1 cao. C\u00e2y \u0111\u00e0n model cao 148 n\u00e0y c\u00f3 \u00e2m thanh ch\u1eafc v\u00e0 s\u00e2u s\u1eafc, l\u00e0 m\u1ed9t l\u1ef1a ch\u1ecdn t\u1ed1t cho nh\u1eefng ai c\u1ea7n m\u1ed9t c\u00e2y \u0111\u00e0n v\u1eeba \u0111\u1ec3 t\u1eadp luy\u1ec7n, v\u1eeba \u0111\u1ec3 bi\u1ec3u di\u1ec5n.<\/p>","protected":false},"featured_media":4793,"template":"","meta":[],"product_cat":[20,213],"product_tag":[],"class_list":["post-4792","product","type-product","status-publish","has-post-thumbnail","hentry","product_cat-dan-guitar","product_cat-dan-cao-cap"],"_links":{"self":[{"href":"https:\/\/emotionguitars.com\/en\/wp-json\/wp\/v2\/product\/4792","targetHints":{"allow":["GET"]}}],"collection":[{"href":"https:\/\/emotionguitars.com\/en\/wp-json\/wp\/v2\/product"}],"about":[{"href":"https:\/\/emotionguitars.com\/en\/wp-json\/wp\/v2\/types\/product"}],"wp:featuredmedia":[{"embeddable":true,"href":"https:\/\/emotionguitars.com\/en\/wp-json\/wp\/v2\/media\/4793"}],"wp:attachment":[{"href":"https:\/\/emotionguitars.com\/en\/wp-json\/wp\/v2\/media?parent=4792"}],"wp:term":[{"taxonomy":"product_cat","embeddable":true,"href":"https:\/\/emotionguitars.com\/en\/wp-json\/wp\/v2\/product_cat?post=4792"},{"taxonomy":"product_tag","embeddable":true,"href":"https:\/\/emotionguitars.com\/en\/wp-json\/wp\/v2\/product_tag?post=4792"}],"curies":[{"name":"wp","href":"https:\/\/api.w.org\/{rel}","templated":true}]}}