{"id":4799,"date":"2024-01-31T22:20:50","date_gmt":"2024-01-31T15:20:50","guid":{"rendered":"https:\/\/emotionguitars.com\/?post_type=product&#038;p=4799"},"modified":"2025-04-29T23:31:51","modified_gmt":"2025-04-29T16:31:51","slug":"andrea-tacchi-2018-guitar","status":"publish","type":"product","link":"https:\/\/emotionguitars.com\/en\/product\/andrea-tacchi-2018-guitar\/","title":{"rendered":"Andrea Tacchi &#8211; 2018 (Excellent)"},"content":{"rendered":"<p>Andrea Tacchi (1956) l\u00e0 ngh\u1ec7 nh\u00e2n n\u1ed5i ti\u1ebfng b\u1eadc nh\u1ea5t kh\u00f4ng ch\u1ec9 t\u1ea1i \u00dd m\u00e0 c\u00f2n to\u00e0n ch\u00e2u \u00c2u. T\u1eebng l\u00e0 h\u1ecdc tr\u00f2 c\u1ee7a 2 ngh\u1ec7 nh\u00e2n Huy\u1ec1n tho\u1ea1i R. Boucher v\u00e0 Daniel Friedrich. Tacchi \u0111\u00e3 t\u1ea1o ra nh\u1eefng c\u00e2y \u0111\u00e0n c\u00f3 t\u1ea7m \u1ea3nh h\u01b0\u1edfng m\u1ea1nh v\u00e0 lan t\u1ecfa m\u1ebd tr\u00ean th\u1ebf gi\u1edbi. N\u1ebfu mu\u1ed1n c\u00f3 m\u1ed9t Tacchi new, m\u1ed7i ng\u01b0\u1eddi s\u1ebd c\u1ea7n \u0111\u1ee3i t\u1eeb 12-15 n\u0103m k\u1ec3 t\u1eeb l\u00fac order t\u1eeb Tacchi.<br \/>\nC\u00e2y \u0111\u00e0n trong show room Emotion guitar l\u00e0 m\u1ed9t t\u00e1c ph\u1ea9m ngh\u1ec7 thu\u1eadt v\u00f4 gi\u00e1 v\u1edbi model Boucher \u0111\u1ec3 t\u01b0\u1edfng nh\u1edb ng\u01b0\u1eddi th\u1ea7y v\u0129 \u0111\u1ea1i c\u1ee7a Tacchi. V\u0169 Hi\u1ec3n c\u00f3 m\u1ed1i quan h\u1ec7 quen bi\u1ebft v\u1edbi luthier Tacchi v\u00e0 th\u01b0\u1eddng xuy\u00ean nh\u1eafn tin trao \u0111\u1ed5i, c\u00e2y \u0111\u00e0n n\u00e0y \u0111\u00e3 \u0111\u01b0\u1ee3c Tacchi thu \u00e2m gi\u1ecdng n\u00f3i v\u00e0 nh\u1eafc \u0111\u1ebfn v\u1edbi nh\u1eefng l\u1eddi l\u1ebd r\u1ea5t t\u1ed1t \u0111\u1eb9p, m\u1ed9t ni\u1ec1m vinh d\u1ef1 l\u1edbn lao v\u1edbi Emotion guitar!<\/p>\n<p>\u2022 Th\u00f4ng s\u1ed1 \u0111\u00e0n:<br \/>\nTop: Spruce<br \/>\nBack, side: Brazil rose wood<br \/>\nScale: 650mm, 51mm<br \/>\nS\u01a1n Cellad<\/p>","protected":false},"excerpt":{"rendered":"<p>Andrea Tacchi (1956) l\u00e0 ngh\u1ec7 nh\u00e2n n\u1ed5i ti\u1ebfng b\u1eadc nh\u1ea5t kh\u00f4ng ch\u1ec9 t\u1ea1i \u00dd m\u00e0 c\u00f2n to\u00e0n ch\u00e2u \u00c2u. T\u1eebng l\u00e0 h\u1ecdc tr\u00f2 c\u1ee7a 2 ngh\u1ec7 nh\u00e2n Huy\u1ec1n tho\u1ea1i R. Boucher v\u00e0 Daniel Friedrich. Tacchi \u0111\u00e3 t\u1ea1o ra nh\u1eefng c\u00e2y \u0111\u00e0n c\u00f3 t\u1ea7m \u1ea3nh h\u01b0\u1edfng m\u1ea1nh v\u00e0 lan t\u1ecfa m\u1ebd tr\u00ean th\u1ebf gi\u1edbi. N\u1ebfu mu\u1ed1n&#8230;<\/p>","protected":false},"featured_media":4825,"template":"","meta":[],"product_cat":[533,20,213],"product_tag":[],"class_list":["post-4799","product","type-product","status-publish","has-post-thumbnail","hentry","product_cat-luxury","product_cat-dan-guitar","product_cat-dan-cao-cap"],"_links":{"self":[{"href":"https:\/\/emotionguitars.com\/en\/wp-json\/wp\/v2\/product\/4799","targetHints":{"allow":["GET"]}}],"collection":[{"href":"https:\/\/emotionguitars.com\/en\/wp-json\/wp\/v2\/product"}],"about":[{"href":"https:\/\/emotionguitars.com\/en\/wp-json\/wp\/v2\/types\/product"}],"wp:featuredmedia":[{"embeddable":true,"href":"https:\/\/emotionguitars.com\/en\/wp-json\/wp\/v2\/media\/4825"}],"wp:attachment":[{"href":"https:\/\/emotionguitars.com\/en\/wp-json\/wp\/v2\/media?parent=4799"}],"wp:term":[{"taxonomy":"product_cat","embeddable":true,"href":"https:\/\/emotionguitars.com\/en\/wp-json\/wp\/v2\/product_cat?post=4799"},{"taxonomy":"product_tag","embeddable":true,"href":"https:\/\/emotionguitars.com\/en\/wp-json\/wp\/v2\/product_tag?post=4799"}],"curies":[{"name":"wp","href":"https:\/\/api.w.org\/{rel}","templated":true}]}}