{"id":4806,"date":"2024-01-31T23:12:26","date_gmt":"2024-01-31T16:12:26","guid":{"rendered":"https:\/\/emotionguitars.com\/?post_type=product&#038;p=4806"},"modified":"2025-04-29T23:32:17","modified_gmt":"2025-04-29T16:32:17","slug":"antonio-picado-c1-2023-brand-new","status":"publish","type":"product","link":"https:\/\/emotionguitars.com\/en\/product\/antonio-picado-c1-2023-brand-new\/","title":{"rendered":"Antonio Picado C1 &#8211; 2023 (brand new)"},"content":{"rendered":"<p>C\u00e2y \u0111\u00e0n c\u00f3 ngo\u00e0i h\u00ecnh nh\u00e3 nh\u1eb5n nh\u01b0ng v\u1eabn ph\u1ea3ng ph\u1ea5t n\u00e9t hi\u1ec7n \u0111\u1ea1i, s\u1ef1 n\u00f3ng b\u1ecfng \u0111\u1ebfn t\u1eeb x\u1ee9 s\u1edf \u0111\u1ea5u b\u00f2 t\u00f3t. B\u1ed9 g\u1ed7 Brazil qu\u00fd l\u00e0m c\u00e2y \u0111\u00e0n t\u0103ng th\u00eam ph\u1ea7n gi\u00e1 tr\u1ecb. \u00c2m thanh m\u1ea1nh m\u1ebd v\u00e0 tinh t\u1ebf c\u0169ng l\u00e0 \u0111\u1eb7c \u0111i\u1ec3m n\u1ed5i b\u1eadt c\u1ee7a Picado C1 &#8211; Top model c\u1ee7a h\u00e3ng Picado v\u00f9ng Barcelona.<\/p>","protected":false},"excerpt":{"rendered":"<p>C\u00e2y \u0111\u00e0n c\u00f3 ngo\u00e0i h\u00ecnh nh\u00e3 nh\u1eb5n nh\u01b0ng v\u1eabn ph\u1ea3ng ph\u1ea5t n\u00e9t hi\u1ec7n \u0111\u1ea1i, s\u1ef1 n\u00f3ng b\u1ecfng \u0111\u1ebfn t\u1eeb x\u1ee9 s\u1edf \u0111\u1ea5u b\u00f2 t\u00f3t. B\u1ed9 g\u1ed7 Brazil qu\u00fd l\u00e0m c\u00e2y \u0111\u00e0n t\u0103ng th\u00eam ph\u1ea7n gi\u00e1 tr\u1ecb. \u00c2m thanh m\u1ea1nh m\u1ebd v\u00e0 tinh t\u1ebf c\u0169ng l\u00e0 \u0111\u1eb7c \u0111i\u1ec3m n\u1ed5i b\u1eadt c\u1ee7a Picado C1 &#8211; Top model&#8230;<\/p>","protected":false},"featured_media":4807,"template":"","meta":[],"product_cat":[20,84,213],"product_tag":[],"class_list":["post-4806","product","type-product","status-publish","has-post-thumbnail","hentry","product_cat-dan-guitar","product_cat-picado","product_cat-dan-cao-cap"],"_links":{"self":[{"href":"https:\/\/emotionguitars.com\/en\/wp-json\/wp\/v2\/product\/4806","targetHints":{"allow":["GET"]}}],"collection":[{"href":"https:\/\/emotionguitars.com\/en\/wp-json\/wp\/v2\/product"}],"about":[{"href":"https:\/\/emotionguitars.com\/en\/wp-json\/wp\/v2\/types\/product"}],"wp:featuredmedia":[{"embeddable":true,"href":"https:\/\/emotionguitars.com\/en\/wp-json\/wp\/v2\/media\/4807"}],"wp:attachment":[{"href":"https:\/\/emotionguitars.com\/en\/wp-json\/wp\/v2\/media?parent=4806"}],"wp:term":[{"taxonomy":"product_cat","embeddable":true,"href":"https:\/\/emotionguitars.com\/en\/wp-json\/wp\/v2\/product_cat?post=4806"},{"taxonomy":"product_tag","embeddable":true,"href":"https:\/\/emotionguitars.com\/en\/wp-json\/wp\/v2\/product_tag?post=4806"}],"curies":[{"name":"wp","href":"https:\/\/api.w.org\/{rel}","templated":true}]}}