{"id":4815,"date":"2024-02-01T12:19:01","date_gmt":"2024-02-01T05:19:01","guid":{"rendered":"https:\/\/emotionguitars.com\/?post_type=product&#038;p=4815"},"modified":"2025-04-29T23:25:41","modified_gmt":"2025-04-29T16:25:41","slug":"jose-ramirez-1a-2022-brand-new","status":"publish","type":"product","link":"https:\/\/emotionguitars.com\/en\/product\/jose-ramirez-1a-2022-brand-new\/","title":{"rendered":"Jose Ramirez 1a &#8211; 2022 (brand new)"},"content":{"rendered":"<p>C\u00e2y \u0111\u00e0n v\u1edbi v\u1ebb \u0111\u1eb9p v\u00e0 thi\u1ebft k\u1ebf truy\u1ec1n th\u1ed1ng c\u00f9ng v\u1edbi \u00e2m thanh s\u1ed1ng \u0111\u1ed9ng, s\u00e1ng v\u00e0 m\u1ea1nh m\u1ebd h\u01a1n so v\u1edbi c\u00e1c c\u00e2y \u0111\u00e0n t\u1eeb tr\u01b0\u1edbc nh\u1eefng n\u0103m 1990, t\u1ea5t nhi\u00ean m\u1ed7i th\u1eddi k\u1ef3 s\u1ebd c\u00f3 v\u1ebb \u0111\u1eb9p v\u00e0 h\u01a1i h\u01b0\u1edbng \u0111\u1eb7c tr\u01b0ng c\u1ee7a m\u1ed7i th\u1eddi k\u1ef3 \u0111\u00f3.<\/p>\n<p>\u2022 Th\u00f4ng s\u1ed1 \u0111\u00e0n:<br \/>\nTop: Cedaz<br \/>\nBack, double side: India rosewood<br \/>\nScale, nut: 650mm, 52mm<br \/>\nCase h\u00e3ng.<\/p>","protected":false},"excerpt":{"rendered":"<p>C\u00e2y \u0111\u00e0n v\u1edbi v\u1ebb \u0111\u1eb9p v\u00e0 thi\u1ebft k\u1ebf truy\u1ec1n th\u1ed1ng c\u00f9ng v\u1edbi \u00e2m thanh s\u1ed1ng \u0111\u1ed9ng, s\u00e1ng v\u00e0 m\u1ea1nh m\u1ebd h\u01a1n so v\u1edbi c\u00e1c c\u00e2y \u0111\u00e0n t\u1eeb tr\u01b0\u1edbc nh\u1eefng n\u0103m 1990, t\u1ea5t nhi\u00ean m\u1ed7i th\u1eddi k\u1ef3 s\u1ebd c\u00f3 v\u1ebb \u0111\u1eb9p v\u00e0 h\u01a1i h\u01b0\u1edbng \u0111\u1eb7c tr\u01b0ng c\u1ee7a m\u1ed7i th\u1eddi k\u1ef3 \u0111\u00f3. \u2022 Th\u00f4ng s\u1ed1 \u0111\u00e0n: Top:&#8230;<\/p>","protected":false},"featured_media":4816,"template":"","meta":[],"product_cat":[533,20,28,213],"product_tag":[],"class_list":["post-4815","product","type-product","status-publish","has-post-thumbnail","hentry","product_cat-luxury","product_cat-dan-guitar","product_cat-ramirez-guitar","product_cat-dan-cao-cap"],"_links":{"self":[{"href":"https:\/\/emotionguitars.com\/en\/wp-json\/wp\/v2\/product\/4815","targetHints":{"allow":["GET"]}}],"collection":[{"href":"https:\/\/emotionguitars.com\/en\/wp-json\/wp\/v2\/product"}],"about":[{"href":"https:\/\/emotionguitars.com\/en\/wp-json\/wp\/v2\/types\/product"}],"wp:featuredmedia":[{"embeddable":true,"href":"https:\/\/emotionguitars.com\/en\/wp-json\/wp\/v2\/media\/4816"}],"wp:attachment":[{"href":"https:\/\/emotionguitars.com\/en\/wp-json\/wp\/v2\/media?parent=4815"}],"wp:term":[{"taxonomy":"product_cat","embeddable":true,"href":"https:\/\/emotionguitars.com\/en\/wp-json\/wp\/v2\/product_cat?post=4815"},{"taxonomy":"product_tag","embeddable":true,"href":"https:\/\/emotionguitars.com\/en\/wp-json\/wp\/v2\/product_tag?post=4815"}],"curies":[{"name":"wp","href":"https:\/\/api.w.org\/{rel}","templated":true}]}}