{"id":4847,"date":"2024-03-02T12:48:28","date_gmt":"2024-03-02T05:48:28","guid":{"rendered":"https:\/\/emotionguitars.com\/?post_type=product&#038;p=4847"},"modified":"2025-04-29T23:48:45","modified_gmt":"2025-04-29T16:48:45","slug":"sakurai-pc-j-2024-brand-new","status":"publish","type":"product","link":"https:\/\/emotionguitars.com\/en\/product\/sakurai-pc-j-2024-brand-new\/","title":{"rendered":"Sakurai PC J &#8211; 2024 (brand new)"},"content":{"rendered":"<p>C\u00e2y \u0111\u00e0n \u0111\u01b0\u1ee3c l\u00e0m thi\u1ebft k\u1ebf \u0111\u1eb7c bi\u1ec7t v\u1edbi Top spruce 5A v\u00e0 b\u1ed9 g\u1ed7 Brazil 300 n\u0103m tu\u1ed5i r\u1ea5t gi\u00e0.<br \/>\n\u0110\u00e2y l\u00e0 c\u00e2y \u0111\u00e0n c\u00f3 \u00e2m thanh r\u1ea5t truy\u1ec1n th\u1ed1ng v\u00e0 s\u00e2u s\u1eafc, ngo\u00e0i ra gi\u00e1 tr\u1ecb s\u01b0u t\u1ea7m c\u0169ng r\u1ea5t cao do ngh\u1ec7 nh\u00e2n Sakurai \u0111\u00e3 ngo\u00e0i 80 tu\u1ed5i v\u00e0 \u00f4ng r\u1ea5t \u01b0u \u00e1i \u0111\u1ec3 l\u00e0m nh\u1eefng c\u00e2y \u0111\u00e0n tr\u01b0\u1edbc khi ngh\u1ec9 h\u01b0u n\u00e0y.<br \/>\nM\u1ed9t c\u00e2y \u0111\u00e0n m\u1edbi \u0111\u1eadp h\u1ed9p nh\u01b0ng l\u1ea1i c\u00f3 gi\u00e1 tr\u1ecb s\u01b0u t\u1ea7m v\u00e0 s\u1eed d\u1ee5ng r\u1ea5t cao.<\/p>\n<p>\u2022 Th\u00f4ng s\u1ed1 \u0111\u00e0n:<br \/>\nTop: Spruce 5A +<br \/>\nBack, side: Brazil rose wood 300 year old<br \/>\nScale, nut: 650mm, 52mm<br \/>\nK\u00e8m case Nh\u1eadt v\u00e0 d\u00e2y Savarez 510mrp<\/p>\n<p><iframe loading=\"lazy\" title=\"So s\u00e1nh guitar Ahambra Vilaplana NT v\u00e0 Masaki Sakurai PC g\u1ed7 Brazil 300 n\u0103m\" width=\"1020\" height=\"574\" src=\"https:\/\/www.youtube.com\/embed\/P_R5MXM2EO8?feature=oembed\" frameborder=\"0\" allow=\"accelerometer; autoplay; clipboard-write; encrypted-media; gyroscope; picture-in-picture; web-share\" referrerpolicy=\"strict-origin-when-cross-origin\" allowfullscreen><\/iframe><\/p>","protected":false},"excerpt":{"rendered":"<p>C\u00e2y \u0111\u00e0n \u0111\u01b0\u1ee3c l\u00e0m thi\u1ebft k\u1ebf \u0111\u1eb7c bi\u1ec7t v\u1edbi Top spruce 5A v\u00e0 b\u1ed9 g\u1ed7 Brazil 300 n\u0103m tu\u1ed5i r\u1ea5t gi\u00e0. \u0110\u00e2y l\u00e0 c\u00e2y \u0111\u00e0n c\u00f3 \u00e2m thanh r\u1ea5t truy\u1ec1n th\u1ed1ng v\u00e0 s\u00e2u s\u1eafc, ngo\u00e0i ra gi\u00e1 tr\u1ecb s\u01b0u t\u1ea7m c\u0169ng r\u1ea5t cao do ngh\u1ec7 nh\u00e2n Sakurai \u0111\u00e3 ngo\u00e0i 80 tu\u1ed5i v\u00e0 \u00f4ng r\u1ea5t \u01b0u&#8230;<\/p>","protected":false},"featured_media":4848,"template":"","meta":[],"product_cat":[533,20,25,213],"product_tag":[608,72,715],"class_list":["post-4847","product","type-product","status-publish","has-post-thumbnail","hentry","product_cat-luxury","product_cat-dan-guitar","product_cat-sakurai-kohno","product_cat-dan-cao-cap","product_tag-ban-dan-guitar-cao-cap","product_tag-emotion-guitar","product_tag-sakurai-pc-j"],"_links":{"self":[{"href":"https:\/\/emotionguitars.com\/en\/wp-json\/wp\/v2\/product\/4847","targetHints":{"allow":["GET"]}}],"collection":[{"href":"https:\/\/emotionguitars.com\/en\/wp-json\/wp\/v2\/product"}],"about":[{"href":"https:\/\/emotionguitars.com\/en\/wp-json\/wp\/v2\/types\/product"}],"wp:featuredmedia":[{"embeddable":true,"href":"https:\/\/emotionguitars.com\/en\/wp-json\/wp\/v2\/media\/4848"}],"wp:attachment":[{"href":"https:\/\/emotionguitars.com\/en\/wp-json\/wp\/v2\/media?parent=4847"}],"wp:term":[{"taxonomy":"product_cat","embeddable":true,"href":"https:\/\/emotionguitars.com\/en\/wp-json\/wp\/v2\/product_cat?post=4847"},{"taxonomy":"product_tag","embeddable":true,"href":"https:\/\/emotionguitars.com\/en\/wp-json\/wp\/v2\/product_tag?post=4847"}],"curies":[{"name":"wp","href":"https:\/\/api.w.org\/{rel}","templated":true}]}}