{"id":4864,"date":"2024-03-09T23:20:23","date_gmt":"2024-03-09T16:20:23","guid":{"rendered":"https:\/\/emotionguitars.com\/?post_type=product&#038;p=4864"},"modified":"2025-04-29T23:27:28","modified_gmt":"2025-04-29T16:27:28","slug":"juan-hernandez-maestro-2024-brand-new","status":"publish","type":"product","link":"https:\/\/emotionguitars.com\/en\/product\/juan-hernandez-maestro-2024-brand-new\/","title":{"rendered":"Juan Hernandez Maestro &#8211; 2024 (brand new)"},"content":{"rendered":"<p>C\u00e2y \u0111\u00e0n c\u00f3 \u00e2m thanh r\u1ea5t \u1ea5n t\u01b0\u1ee3ng, m\u1ea1nh m\u1ebd v\u00e0 m\u1ed9t d\u1ea3i t\u1ea7n r\u1ed9ng, \u0111\u1ed9 s\u00e2u \u0111\u00e1ng kinh ng\u1ea1c.<\/p>\n<p>Top: Cedaz<br \/>\nBack, side: Cocobolo<br \/>\nScale, nut: 650mm, 51mm<\/p>","protected":false},"excerpt":{"rendered":"<p>C\u00e2y \u0111\u00e0n c\u00f3 \u00e2m thanh r\u1ea5t \u1ea5n t\u01b0\u1ee3ng, m\u1ea1nh m\u1ebd v\u00e0 m\u1ed9t d\u1ea3i t\u1ea7n r\u1ed9ng, \u0111\u1ed9 s\u00e2u \u0111\u00e1ng kinh ng\u1ea1c. Top: Cedaz Back, side: Cocobolo Scale, nut: 650mm, 51mm<\/p>","protected":false},"featured_media":4865,"template":"","meta":[],"product_cat":[540,20,213],"product_tag":[716],"class_list":["post-4864","product","type-product","status-publish","has-post-thumbnail","hentry","product_cat-juan-hernandez","product_cat-dan-guitar","product_cat-dan-cao-cap","product_tag-hernandez-maestro-guitar"],"_links":{"self":[{"href":"https:\/\/emotionguitars.com\/en\/wp-json\/wp\/v2\/product\/4864","targetHints":{"allow":["GET"]}}],"collection":[{"href":"https:\/\/emotionguitars.com\/en\/wp-json\/wp\/v2\/product"}],"about":[{"href":"https:\/\/emotionguitars.com\/en\/wp-json\/wp\/v2\/types\/product"}],"wp:featuredmedia":[{"embeddable":true,"href":"https:\/\/emotionguitars.com\/en\/wp-json\/wp\/v2\/media\/4865"}],"wp:attachment":[{"href":"https:\/\/emotionguitars.com\/en\/wp-json\/wp\/v2\/media?parent=4864"}],"wp:term":[{"taxonomy":"product_cat","embeddable":true,"href":"https:\/\/emotionguitars.com\/en\/wp-json\/wp\/v2\/product_cat?post=4864"},{"taxonomy":"product_tag","embeddable":true,"href":"https:\/\/emotionguitars.com\/en\/wp-json\/wp\/v2\/product_tag?post=4864"}],"curies":[{"name":"wp","href":"https:\/\/api.w.org\/{rel}","templated":true}]}}