{"id":4875,"date":"2024-03-09T23:25:50","date_gmt":"2024-03-09T16:25:50","guid":{"rendered":"https:\/\/emotionguitars.com\/?post_type=product&#038;p=4875"},"modified":"2025-04-29T23:40:16","modified_gmt":"2025-04-29T16:40:16","slug":"esteve-anivesario-2024-brand-new","status":"publish","type":"product","link":"https:\/\/emotionguitars.com\/en\/product\/esteve-anivesario-2024-brand-new\/","title":{"rendered":"Esteve Anivesario &#8211; 2024 (brand new)"},"content":{"rendered":"<p>C\u00e2y \u0111\u00e0n l\u00e0m k\u1ef7 ni\u1ec7m cho Esteve v\u1edbi s\u1ed1 l\u01b0\u1ee3ng h\u1ea1n ch\u1ebf do ngh\u1ec7 nh\u00e2n Manuel Adalid th\u1ef1c hi\u1ec7n. V\u1edbi ch\u1ea5t l\u01b0\u1ee3ng g\u1ed7 r\u1ea5t cao c\u00f9ng k\u1ef9 thu\u1eadt \u0111\u00f3ng th\u01b0\u1ee3ng th\u1eeba, \u0111\u00e2y l\u00e0 c\u00e2y \u0111\u00e0n c\u00f3 \u00e2m thanh r\u1ea5t \u0111\u1eb7c bi\u1ec7t. \u00c2m thanh trong v\u1eaft v\u00e0 n\u1ed3ng \u1ea5m ch\u00ednh l\u00e0 \u0111i\u1ec3m c\u1ed9ng c\u1ee7a model n\u00e0y.<\/p>\n<p>Top: Cedaz<br \/>\nBack, side: Cocobolo<br \/>\nScale, nut: 650mm, 51mm<\/p>","protected":false},"excerpt":{"rendered":"<p>C\u00e2y \u0111\u00e0n l\u00e0m k\u1ef7 ni\u1ec7m cho Esteve v\u1edbi s\u1ed1 l\u01b0\u1ee3ng h\u1ea1n ch\u1ebf do ngh\u1ec7 nh\u00e2n Manuel Adalid th\u1ef1c hi\u1ec7n. V\u1edbi ch\u1ea5t l\u01b0\u1ee3ng g\u1ed7 r\u1ea5t cao c\u00f9ng k\u1ef9 thu\u1eadt \u0111\u00f3ng th\u01b0\u1ee3ng th\u1eeba, \u0111\u00e2y l\u00e0 c\u00e2y \u0111\u00e0n c\u00f3 \u00e2m thanh r\u1ea5t \u0111\u1eb7c bi\u1ec7t. \u00c2m thanh trong v\u1eaft v\u00e0 n\u1ed3ng \u1ea5m ch\u00ednh l\u00e0 \u0111i\u1ec3m c\u1ed9ng c\u1ee7a model n\u00e0y&#8230;.<\/p>","protected":false},"featured_media":4876,"template":"","meta":[],"product_cat":[541,20,213],"product_tag":[],"class_list":["post-4875","product","type-product","status-publish","has-post-thumbnail","hentry","product_cat-esteve-adalid-guitar","product_cat-dan-guitar","product_cat-dan-cao-cap"],"_links":{"self":[{"href":"https:\/\/emotionguitars.com\/en\/wp-json\/wp\/v2\/product\/4875","targetHints":{"allow":["GET"]}}],"collection":[{"href":"https:\/\/emotionguitars.com\/en\/wp-json\/wp\/v2\/product"}],"about":[{"href":"https:\/\/emotionguitars.com\/en\/wp-json\/wp\/v2\/types\/product"}],"wp:featuredmedia":[{"embeddable":true,"href":"https:\/\/emotionguitars.com\/en\/wp-json\/wp\/v2\/media\/4876"}],"wp:attachment":[{"href":"https:\/\/emotionguitars.com\/en\/wp-json\/wp\/v2\/media?parent=4875"}],"wp:term":[{"taxonomy":"product_cat","embeddable":true,"href":"https:\/\/emotionguitars.com\/en\/wp-json\/wp\/v2\/product_cat?post=4875"},{"taxonomy":"product_tag","embeddable":true,"href":"https:\/\/emotionguitars.com\/en\/wp-json\/wp\/v2\/product_tag?post=4875"}],"curies":[{"name":"wp","href":"https:\/\/api.w.org\/{rel}","templated":true}]}}