{"id":4885,"date":"2024-03-09T23:29:40","date_gmt":"2024-03-09T16:29:40","guid":{"rendered":"https:\/\/emotionguitars.com\/?post_type=product&#038;p=4885"},"modified":"2025-04-29T23:41:29","modified_gmt":"2025-04-29T16:41:29","slug":"esteve-7-ce-2024-brand-new","status":"publish","type":"product","link":"https:\/\/emotionguitars.com\/en\/product\/esteve-7-ce-2024-brand-new\/","title":{"rendered":"Esteve 7 CE &#8211; 2024 (brand new)"},"content":{"rendered":"<p>C\u00e2y \u0111\u00e0n v\u1edbi \u00e2m thanh m\u1ed9c r\u1ea5t m\u1ea1nh m\u1ebd v\u00e0 \u0111\u1eadm m\u00e0u \u00e2m n\u1ed3ng \u1ea5m c\u1ee7a x\u1ee9 s\u1edf b\u00f2 t\u00f3t, b\u00ean c\u1ea1nh \u0111\u00f3 l\u00e0 h\u1ec7 th\u1ed1ng khu\u1ebfch \u0111\u1ea1i \u00e2m thanh v\u1edbi b\u1ed9 ch\u1ec9nh \u00e2m cao c\u1ea5p h\u00e0ng \u0111\u1ea7u c\u1ee7a Fishman. C\u00f3 th\u1ec3 n\u00f3i, \u0111\u00e2y l\u00e0 c\u00e2y \u0111\u00e0n Semi Classic Cut r\u1ea5t \u1ea5n t\u01b0\u1ee3ng.<\/p>","protected":false},"excerpt":{"rendered":"<p>C\u00e2y \u0111\u00e0n v\u1edbi \u00e2m thanh m\u1ed9c r\u1ea5t m\u1ea1nh m\u1ebd v\u00e0 \u0111\u1eadm m\u00e0u \u00e2m n\u1ed3ng \u1ea5m c\u1ee7a x\u1ee9 s\u1edf b\u00f2 t\u00f3t, b\u00ean c\u1ea1nh \u0111\u00f3 l\u00e0 h\u1ec7 th\u1ed1ng khu\u1ebfch \u0111\u1ea1i \u00e2m thanh v\u1edbi b\u1ed9 ch\u1ec9nh \u00e2m cao c\u1ea5p h\u00e0ng \u0111\u1ea7u c\u1ee7a Fishman. C\u00f3 th\u1ec3 n\u00f3i, \u0111\u00e2y l\u00e0 c\u00e2y \u0111\u00e0n Semi Classic Cut r\u1ea5t \u1ea5n t\u01b0\u1ee3ng.<\/p>","protected":false},"featured_media":4886,"template":"","meta":[],"product_cat":[541,20,213],"product_tag":[],"class_list":["post-4885","product","type-product","status-publish","has-post-thumbnail","hentry","product_cat-esteve-adalid-guitar","product_cat-dan-guitar","product_cat-dan-cao-cap"],"_links":{"self":[{"href":"https:\/\/emotionguitars.com\/en\/wp-json\/wp\/v2\/product\/4885","targetHints":{"allow":["GET"]}}],"collection":[{"href":"https:\/\/emotionguitars.com\/en\/wp-json\/wp\/v2\/product"}],"about":[{"href":"https:\/\/emotionguitars.com\/en\/wp-json\/wp\/v2\/types\/product"}],"wp:featuredmedia":[{"embeddable":true,"href":"https:\/\/emotionguitars.com\/en\/wp-json\/wp\/v2\/media\/4886"}],"wp:attachment":[{"href":"https:\/\/emotionguitars.com\/en\/wp-json\/wp\/v2\/media?parent=4885"}],"wp:term":[{"taxonomy":"product_cat","embeddable":true,"href":"https:\/\/emotionguitars.com\/en\/wp-json\/wp\/v2\/product_cat?post=4885"},{"taxonomy":"product_tag","embeddable":true,"href":"https:\/\/emotionguitars.com\/en\/wp-json\/wp\/v2\/product_tag?post=4885"}],"curies":[{"name":"wp","href":"https:\/\/api.w.org\/{rel}","templated":true}]}}