{"id":4894,"date":"2024-03-15T19:40:48","date_gmt":"2024-03-15T12:40:48","guid":{"rendered":"https:\/\/emotionguitars.com\/?post_type=product&#038;p=4894"},"modified":"2025-04-29T23:45:50","modified_gmt":"2025-04-29T16:45:50","slug":"matsuoka-no-80-special-1974-very-good","status":"publish","type":"product","link":"https:\/\/emotionguitars.com\/en\/product\/matsuoka-no-80-special-1974-very-good\/","title":{"rendered":"Matsuoka no.80 Special &#8211; 1974 (very good)"},"content":{"rendered":"<p>Matsuoka no.80 tem n\u00e2u 2 ch\u1ec9 c\u1ea7n trong nh\u1eefng n\u0103m 7x th\u1ef1c s\u1ef1 r\u1ea5t qu\u00fd hi\u1ebfm v\u00e0 \u0111\u01b0\u1ee3c \u01b0a chu\u1ed9ng. M\u1ed9t c\u00e2y \u0111\u00e0n g\u1eafn th\u00eam ch\u1eef \u201cspecial\u201d l\u1ea1i c\u00e0ng hi\u1ebfm, ngo\u00e0i ra l\u00e0 t\u00ecnh tr\u1ea1ng c\u1ee7a c\u00e2y \u0111\u00e0n v\u1eabn c\u00f2n r\u1ea5t t\u1ed1t. H\u1ea7u h\u1ebft c\u00e1c c\u00e2y \u0111\u00e0n no.80 c\u00f9ng th\u1eddi \u0111\u1ec1u \u0111\u00e3 \u1ed1 l\u01b0ng r\u1ea5t n\u1eb7ng, n\u1ee9t v\u00e0 nhi\u1ec1u v\u1ebft t\u00edch nh\u01b0ng c\u00e2y \u0111\u00e0n n\u00e0y v\u1eabn c\u00f2n r\u1ea5t \u0111\u1eb9p v\u00e0 nguy\u00ean b\u1ea3n 100%. C\u1ea7n \u0111\u00e0n th\u1eb3ng v\u00e0 action r\u1ea5t th\u1ea5p, d\u1ec5 ch\u01a1i.<br \/>\nM\u1ed9t c\u00e2y \u0111\u00e0n r\u1ea5t \u0111\u00e1ng \u0111\u1ec3 s\u01b0u t\u1ea7m v\u1edbi b\u1ed9 g\u1ed7 Brazil r\u1ea5t \u0111\u1eb9p.<\/p>\n<p>\u2022 Th\u00f4ng s\u1ed1 \u0111\u00e0n:<br \/>\nTop: spruce<br \/>\nBack, side: Brazil rose wood<br \/>\nScale, nut: 660mm, 52mm<\/p>","protected":false},"excerpt":{"rendered":"<p>Matsuoka no.80 tem n\u00e2u 2 ch\u1ec9 c\u1ea7n trong nh\u1eefng n\u0103m 7x th\u1ef1c s\u1ef1 r\u1ea5t qu\u00fd hi\u1ebfm v\u00e0 \u0111\u01b0\u1ee3c \u01b0a chu\u1ed9ng. M\u1ed9t c\u00e2y \u0111\u00e0n g\u1eafn th\u00eam ch\u1eef \u201cspecial\u201d l\u1ea1i c\u00e0ng hi\u1ebfm, ngo\u00e0i ra l\u00e0 t\u00ecnh tr\u1ea1ng c\u1ee7a c\u00e2y \u0111\u00e0n v\u1eabn c\u00f2n r\u1ea5t t\u1ed1t. H\u1ea7u h\u1ebft c\u00e1c c\u00e2y \u0111\u00e0n no.80 c\u00f9ng th\u1eddi \u0111\u1ec1u \u0111\u00e3 \u1ed1 l\u01b0ng r\u1ea5t&#8230;<\/p>","protected":false},"featured_media":4895,"template":"","meta":[],"product_cat":[533,20,213],"product_tag":[],"class_list":["post-4894","product","type-product","status-publish","has-post-thumbnail","hentry","product_cat-luxury","product_cat-dan-guitar","product_cat-dan-cao-cap"],"_links":{"self":[{"href":"https:\/\/emotionguitars.com\/en\/wp-json\/wp\/v2\/product\/4894","targetHints":{"allow":["GET"]}}],"collection":[{"href":"https:\/\/emotionguitars.com\/en\/wp-json\/wp\/v2\/product"}],"about":[{"href":"https:\/\/emotionguitars.com\/en\/wp-json\/wp\/v2\/types\/product"}],"wp:featuredmedia":[{"embeddable":true,"href":"https:\/\/emotionguitars.com\/en\/wp-json\/wp\/v2\/media\/4895"}],"wp:attachment":[{"href":"https:\/\/emotionguitars.com\/en\/wp-json\/wp\/v2\/media?parent=4894"}],"wp:term":[{"taxonomy":"product_cat","embeddable":true,"href":"https:\/\/emotionguitars.com\/en\/wp-json\/wp\/v2\/product_cat?post=4894"},{"taxonomy":"product_tag","embeddable":true,"href":"https:\/\/emotionguitars.com\/en\/wp-json\/wp\/v2\/product_tag?post=4894"}],"curies":[{"name":"wp","href":"https:\/\/api.w.org\/{rel}","templated":true}]}}