{"id":4902,"date":"2024-03-16T21:01:42","date_gmt":"2024-03-16T14:01:42","guid":{"rendered":"https:\/\/emotionguitars.com\/?post_type=product&#038;p=4902"},"modified":"2025-04-29T23:41:54","modified_gmt":"2025-04-29T16:41:54","slug":"esteve-11-2023-like-new","status":"publish","type":"product","link":"https:\/\/emotionguitars.com\/en\/product\/esteve-11-2023-like-new\/","title":{"rendered":"Esteve 11 &#8211; 2023 (like new)"},"content":{"rendered":"<p>C\u00e2y \u0111\u00e0n l\u00e0 s\u1ea3n ph\u1ea9m m\u1eabu t\u1ea1i show room.<br \/>\nV\u1edbi ngo\u1ea1i h\u00ecnh v\u00e0 \u00e2m thanh nh\u00e3 nh\u1eadn, n\u1ed3ng \u1ea5m, Esteve 11 l\u00e0 model r\u1ea5t \u1ea5n t\u01b0\u1ee3ng c\u1ee7a h\u00e3ng Esteve th\u1ee7 c\u00f4ng c\u1ee7a Valencia.<\/p>\n<p>\u2022 Th\u00f4ng s\u1ed1 \u0111\u00e0n:<br \/>\nTop: Cedaz<br \/>\nBack, side: India rose wood<br \/>\nScale, nut: 650mm, 51mm<br \/>\nK\u00e8m case h\u00e3ng t\u1ef1 s\u1ea3n xu\u1ea5t v\u00e0 d\u00e2y \u0111\u00e0n Savarez.<\/p>","protected":false},"excerpt":{"rendered":"<p>C\u00e2y \u0111\u00e0n l\u00e0 s\u1ea3n ph\u1ea9m m\u1eabu t\u1ea1i show room. V\u1edbi ngo\u1ea1i h\u00ecnh v\u00e0 \u00e2m thanh nh\u00e3 nh\u1eadn, n\u1ed3ng \u1ea5m, Esteve 11 l\u00e0 model r\u1ea5t \u1ea5n t\u01b0\u1ee3ng c\u1ee7a h\u00e3ng Esteve th\u1ee7 c\u00f4ng c\u1ee7a Valencia. \u2022 Th\u00f4ng s\u1ed1 \u0111\u00e0n: Top: Cedaz Back, side: India rose wood Scale, nut: 650mm, 51mm K\u00e8m case h\u00e3ng t\u1ef1 s\u1ea3n xu\u1ea5t v\u00e0&#8230;<\/p>","protected":false},"featured_media":4903,"template":"","meta":[],"product_cat":[541,20,213],"product_tag":[],"class_list":["post-4902","product","type-product","status-publish","has-post-thumbnail","hentry","product_cat-esteve-adalid-guitar","product_cat-dan-guitar","product_cat-dan-cao-cap"],"_links":{"self":[{"href":"https:\/\/emotionguitars.com\/en\/wp-json\/wp\/v2\/product\/4902","targetHints":{"allow":["GET"]}}],"collection":[{"href":"https:\/\/emotionguitars.com\/en\/wp-json\/wp\/v2\/product"}],"about":[{"href":"https:\/\/emotionguitars.com\/en\/wp-json\/wp\/v2\/types\/product"}],"wp:featuredmedia":[{"embeddable":true,"href":"https:\/\/emotionguitars.com\/en\/wp-json\/wp\/v2\/media\/4903"}],"wp:attachment":[{"href":"https:\/\/emotionguitars.com\/en\/wp-json\/wp\/v2\/media?parent=4902"}],"wp:term":[{"taxonomy":"product_cat","embeddable":true,"href":"https:\/\/emotionguitars.com\/en\/wp-json\/wp\/v2\/product_cat?post=4902"},{"taxonomy":"product_tag","embeddable":true,"href":"https:\/\/emotionguitars.com\/en\/wp-json\/wp\/v2\/product_tag?post=4902"}],"curies":[{"name":"wp","href":"https:\/\/api.w.org\/{rel}","templated":true}]}}