{"id":4916,"date":"2024-03-30T07:36:53","date_gmt":"2024-03-30T00:36:53","guid":{"rendered":"https:\/\/emotionguitars.com\/?post_type=product&#038;p=4916"},"modified":"2025-05-16T06:10:14","modified_gmt":"2025-05-15T23:10:14","slug":"masaru-kohno-no-30-1978-very-good","status":"publish","type":"product","link":"https:\/\/emotionguitars.com\/en\/product\/masaru-kohno-no-30-1978-very-good\/","title":{"rendered":"Masaru Kohno no.30 &#8211; 1978 (very good)"},"content":{"rendered":"<p>C\u00e2y \u0111\u00e0n \u201c\u00c1 h\u1eadu\u201d c\u1ee7a nh\u00e0 Kohno n\u0103m 1979 v\u1edbi b\u1ed9 g\u1ed7 Brazil huy\u1ec1n \u1ea3o v\u00e0 d\u00e1ng v\u1ebb nh\u00e3 nh\u1eadn kh\u00f4ng l\u00e0m th\u1eddi gian l\u00e0m mai m\u1ed9t. \u00c2m thanh trong v\u1eaft, tinh t\u1ebf, vang xa. \u0110\u00e2y l\u00e0 c\u00e2y \u0111\u00e0n r\u1ea5t qu\u00fd v\u00e0 c\u00f3 gi\u00e1 tr\u1ecb s\u01b0u t\u1ea7m c\u0169ng nh\u01b0 s\u1eed d\u1ee5ng cao.<\/p>\n<p>\u2022 Th\u00f4ng s\u1ed1 \u0111\u00e0n:<br \/>\nTop: spruce<br \/>\nBack, side: Brazil rose wood<br \/>\nScale, nut: 660mm, 52mm<\/p>","protected":false},"excerpt":{"rendered":"<p>C\u00e2y \u0111\u00e0n \u201c\u00c1 h\u1eadu\u201d c\u1ee7a nh\u00e0 Kohno n\u0103m 1979 v\u1edbi b\u1ed9 g\u1ed7 Brazil huy\u1ec1n \u1ea3o v\u00e0 d\u00e1ng v\u1ebb nh\u00e3 nh\u1eadn kh\u00f4ng l\u00e0m th\u1eddi gian l\u00e0m mai m\u1ed9t. \u00c2m thanh trong v\u1eaft, tinh t\u1ebf, vang xa. \u0110\u00e2y l\u00e0 c\u00e2y \u0111\u00e0n r\u1ea5t qu\u00fd v\u00e0 c\u00f3 gi\u00e1 tr\u1ecb s\u01b0u t\u1ea7m c\u0169ng nh\u01b0 s\u1eed d\u1ee5ng cao. \u2022 Th\u00f4ng s\u1ed1&#8230;<\/p>","protected":false},"featured_media":4917,"template":"","meta":[],"product_cat":[20,25,213],"product_tag":[179,717,120],"class_list":["post-4916","product","type-product","status-publish","has-post-thumbnail","hentry","product_cat-dan-guitar","product_cat-sakurai-kohno","product_cat-dan-cao-cap","product_tag-ban-dan-guitar","product_tag-kohno-1978","product_tag-kohno-30"],"_links":{"self":[{"href":"https:\/\/emotionguitars.com\/en\/wp-json\/wp\/v2\/product\/4916","targetHints":{"allow":["GET"]}}],"collection":[{"href":"https:\/\/emotionguitars.com\/en\/wp-json\/wp\/v2\/product"}],"about":[{"href":"https:\/\/emotionguitars.com\/en\/wp-json\/wp\/v2\/types\/product"}],"wp:featuredmedia":[{"embeddable":true,"href":"https:\/\/emotionguitars.com\/en\/wp-json\/wp\/v2\/media\/4917"}],"wp:attachment":[{"href":"https:\/\/emotionguitars.com\/en\/wp-json\/wp\/v2\/media?parent=4916"}],"wp:term":[{"taxonomy":"product_cat","embeddable":true,"href":"https:\/\/emotionguitars.com\/en\/wp-json\/wp\/v2\/product_cat?post=4916"},{"taxonomy":"product_tag","embeddable":true,"href":"https:\/\/emotionguitars.com\/en\/wp-json\/wp\/v2\/product_tag?post=4916"}],"curies":[{"name":"wp","href":"https:\/\/api.w.org\/{rel}","templated":true}]}}