{"id":4926,"date":"2024-03-30T08:04:33","date_gmt":"2024-03-30T01:04:33","guid":{"rendered":"https:\/\/emotionguitars.com\/?post_type=product&#038;p=4926"},"modified":"2025-04-30T00:00:40","modified_gmt":"2025-04-29T17:00:40","slug":"yamaha-g350-excellent","status":"publish","type":"product","link":"https:\/\/emotionguitars.com\/en\/product\/yamaha-g350-excellent\/","title":{"rendered":"Yamaha G350 (excellent)"},"content":{"rendered":"<p>C\u00e2y \u0111\u00e0n ph\u1ed5 th\u00f4ng d\u00f2ng s\u1ed1 \u0111\u1eddi c\u1ed5 cao nh\u1ea5t c\u1ee7a Yamaha. \u0110i\u1ec1u \u0111\u1eb7c bi\u1ec7t l\u00e0 c\u00e2y \u0111\u00e0n c\u00f2n r\u1ea5t \u0111\u1eb9p, \u00e2m thanh \u1ea5m, tr\u00f2n \u0111\u1ea7y.<br \/>\nTuy ch\u1ec9 l\u00e0 m\u1ed9t c\u00e2y \u0111\u00e0n ph\u1ed5 th\u00f4ng nh\u01b0ng r\u00f5 r\u00e0ng \u0111\u00e2y l\u00e0 m\u1ed9t c\u00e2y \u0111\u00e0n r\u1ea5t \u0111\u00e1ng s\u1edf h\u1eefu. Model \u0111\u00e0n Yamaha G350 trong t\u00ecnh tr\u1ea1ng \u0111\u1eb9p ho\u00e0n h\u1ea3o th\u1ebf n\u00e0y th\u1ef1c s\u1ef1 l\u00e0 r\u1ea5t hi\u1ebfm.<\/p>","protected":false},"excerpt":{"rendered":"<p>C\u00e2y \u0111\u00e0n ph\u1ed5 th\u00f4ng d\u00f2ng s\u1ed1 \u0111\u1eddi c\u1ed5 cao nh\u1ea5t c\u1ee7a Yamaha. \u0110i\u1ec1u \u0111\u1eb7c bi\u1ec7t l\u00e0 c\u00e2y \u0111\u00e0n c\u00f2n r\u1ea5t \u0111\u1eb9p, \u00e2m thanh \u1ea5m, tr\u00f2n \u0111\u1ea7y. Tuy ch\u1ec9 l\u00e0 m\u1ed9t c\u00e2y \u0111\u00e0n ph\u1ed5 th\u00f4ng nh\u01b0ng r\u00f5 r\u00e0ng \u0111\u00e2y l\u00e0 m\u1ed9t c\u00e2y \u0111\u00e0n r\u1ea5t \u0111\u00e1ng s\u1edf h\u1eefu. Model \u0111\u00e0n Yamaha G350 trong t\u00ecnh tr\u1ea1ng \u0111\u1eb9p ho\u00e0n&#8230;<\/p>","protected":false},"featured_media":4927,"template":"","meta":[],"product_cat":[20,23],"product_tag":[],"class_list":["post-4926","product","type-product","status-publish","has-post-thumbnail","hentry","product_cat-dan-guitar","product_cat-yamaha-guitar"],"_links":{"self":[{"href":"https:\/\/emotionguitars.com\/en\/wp-json\/wp\/v2\/product\/4926","targetHints":{"allow":["GET"]}}],"collection":[{"href":"https:\/\/emotionguitars.com\/en\/wp-json\/wp\/v2\/product"}],"about":[{"href":"https:\/\/emotionguitars.com\/en\/wp-json\/wp\/v2\/types\/product"}],"wp:featuredmedia":[{"embeddable":true,"href":"https:\/\/emotionguitars.com\/en\/wp-json\/wp\/v2\/media\/4927"}],"wp:attachment":[{"href":"https:\/\/emotionguitars.com\/en\/wp-json\/wp\/v2\/media?parent=4926"}],"wp:term":[{"taxonomy":"product_cat","embeddable":true,"href":"https:\/\/emotionguitars.com\/en\/wp-json\/wp\/v2\/product_cat?post=4926"},{"taxonomy":"product_tag","embeddable":true,"href":"https:\/\/emotionguitars.com\/en\/wp-json\/wp\/v2\/product_tag?post=4926"}],"curies":[{"name":"wp","href":"https:\/\/api.w.org\/{rel}","templated":true}]}}