{"id":4934,"date":"2024-03-30T08:10:17","date_gmt":"2024-03-30T01:10:17","guid":{"rendered":"https:\/\/emotionguitars.com\/?post_type=product&#038;p=4934"},"modified":"2025-04-29T23:30:56","modified_gmt":"2025-04-29T16:30:56","slug":"ahambra-line-profesional-2024-brand-new","status":"publish","type":"product","link":"https:\/\/emotionguitars.com\/en\/product\/ahambra-line-profesional-2024-brand-new\/","title":{"rendered":"Ahambra Line Profesional 2024 (brand new)"},"content":{"rendered":"<p>C\u00e2y \u0111\u00e0n cao c\u1ea5p c\u1ee7a Ahambra, \u0111\u01b0\u1ee3c s\u1ea3n xu\u1ea5t ho\u00e0n to\u00e0n th\u1ee7 c\u00f4ng v\u1edbi v\u1ebb \u0111\u1eb9p nh\u00e3 nh\u1eb7n v\u00e0 \u00e2m thanh n\u1ed3ng \u1ea5m, s\u1ed1ng \u0111\u1ed9ng.<\/p>\n<p>\u2022 Th\u00f4ng s\u1ed1 \u0111\u00e0n:<br \/>\nTop: Cedaz<br \/>\nBack, side: India rose wood<br \/>\nScale, nut: 650mm, 52mm<br \/>\nK\u00e8m case h\u00e3ng 250 usd v\u00e0 d\u00e2y Savarez<\/p>","protected":false},"excerpt":{"rendered":"<p>C\u00e2y \u0111\u00e0n cao c\u1ea5p c\u1ee7a Ahambra, \u0111\u01b0\u1ee3c s\u1ea3n xu\u1ea5t ho\u00e0n to\u00e0n th\u1ee7 c\u00f4ng v\u1edbi v\u1ebb \u0111\u1eb9p nh\u00e3 nh\u1eb7n v\u00e0 \u00e2m thanh n\u1ed3ng \u1ea5m, s\u1ed1ng \u0111\u1ed9ng. \u2022 Th\u00f4ng s\u1ed1 \u0111\u00e0n: Top: Cedaz Back, side: India rose wood Scale, nut: 650mm, 52mm K\u00e8m case h\u00e3ng 250 usd v\u00e0 d\u00e2y Savarez<\/p>","protected":false},"featured_media":4935,"template":"","meta":[],"product_cat":[20,213],"product_tag":[],"class_list":["post-4934","product","type-product","status-publish","has-post-thumbnail","hentry","product_cat-dan-guitar","product_cat-dan-cao-cap"],"_links":{"self":[{"href":"https:\/\/emotionguitars.com\/en\/wp-json\/wp\/v2\/product\/4934","targetHints":{"allow":["GET"]}}],"collection":[{"href":"https:\/\/emotionguitars.com\/en\/wp-json\/wp\/v2\/product"}],"about":[{"href":"https:\/\/emotionguitars.com\/en\/wp-json\/wp\/v2\/types\/product"}],"wp:featuredmedia":[{"embeddable":true,"href":"https:\/\/emotionguitars.com\/en\/wp-json\/wp\/v2\/media\/4935"}],"wp:attachment":[{"href":"https:\/\/emotionguitars.com\/en\/wp-json\/wp\/v2\/media?parent=4934"}],"wp:term":[{"taxonomy":"product_cat","embeddable":true,"href":"https:\/\/emotionguitars.com\/en\/wp-json\/wp\/v2\/product_cat?post=4934"},{"taxonomy":"product_tag","embeddable":true,"href":"https:\/\/emotionguitars.com\/en\/wp-json\/wp\/v2\/product_tag?post=4934"}],"curies":[{"name":"wp","href":"https:\/\/api.w.org\/{rel}","templated":true}]}}