{"id":4952,"date":"2024-03-31T22:37:44","date_gmt":"2024-03-31T15:37:44","guid":{"rendered":"https:\/\/emotionguitars.com\/?post_type=product&#038;p=4952"},"modified":"2025-04-29T23:29:51","modified_gmt":"2025-04-29T16:29:51","slug":"ahambra-5p-excellent","status":"publish","type":"product","link":"https:\/\/emotionguitars.com\/en\/product\/ahambra-5p-excellent\/","title":{"rendered":"Ahambra 5P (excellent)"},"content":{"rendered":"<p>C\u00e2y \u0111\u00e0n Ahambra s\u1ea3n xu\u1ea5t t\u1ea1i Spain v\u1edbi danh ti\u1ebfng l\u00e2u \u0111\u1eddi c\u1ee7a h\u00e3ng, Ahambra lu\u00f4n l\u00e0m chi\u1ec1u l\u00f2ng nh\u1eefng guitarist c\u1ea7n m\u1ed9t \u00e2m thanh n\u1ed3ng \u1ea5m, m\u1ea1nh m\u1ebd v\u00e0 h\u00f2a quy\u1ec7n.<br \/>\nC\u00e2y \u0111\u00e0n model 5p n\u00e0y \u0111\u01b0\u1ee3c s\u1ea3n xu\u1ea5t h\u01a1n 10 n\u0103m nh\u01b0ng \u0111\u1ed9 m\u1edbi v\u00e0 \u00e2m thanh r\u1ea5t \u1ea5n t\u01b0\u1ee3ng, \u00e2m thanh m\u1ea1nh v\u00e0 \u1ea5m \u00e1p.<\/p>","protected":false},"excerpt":{"rendered":"<p>C\u00e2y \u0111\u00e0n Ahambra s\u1ea3n xu\u1ea5t t\u1ea1i Spain v\u1edbi danh ti\u1ebfng l\u00e2u \u0111\u1eddi c\u1ee7a h\u00e3ng, Ahambra lu\u00f4n l\u00e0m chi\u1ec1u l\u00f2ng nh\u1eefng guitarist c\u1ea7n m\u1ed9t \u00e2m thanh n\u1ed3ng \u1ea5m, m\u1ea1nh m\u1ebd v\u00e0 h\u00f2a quy\u1ec7n. C\u00e2y \u0111\u00e0n model 5p n\u00e0y \u0111\u01b0\u1ee3c s\u1ea3n xu\u1ea5t h\u01a1n 10 n\u0103m nh\u01b0ng \u0111\u1ed9 m\u1edbi v\u00e0 \u00e2m thanh r\u1ea5t \u1ea5n t\u01b0\u1ee3ng, \u00e2m thanh m\u1ea1nh&#8230;<\/p>","protected":false},"featured_media":4972,"template":"","meta":[],"product_cat":[20],"product_tag":[],"class_list":["post-4952","product","type-product","status-publish","has-post-thumbnail","hentry","product_cat-dan-guitar"],"_links":{"self":[{"href":"https:\/\/emotionguitars.com\/en\/wp-json\/wp\/v2\/product\/4952","targetHints":{"allow":["GET"]}}],"collection":[{"href":"https:\/\/emotionguitars.com\/en\/wp-json\/wp\/v2\/product"}],"about":[{"href":"https:\/\/emotionguitars.com\/en\/wp-json\/wp\/v2\/types\/product"}],"wp:featuredmedia":[{"embeddable":true,"href":"https:\/\/emotionguitars.com\/en\/wp-json\/wp\/v2\/media\/4972"}],"wp:attachment":[{"href":"https:\/\/emotionguitars.com\/en\/wp-json\/wp\/v2\/media?parent=4952"}],"wp:term":[{"taxonomy":"product_cat","embeddable":true,"href":"https:\/\/emotionguitars.com\/en\/wp-json\/wp\/v2\/product_cat?post=4952"},{"taxonomy":"product_tag","embeddable":true,"href":"https:\/\/emotionguitars.com\/en\/wp-json\/wp\/v2\/product_tag?post=4952"}],"curies":[{"name":"wp","href":"https:\/\/api.w.org\/{rel}","templated":true}]}}