{"id":4953,"date":"2024-03-31T21:19:18","date_gmt":"2024-03-31T14:19:18","guid":{"rendered":"https:\/\/emotionguitars.com\/?post_type=product&#038;p=4953"},"modified":"2025-04-29T23:54:39","modified_gmt":"2025-04-29T16:54:39","slug":"morris-mc50-jacaranda-very-good","status":"publish","type":"product","link":"https:\/\/emotionguitars.com\/en\/product\/morris-mc50-jacaranda-very-good\/","title":{"rendered":"Morris Mc50 Jacaranda (very good)"},"content":{"rendered":"<p>C\u00e2y \u0111\u00e0n c\u1ed5 v\u1edbi nh\u1eefng h\u1ecda ti\u1ebft r\u1ea5t \u0111\u1eb9p c\u00f9ng b\u1ed9 g\u1ed7 Jacaranda r\u1ea5t \u0111\u1eb9p, \u00e2m thanh \u1ea5n t\u01b0\u1ee3ng trong t\u1ea7m d\u01b0\u1edbi 20 tri\u1ec7u.<\/p>","protected":false},"excerpt":{"rendered":"<p>C\u00e2y \u0111\u00e0n c\u1ed5 v\u1edbi nh\u1eefng h\u1ecda ti\u1ebft r\u1ea5t \u0111\u1eb9p c\u00f9ng b\u1ed9 g\u1ed7 Jacaranda r\u1ea5t \u0111\u1eb9p, \u00e2m thanh \u1ea5n t\u01b0\u1ee3ng trong t\u1ea7m d\u01b0\u1edbi 20 tri\u1ec7u.<\/p>","protected":false},"featured_media":4954,"template":"","meta":[],"product_cat":[20],"product_tag":[],"class_list":["post-4953","product","type-product","status-publish","has-post-thumbnail","hentry","product_cat-dan-guitar"],"_links":{"self":[{"href":"https:\/\/emotionguitars.com\/en\/wp-json\/wp\/v2\/product\/4953","targetHints":{"allow":["GET"]}}],"collection":[{"href":"https:\/\/emotionguitars.com\/en\/wp-json\/wp\/v2\/product"}],"about":[{"href":"https:\/\/emotionguitars.com\/en\/wp-json\/wp\/v2\/types\/product"}],"wp:featuredmedia":[{"embeddable":true,"href":"https:\/\/emotionguitars.com\/en\/wp-json\/wp\/v2\/media\/4954"}],"wp:attachment":[{"href":"https:\/\/emotionguitars.com\/en\/wp-json\/wp\/v2\/media?parent=4953"}],"wp:term":[{"taxonomy":"product_cat","embeddable":true,"href":"https:\/\/emotionguitars.com\/en\/wp-json\/wp\/v2\/product_cat?post=4953"},{"taxonomy":"product_tag","embeddable":true,"href":"https:\/\/emotionguitars.com\/en\/wp-json\/wp\/v2\/product_tag?post=4953"}],"curies":[{"name":"wp","href":"https:\/\/api.w.org\/{rel}","templated":true}]}}