{"id":4964,"date":"2024-03-31T22:33:47","date_gmt":"2024-03-31T15:33:47","guid":{"rendered":"https:\/\/emotionguitars.com\/?post_type=product&#038;p=4964"},"modified":"2025-04-29T23:31:36","modified_gmt":"2025-04-29T16:31:36","slug":"ahambra-z-natural-brand-new","status":"publish","type":"product","link":"https:\/\/emotionguitars.com\/en\/product\/ahambra-z-natural-brand-new\/","title":{"rendered":"Ahambra Z Natural (brand new)"},"content":{"rendered":"<p>C\u00e2y \u0111\u00e0n r\u1ea5t th\u00e2n thi\u1ec7n b\u1edfi s\u1ef1 nh\u1eb9 nh\u00e0ng, d\u1ec5 ch\u01a1i c\u00f9ng \u00e2m l\u01b0\u1ee3ng m\u1ea1nh m\u1ebd, r\u1ea5t ph\u00f9 h\u1ee3p v\u1edbi nh\u1eefng ng\u01b0\u1eddi m\u1edbi h\u1ecdc \u0111\u00e0n guitar.<\/p>\n<p>\u2022 Th\u00f4ng s\u1ed1 \u0111\u00e0n:<br \/>\nTop: spruce<br \/>\nBack, side: Mahogany<br \/>\nScale, nut: 650mm, 52mm<\/p>","protected":false},"excerpt":{"rendered":"<p>C\u00e2y \u0111\u00e0n r\u1ea5t th\u00e2n thi\u1ec7n b\u1edfi s\u1ef1 nh\u1eb9 nh\u00e0ng, d\u1ec5 ch\u01a1i c\u00f9ng \u00e2m l\u01b0\u1ee3ng m\u1ea1nh m\u1ebd, r\u1ea5t ph\u00f9 h\u1ee3p v\u1edbi nh\u1eefng ng\u01b0\u1eddi m\u1edbi h\u1ecdc \u0111\u00e0n guitar. \u2022 Th\u00f4ng s\u1ed1 \u0111\u00e0n: Top: spruce Back, side: Mahogany Scale, nut: 650mm, 52mm<\/p>","protected":false},"featured_media":4965,"template":"","meta":[],"product_cat":[20],"product_tag":[],"class_list":["post-4964","product","type-product","status-publish","has-post-thumbnail","hentry","product_cat-dan-guitar"],"_links":{"self":[{"href":"https:\/\/emotionguitars.com\/en\/wp-json\/wp\/v2\/product\/4964","targetHints":{"allow":["GET"]}}],"collection":[{"href":"https:\/\/emotionguitars.com\/en\/wp-json\/wp\/v2\/product"}],"about":[{"href":"https:\/\/emotionguitars.com\/en\/wp-json\/wp\/v2\/types\/product"}],"wp:featuredmedia":[{"embeddable":true,"href":"https:\/\/emotionguitars.com\/en\/wp-json\/wp\/v2\/media\/4965"}],"wp:attachment":[{"href":"https:\/\/emotionguitars.com\/en\/wp-json\/wp\/v2\/media?parent=4964"}],"wp:term":[{"taxonomy":"product_cat","embeddable":true,"href":"https:\/\/emotionguitars.com\/en\/wp-json\/wp\/v2\/product_cat?post=4964"},{"taxonomy":"product_tag","embeddable":true,"href":"https:\/\/emotionguitars.com\/en\/wp-json\/wp\/v2\/product_tag?post=4964"}],"curies":[{"name":"wp","href":"https:\/\/api.w.org\/{rel}","templated":true}]}}