{"id":4999,"date":"2024-04-02T12:30:56","date_gmt":"2024-04-02T05:30:56","guid":{"rendered":"https:\/\/emotionguitars.com\/?post_type=product&#038;p=4999"},"modified":"2025-04-29T23:31:22","modified_gmt":"2025-04-29T16:31:22","slug":"ahambra-vilaplana-mt-2024-brand-new","status":"publish","type":"product","link":"https:\/\/emotionguitars.com\/en\/product\/ahambra-vilaplana-mt-2024-brand-new\/","title":{"rendered":"Ahambra Vilaplana MT &#8211; 2024 (brand new)"},"content":{"rendered":"<p>C\u00e2y \u0111\u00e0n v\u00f4 c\u00f9ng \u1ea5n t\u01b0\u1ee3ng v\u1edbi ngo\u1ea1i h\u00ecnh r\u1ef1c r\u1ee1, n\u00f3ng b\u1ecfng c\u00f9ng \u00e2m thanh m\u1ea1nh m\u1ebd nh\u01b0ng tinh t\u1ebf v\u00e0 s\u00e2u th\u1eb3m. Tuy l\u00e0 ki\u1ec3u \u00e2m truy\u1ec1n th\u1ed1ng nh\u01b0ng s\u1ee9c h\u1ea5p d\u1eabn ngay l\u1eadp t\u1ee9c \u0111\u1ed1i v\u1edbi ng\u01b0\u1eddi nghe ch\u00ednh l\u00e0 \u0111i\u1ec3m m\u1ea1nh c\u1ee7a c\u00e2y \u0111\u00e0n Top model c\u1ee7a h\u00e3ng Ahambra n\u00e0y.<\/p>\n<p>\u2022 Th\u00f4ng s\u1ed1 \u0111\u00e0n:<br \/>\nTop: Cedaz<br \/>\nBack, side: India Rose wood<br \/>\nScale, nut: 650mm, 52mm<br \/>\nS\u01a1n: shellac<br \/>\nK\u00e8m h\u1ed9p Bam c\u1ee7a M\u1ef9 560 usd v\u00e0 d\u00e2y \u0111\u00e0n Augustine Regan.<\/p>","protected":false},"excerpt":{"rendered":"<p>C\u00e2y \u0111\u00e0n v\u00f4 c\u00f9ng \u1ea5n t\u01b0\u1ee3ng v\u1edbi ngo\u1ea1i h\u00ecnh r\u1ef1c r\u1ee1, n\u00f3ng b\u1ecfng c\u00f9ng \u00e2m thanh m\u1ea1nh m\u1ebd nh\u01b0ng tinh t\u1ebf v\u00e0 s\u00e2u th\u1eb3m. Tuy l\u00e0 ki\u1ec3u \u00e2m truy\u1ec1n th\u1ed1ng nh\u01b0ng s\u1ee9c h\u1ea5p d\u1eabn ngay l\u1eadp t\u1ee9c \u0111\u1ed1i v\u1edbi ng\u01b0\u1eddi nghe ch\u00ednh l\u00e0 \u0111i\u1ec3m m\u1ea1nh c\u1ee7a c\u00e2y \u0111\u00e0n Top model c\u1ee7a h\u00e3ng Ahambra n\u00e0y. \u2022&#8230;<\/p>","protected":false},"featured_media":5000,"template":"","meta":[],"product_cat":[533,20,213],"product_tag":[719,488,72,720,362],"class_list":["post-4999","product","type-product","status-publish","has-post-thumbnail","hentry","product_cat-luxury","product_cat-dan-guitar","product_cat-dan-cao-cap","product_tag-ahambra-vilaplana-nt","product_tag-classic-guitar","product_tag-emotion-guitar","product_tag-sale-guitar","product_tag-vu-hien-guitar"],"_links":{"self":[{"href":"https:\/\/emotionguitars.com\/en\/wp-json\/wp\/v2\/product\/4999","targetHints":{"allow":["GET"]}}],"collection":[{"href":"https:\/\/emotionguitars.com\/en\/wp-json\/wp\/v2\/product"}],"about":[{"href":"https:\/\/emotionguitars.com\/en\/wp-json\/wp\/v2\/types\/product"}],"wp:featuredmedia":[{"embeddable":true,"href":"https:\/\/emotionguitars.com\/en\/wp-json\/wp\/v2\/media\/5000"}],"wp:attachment":[{"href":"https:\/\/emotionguitars.com\/en\/wp-json\/wp\/v2\/media?parent=4999"}],"wp:term":[{"taxonomy":"product_cat","embeddable":true,"href":"https:\/\/emotionguitars.com\/en\/wp-json\/wp\/v2\/product_cat?post=4999"},{"taxonomy":"product_tag","embeddable":true,"href":"https:\/\/emotionguitars.com\/en\/wp-json\/wp\/v2\/product_tag?post=4999"}],"curies":[{"name":"wp","href":"https:\/\/api.w.org\/{rel}","templated":true}]}}