{"id":5008,"date":"2024-04-02T12:36:25","date_gmt":"2024-04-02T05:36:25","guid":{"rendered":"https:\/\/emotionguitars.com\/?post_type=product&#038;p=5008"},"modified":"2025-04-30T00:01:31","modified_gmt":"2025-04-29T17:01:31","slug":"yamaha-c400-excellent-2","status":"publish","type":"product","link":"https:\/\/emotionguitars.com\/en\/product\/yamaha-c400-excellent-2\/","title":{"rendered":"Yamaha C400 (excellent)"},"content":{"rendered":"<p>C\u00e2y \u0111\u00e0n ph\u1ed5 th\u00f4ng v\u1edbi ch\u1ea5t l\u01b0\u1ee3ng cao \u0111\u01b0\u1ee3c nhi\u1ec1u ng\u01b0\u1eddi VN y\u00eau th\u00edch b\u1edfi s\u1ef1 b\u1ec1n b\u1ec9 v\u1edbi th\u1eddi gian, \u00e2m thanh c\u00e2n b\u1eb1ng v\u00e0 v\u1ebb \u0111\u1eb9p c\u1ed5 \u0111i\u1ec3n m\u1eabu m\u1ef1c.<br \/>\nT\u00ecnh tr\u1ea1ng c\u00e2y \u0111\u00e0n n\u00e0y m\u1edbi hi\u1ebfm c\u00f3 v\u00e0 t\u1ea5t c\u1ea3 trong t\u00ecnh tr\u1ea1ng r\u1ea5t t\u1ed1t.<\/p>","protected":false},"excerpt":{"rendered":"<p>C\u00e2y \u0111\u00e0n ph\u1ed5 th\u00f4ng v\u1edbi ch\u1ea5t l\u01b0\u1ee3ng cao \u0111\u01b0\u1ee3c nhi\u1ec1u ng\u01b0\u1eddi VN y\u00eau th\u00edch b\u1edfi s\u1ef1 b\u1ec1n b\u1ec9 v\u1edbi th\u1eddi gian, \u00e2m thanh c\u00e2n b\u1eb1ng v\u00e0 v\u1ebb \u0111\u1eb9p c\u1ed5 \u0111i\u1ec3n m\u1eabu m\u1ef1c. T\u00ecnh tr\u1ea1ng c\u00e2y \u0111\u00e0n n\u00e0y m\u1edbi hi\u1ebfm c\u00f3 v\u00e0 t\u1ea5t c\u1ea3 trong t\u00ecnh tr\u1ea1ng r\u1ea5t t\u1ed1t.<\/p>","protected":false},"featured_media":5009,"template":"","meta":[],"product_cat":[20,23],"product_tag":[696],"class_list":["post-5008","product","type-product","status-publish","has-post-thumbnail","hentry","product_cat-dan-guitar","product_cat-yamaha-guitar","product_tag-yamaha-c400"],"_links":{"self":[{"href":"https:\/\/emotionguitars.com\/en\/wp-json\/wp\/v2\/product\/5008","targetHints":{"allow":["GET"]}}],"collection":[{"href":"https:\/\/emotionguitars.com\/en\/wp-json\/wp\/v2\/product"}],"about":[{"href":"https:\/\/emotionguitars.com\/en\/wp-json\/wp\/v2\/types\/product"}],"wp:featuredmedia":[{"embeddable":true,"href":"https:\/\/emotionguitars.com\/en\/wp-json\/wp\/v2\/media\/5009"}],"wp:attachment":[{"href":"https:\/\/emotionguitars.com\/en\/wp-json\/wp\/v2\/media?parent=5008"}],"wp:term":[{"taxonomy":"product_cat","embeddable":true,"href":"https:\/\/emotionguitars.com\/en\/wp-json\/wp\/v2\/product_cat?post=5008"},{"taxonomy":"product_tag","embeddable":true,"href":"https:\/\/emotionguitars.com\/en\/wp-json\/wp\/v2\/product_tag?post=5008"}],"curies":[{"name":"wp","href":"https:\/\/api.w.org\/{rel}","templated":true}]}}