{"id":5016,"date":"2024-04-02T12:44:34","date_gmt":"2024-04-02T05:44:34","guid":{"rendered":"https:\/\/emotionguitars.com\/?post_type=product&#038;p=5016"},"modified":"2025-04-30T00:00:57","modified_gmt":"2025-04-29T17:00:57","slug":"yamaha-gc5m-1974-excellent","status":"publish","type":"product","link":"https:\/\/emotionguitars.com\/en\/product\/yamaha-gc5m-1974-excellent\/","title":{"rendered":"Yamaha GC5M &#8211; 1974 (excellent)"},"content":{"rendered":"<p>C\u00e2y \u0111\u00e0n c\u00f3 tem nh\u0169 v\u00e0ng v\u00e0 sinh ra v\u00e0o n\u0103m 1974 &#8211; th\u1eddi ho\u00e0ng kim c\u1ee7a Yamaha v\u1edbi nh\u1eefng c\u00e2y \u0111\u00e0n r\u1ea5t ch\u1ea5t l\u01b0\u1ee3ng.<br \/>\nC\u00e2y \u0111\u00e0n n\u00e0y v\u1eabn r\u1ea5t m\u1edbi c\u00f9ng t\u00ecnh tr\u1ea1ng ho\u00e0n h\u1ea3o.<\/p>","protected":false},"excerpt":{"rendered":"<p>C\u00e2y \u0111\u00e0n c\u00f3 tem nh\u0169 v\u00e0ng v\u00e0 sinh ra v\u00e0o n\u0103m 1974 &#8211; th\u1eddi ho\u00e0ng kim c\u1ee7a Yamaha v\u1edbi nh\u1eefng c\u00e2y \u0111\u00e0n r\u1ea5t ch\u1ea5t l\u01b0\u1ee3ng. C\u00e2y \u0111\u00e0n n\u00e0y v\u1eabn r\u1ea5t m\u1edbi c\u00f9ng t\u00ecnh tr\u1ea1ng ho\u00e0n h\u1ea3o.<\/p>","protected":false},"featured_media":5017,"template":"","meta":[],"product_cat":[20,23],"product_tag":[117],"class_list":["post-5016","product","type-product","status-publish","has-post-thumbnail","hentry","product_cat-dan-guitar","product_cat-yamaha-guitar","product_tag-yamaha-gc5m"],"_links":{"self":[{"href":"https:\/\/emotionguitars.com\/en\/wp-json\/wp\/v2\/product\/5016","targetHints":{"allow":["GET"]}}],"collection":[{"href":"https:\/\/emotionguitars.com\/en\/wp-json\/wp\/v2\/product"}],"about":[{"href":"https:\/\/emotionguitars.com\/en\/wp-json\/wp\/v2\/types\/product"}],"wp:featuredmedia":[{"embeddable":true,"href":"https:\/\/emotionguitars.com\/en\/wp-json\/wp\/v2\/media\/5017"}],"wp:attachment":[{"href":"https:\/\/emotionguitars.com\/en\/wp-json\/wp\/v2\/media?parent=5016"}],"wp:term":[{"taxonomy":"product_cat","embeddable":true,"href":"https:\/\/emotionguitars.com\/en\/wp-json\/wp\/v2\/product_cat?post=5016"},{"taxonomy":"product_tag","embeddable":true,"href":"https:\/\/emotionguitars.com\/en\/wp-json\/wp\/v2\/product_tag?post=5016"}],"curies":[{"name":"wp","href":"https:\/\/api.w.org\/{rel}","templated":true}]}}