{"id":5023,"date":"2024-04-02T12:49:18","date_gmt":"2024-04-02T05:49:18","guid":{"rendered":"https:\/\/emotionguitars.com\/?post_type=product&#038;p=5023"},"modified":"2025-04-27T00:44:47","modified_gmt":"2025-04-26T17:44:47","slug":"masaru-matano-400-1972-excellent","status":"publish","type":"product","link":"https:\/\/emotionguitars.com\/en\/product\/masaru-matano-400-1972-excellent\/","title":{"rendered":"Masaru Matano 400 &#8211; 1972 (excellent)"},"content":{"rendered":"<p>C\u00e2y \u0111\u00e0n c\u1ed5 t\u1eeb n\u0103m 1972 nh\u01b0ng t\u00ecnh tr\u1ea1ng nguy\u00ean b\u1ea3n v\u00e0 \u0111\u1eb7c bi\u1ec7t l\u00e0 m\u1edbi nh\u01b0 v\u1eeba xu\u1ea5t x\u01b0\u1edfng. \u00c2m thanh c\u1ef1c k\u1ef3 \u1ea5n t\u01b0\u1edfng b\u1edfi \u0111\u1ed9 m\u1ea1nh, \u0111\u1ed9 s\u1eafc n\u00e9t v\u00e0 ho\u00e0i c\u1ed5 c\u1ee7a c\u00e2y \u0111\u00e0n.<br \/>\n\u0110\u00e2y l\u00e0 l\u1ef1a ch\u1ecdn kh\u00f4ng th\u1ec3 t\u1ed1t h\u01a1n trong t\u1ea7m gi\u00e1 d\u01b0\u1edbi 10 tri\u1ec7u vnd.<\/p>","protected":false},"excerpt":{"rendered":"<p>C\u00e2y \u0111\u00e0n c\u1ed5 t\u1eeb n\u0103m 1972 nh\u01b0ng t\u00ecnh tr\u1ea1ng nguy\u00ean b\u1ea3n v\u00e0 \u0111\u1eb7c bi\u1ec7t l\u00e0 m\u1edbi nh\u01b0 v\u1eeba xu\u1ea5t x\u01b0\u1edfng. \u00c2m thanh c\u1ef1c k\u1ef3 \u1ea5n t\u01b0\u1edfng b\u1edfi \u0111\u1ed9 m\u1ea1nh, \u0111\u1ed9 s\u1eafc n\u00e9t v\u00e0 ho\u00e0i c\u1ed5 c\u1ee7a c\u00e2y \u0111\u00e0n. \u0110\u00e2y l\u00e0 l\u1ef1a ch\u1ecdn kh\u00f4ng th\u1ec3 t\u1ed1t h\u01a1n trong t\u1ea7m gi\u00e1 d\u01b0\u1edbi 10 tri\u1ec7u vnd.<\/p>","protected":false},"featured_media":5024,"template":"","meta":[],"product_cat":[20],"product_tag":[],"class_list":["post-5023","product","type-product","status-publish","has-post-thumbnail","hentry","product_cat-dan-guitar"],"_links":{"self":[{"href":"https:\/\/emotionguitars.com\/en\/wp-json\/wp\/v2\/product\/5023","targetHints":{"allow":["GET"]}}],"collection":[{"href":"https:\/\/emotionguitars.com\/en\/wp-json\/wp\/v2\/product"}],"about":[{"href":"https:\/\/emotionguitars.com\/en\/wp-json\/wp\/v2\/types\/product"}],"wp:featuredmedia":[{"embeddable":true,"href":"https:\/\/emotionguitars.com\/en\/wp-json\/wp\/v2\/media\/5024"}],"wp:attachment":[{"href":"https:\/\/emotionguitars.com\/en\/wp-json\/wp\/v2\/media?parent=5023"}],"wp:term":[{"taxonomy":"product_cat","embeddable":true,"href":"https:\/\/emotionguitars.com\/en\/wp-json\/wp\/v2\/product_cat?post=5023"},{"taxonomy":"product_tag","embeddable":true,"href":"https:\/\/emotionguitars.com\/en\/wp-json\/wp\/v2\/product_tag?post=5023"}],"curies":[{"name":"wp","href":"https:\/\/api.w.org\/{rel}","templated":true}]}}