{"id":5032,"date":"2024-04-23T21:01:52","date_gmt":"2024-04-23T14:01:52","guid":{"rendered":"https:\/\/emotionguitars.com\/?post_type=product&#038;p=5032"},"modified":"2025-04-29T23:39:41","modified_gmt":"2025-04-29T16:39:41","slug":"esteve-adalid-2024-brand-new","status":"publish","type":"product","link":"https:\/\/emotionguitars.com\/en\/product\/esteve-adalid-2024-brand-new\/","title":{"rendered":"Esteve Adalid &#8211; 2024 (brand new)"},"content":{"rendered":"<p>C\u00e2y \u0111\u00e0n \u0111\u01b0\u1ee3c thi\u1ebft k\u1ebf v\u00e0 mang t\u00ean ngh\u1ec7 nh\u00e2n Manuel Adalid. V\u1edbi v\u1ebb \u0111\u1eb9p truy\u1ec1n th\u1ed1ng c\u00f9ng \u00e2m thanh s\u1ed1ng \u0111\u1ed9ng v\u00e0 tinh t\u1ebf, Esteve Adalid l\u00e0 c\u00e2y \u0111\u00e0n xu\u1ea5t s\u1eafc trong t\u1ea7m gi\u00e1 d\u01b0\u1edbi 100 tri\u1ec7u vnd. Kh\u1ea3 n\u0103ng vang xa c\u00f9ng s\u1ef1 c\u00e2n b\u1eb1ng tuy\u1ec7t v\u1eddi gi\u00fap cho ng\u01b0\u1eddi ch\u01a1i c\u00f3 th\u1ec3 \u00f4m m\u00e3i kh\u00f4ng ch\u00e1n b\u1edfi s\u1ef1 t\u0129nh t\u1ea1i c\u1ee7a c\u00e2y \u0111\u00e0n.<\/p>\n<p>\u2022 Th\u00f4ng s\u1ed1 \u0111\u00e0n:<br \/>\nTop: Cedaz<br \/>\nBack, side: Santos<br \/>\nScale, nut: 650mm, 51mm<br \/>\nK\u00e8m case v\u00e0 d\u00e2y Savarez<\/p>","protected":false},"excerpt":{"rendered":"<p>C\u00e2y \u0111\u00e0n \u0111\u01b0\u1ee3c thi\u1ebft k\u1ebf v\u00e0 mang t\u00ean ngh\u1ec7 nh\u00e2n Manuel Adalid. V\u1edbi v\u1ebb \u0111\u1eb9p truy\u1ec1n th\u1ed1ng c\u00f9ng \u00e2m thanh s\u1ed1ng \u0111\u1ed9ng v\u00e0 tinh t\u1ebf, Esteve Adalid l\u00e0 c\u00e2y \u0111\u00e0n xu\u1ea5t s\u1eafc trong t\u1ea7m gi\u00e1 d\u01b0\u1edbi 100 tri\u1ec7u vnd. Kh\u1ea3 n\u0103ng vang xa c\u00f9ng s\u1ef1 c\u00e2n b\u1eb1ng tuy\u1ec7t v\u1eddi gi\u00fap cho ng\u01b0\u1eddi ch\u01a1i c\u00f3 th\u1ec3&#8230;<\/p>","protected":false},"featured_media":5033,"template":"","meta":[],"product_cat":[541,20,213],"product_tag":[],"class_list":["post-5032","product","type-product","status-publish","has-post-thumbnail","hentry","product_cat-esteve-adalid-guitar","product_cat-dan-guitar","product_cat-dan-cao-cap"],"_links":{"self":[{"href":"https:\/\/emotionguitars.com\/en\/wp-json\/wp\/v2\/product\/5032","targetHints":{"allow":["GET"]}}],"collection":[{"href":"https:\/\/emotionguitars.com\/en\/wp-json\/wp\/v2\/product"}],"about":[{"href":"https:\/\/emotionguitars.com\/en\/wp-json\/wp\/v2\/types\/product"}],"wp:featuredmedia":[{"embeddable":true,"href":"https:\/\/emotionguitars.com\/en\/wp-json\/wp\/v2\/media\/5033"}],"wp:attachment":[{"href":"https:\/\/emotionguitars.com\/en\/wp-json\/wp\/v2\/media?parent=5032"}],"wp:term":[{"taxonomy":"product_cat","embeddable":true,"href":"https:\/\/emotionguitars.com\/en\/wp-json\/wp\/v2\/product_cat?post=5032"},{"taxonomy":"product_tag","embeddable":true,"href":"https:\/\/emotionguitars.com\/en\/wp-json\/wp\/v2\/product_tag?post=5032"}],"curies":[{"name":"wp","href":"https:\/\/api.w.org\/{rel}","templated":true}]}}