{"id":5042,"date":"2024-04-23T21:06:54","date_gmt":"2024-04-23T14:06:54","guid":{"rendered":"https:\/\/emotionguitars.com\/?post_type=product&#038;p=5042"},"modified":"2025-05-16T06:10:46","modified_gmt":"2025-05-15T23:10:46","slug":"juan-hernandez-sonata-ce-brand-new","status":"publish","type":"product","link":"https:\/\/emotionguitars.com\/en\/product\/juan-hernandez-sonata-ce-brand-new\/","title":{"rendered":"Juan Hernandez Sonata CE (brand new)"},"content":{"rendered":"<p>C\u00e2y \u0111\u00e0n v\u1edbi ngo\u1ea1i h\u00ecnh duy\u00ean d\u00e1ng v\u00e0 \u00e2m thanh r\u1ea5t s\u00f4ng \u0111\u1ed9ng, ch\u01b0a c\u1ea7n s\u1eed d\u1ee5ng h\u1ec7 th\u1ed1ng khuy\u1ebfch \u0111\u1ea1i, \u00e2m m\u1ed9c c\u1ee7a c\u00e2y \u0111\u00e0n \u0111\u00e3 r\u1ea5t \u0111\u1ea7y \u0111\u1ee7 v\u00e0 \u1ea5n t\u01b0\u1ee3ng.<br \/>\n\u0110\u00e0n s\u1eed d\u1ee5ng h\u1ec7 th\u1ed1ng EQ cao c\u1ea5p nh\u1ea5t c\u1ee7a Fishman, k\u00e8m theo case th\u1ee7 c\u00f4ng c\u1ee7a ch\u00ednh h\u00e3ng s\u1ea3n xu\u1ea5t. Scale 52mm, nut 50mm.<\/p>","protected":false},"excerpt":{"rendered":"<p>C\u00e2y \u0111\u00e0n v\u1edbi ngo\u1ea1i h\u00ecnh duy\u00ean d\u00e1ng v\u00e0 \u00e2m thanh r\u1ea5t s\u00f4ng \u0111\u1ed9ng, ch\u01b0a c\u1ea7n s\u1eed d\u1ee5ng h\u1ec7 th\u1ed1ng khuy\u1ebfch \u0111\u1ea1i, \u00e2m m\u1ed9c c\u1ee7a c\u00e2y \u0111\u00e0n \u0111\u00e3 r\u1ea5t \u0111\u1ea7y \u0111\u1ee7 v\u00e0 \u1ea5n t\u01b0\u1ee3ng. \u0110\u00e0n s\u1eed d\u1ee5ng h\u1ec7 th\u1ed1ng EQ cao c\u1ea5p nh\u1ea5t c\u1ee7a Fishman, k\u00e8m theo case th\u1ee7 c\u00f4ng c\u1ee7a ch\u00ednh h\u00e3ng s\u1ea3n xu\u1ea5t. Scale&#8230;<\/p>","protected":false},"featured_media":5043,"template":"","meta":[],"product_cat":[540,20,213],"product_tag":[],"class_list":["post-5042","product","type-product","status-publish","has-post-thumbnail","hentry","product_cat-juan-hernandez","product_cat-dan-guitar","product_cat-dan-cao-cap"],"_links":{"self":[{"href":"https:\/\/emotionguitars.com\/en\/wp-json\/wp\/v2\/product\/5042","targetHints":{"allow":["GET"]}}],"collection":[{"href":"https:\/\/emotionguitars.com\/en\/wp-json\/wp\/v2\/product"}],"about":[{"href":"https:\/\/emotionguitars.com\/en\/wp-json\/wp\/v2\/types\/product"}],"wp:featuredmedia":[{"embeddable":true,"href":"https:\/\/emotionguitars.com\/en\/wp-json\/wp\/v2\/media\/5043"}],"wp:attachment":[{"href":"https:\/\/emotionguitars.com\/en\/wp-json\/wp\/v2\/media?parent=5042"}],"wp:term":[{"taxonomy":"product_cat","embeddable":true,"href":"https:\/\/emotionguitars.com\/en\/wp-json\/wp\/v2\/product_cat?post=5042"},{"taxonomy":"product_tag","embeddable":true,"href":"https:\/\/emotionguitars.com\/en\/wp-json\/wp\/v2\/product_tag?post=5042"}],"curies":[{"name":"wp","href":"https:\/\/api.w.org\/{rel}","templated":true}]}}