{"id":5052,"date":"2024-04-23T21:12:19","date_gmt":"2024-04-23T14:12:19","guid":{"rendered":"https:\/\/emotionguitars.com\/?post_type=product&#038;p=5052"},"modified":"2025-04-29T23:26:57","modified_gmt":"2025-04-29T16:26:57","slug":"juan-hernandez-anivesario-25th-2024-brand-new","status":"publish","type":"product","link":"https:\/\/emotionguitars.com\/en\/product\/juan-hernandez-anivesario-25th-2024-brand-new\/","title":{"rendered":"Juan Hernandez Anivesario 25th &#8211; 2024 (brand new)"},"content":{"rendered":"<p>Hernandez Anivesario \u0111\u01b0\u1ee3c Alberto Hernandez th\u1ef1c hi\u1ec7n th\u1ee7 c\u00f4ng \u0111\u1ec3 k\u1ef7 ni\u1ec7m 25 n\u0103m th\u00e0nh l\u1eadp h\u00e3ng v\u1edbi s\u1ed1 l\u01b0\u1ee3ng h\u1ea1n ch\u1ebf.<br \/>\n \u00c2m thanh r\u1ea5t gi\u00e0u \u00e2m s\u1eafc, l\u00f4i cu\u1ed1n nh\u1edd d\u1ea3i bass r\u1ea5t n\u1ed3ng s\u1ea7m v\u00e0 d\u1ea3i treble r\u1ea5t ch\u1eafc v\u00e0 trong. Kh\u00f4ng qu\u00e1 \u0111\u1ec3 n\u00f3i r\u1eb1ng \u0111\u00e2y l\u00e0 m\u1eabu \u0111\u00e0n \u0111\u1eb9p v\u00e0 hay nh\u1ea5t c\u1ee7a Hernandez.<\/p>\n<p>\u2022 Th\u00f4ng s\u1ed1 \u0111\u00e0n:<br \/>\nTop: Cedaz<br \/>\nBack, side: Ziricote<br \/>\nScalse, nut: 650mm, 51mm<br \/>\nK\u00e8m cases v\u00e0 d\u00e2y \u0111\u00e0n Knobloch.<\/p>","protected":false},"excerpt":{"rendered":"<p>Hernandez Anivesario \u0111\u01b0\u1ee3c Alberto Hernandez th\u1ef1c hi\u1ec7n th\u1ee7 c\u00f4ng \u0111\u1ec3 k\u1ef7 ni\u1ec7m 25 n\u0103m th\u00e0nh l\u1eadp h\u00e3ng v\u1edbi s\u1ed1 l\u01b0\u1ee3ng h\u1ea1n ch\u1ebf. \u00c2m thanh r\u1ea5t gi\u00e0u \u00e2m s\u1eafc, l\u00f4i cu\u1ed1n nh\u1edd d\u1ea3i bass r\u1ea5t n\u1ed3ng s\u1ea7m v\u00e0 d\u1ea3i treble r\u1ea5t ch\u1eafc v\u00e0 trong. Kh\u00f4ng qu\u00e1 \u0111\u1ec3 n\u00f3i r\u1eb1ng \u0111\u00e2y l\u00e0 m\u1eabu \u0111\u00e0n \u0111\u1eb9p v\u00e0 hay&#8230;<\/p>","protected":false},"featured_media":5054,"template":"","meta":[],"product_cat":[540,20,213],"product_tag":[],"class_list":["post-5052","product","type-product","status-publish","has-post-thumbnail","hentry","product_cat-juan-hernandez","product_cat-dan-guitar","product_cat-dan-cao-cap"],"_links":{"self":[{"href":"https:\/\/emotionguitars.com\/en\/wp-json\/wp\/v2\/product\/5052","targetHints":{"allow":["GET"]}}],"collection":[{"href":"https:\/\/emotionguitars.com\/en\/wp-json\/wp\/v2\/product"}],"about":[{"href":"https:\/\/emotionguitars.com\/en\/wp-json\/wp\/v2\/types\/product"}],"wp:featuredmedia":[{"embeddable":true,"href":"https:\/\/emotionguitars.com\/en\/wp-json\/wp\/v2\/media\/5054"}],"wp:attachment":[{"href":"https:\/\/emotionguitars.com\/en\/wp-json\/wp\/v2\/media?parent=5052"}],"wp:term":[{"taxonomy":"product_cat","embeddable":true,"href":"https:\/\/emotionguitars.com\/en\/wp-json\/wp\/v2\/product_cat?post=5052"},{"taxonomy":"product_tag","embeddable":true,"href":"https:\/\/emotionguitars.com\/en\/wp-json\/wp\/v2\/product_tag?post=5052"}],"curies":[{"name":"wp","href":"https:\/\/api.w.org\/{rel}","templated":true}]}}