{"id":5076,"date":"2024-05-05T14:01:26","date_gmt":"2024-05-05T07:01:26","guid":{"rendered":"https:\/\/emotionguitars.com\/?post_type=product&#038;p=5076"},"modified":"2025-04-27T00:44:59","modified_gmt":"2025-04-26T17:44:59","slug":"masaru-kono-1960-excellent","status":"publish","type":"product","link":"https:\/\/emotionguitars.com\/en\/product\/masaru-kono-1960-excellent\/","title":{"rendered":"Masaru Kono &#8211; 1960 (excellent)"},"content":{"rendered":"<p>Masaru Kohno 1960.<br \/>\nC\u00e2y \u0111\u00e0n ho\u00e0n th\u00e0nh 1-11-1960 m\u00e0 luthier huy\u1ec1n tho\u1ea1i \u0111\u00e3 ch\u1ebf t\u00e1c. N\u0103m 1960 ch\u1ec9 c\u00f3 duy nh\u1ea5t 3 c\u00e2y do Kohno c\u00f3 m\u1ed9t th\u1eddi gian \u1edf T\u00e2y Ban Nha v\u00e0o th\u1eddi \u0111i\u1ec3m \u0111\u00f3 (theo l\u1eddi k\u1ec3 c\u1ee5 Sakurai).<br \/>\nC\u00e2y \u0111\u00e0n qu\u00fd \u1edf m\u1ed9t \u0111i\u1ec3m, \u0111\u1ed9 m\u1edbi ho\u00e0n h\u1ea3o, ngo\u00e0i 1 v\u1ebft b\u1eadt d\u00e2y \u1edf ng\u1ef1a \u0111\u00e0n. \u0110\u00e0n ch\u01b0a t\u1eebng qua s\u1eeda ch\u1eefa v\u00e0 n\u00f3i v\u1ec1 \u00e2m thanh th\u00ec th\u1eadt kh\u00f3 di\u1ec5n \u0111\u1ea1t. \u00c2m l\u01b0\u1ee3ng m\u1ea1nh m\u1ebd v\u00e0 c\u00e2n b\u1eb1ng, n\u00f3ng r\u1ef1c nh\u01b0ng r\u1ea5t s\u1ea1ch s\u1ebd\u2026 v\u00e0 \u0111\u1eb7c bi\u1ec7t \u0111\u00f3 l\u00e0 nh\u1eefng b\u1ed9i \u00e2m b\u00e1m theo n\u1ed1t ch\u00ednh th\u1eadt s\u1ef1 qu\u00e1 huy\u1ec1n \u1ea3o..<br \/>\n\u0110\u00f4i l\u1eddi c\u1ea3m nh\u1eadn v\u1ec1 c\u00e2y \u0111\u00e0n qu\u00fd chia s\u1ebb v\u1edbi h\u1ed9i ta..<\/p>","protected":false},"excerpt":{"rendered":"<p>Masaru Kohno 1960. C\u00e2y \u0111\u00e0n ho\u00e0n th\u00e0nh 1-11-1960 m\u00e0 luthier huy\u1ec1n tho\u1ea1i \u0111\u00e3 ch\u1ebf t\u00e1c. N\u0103m 1960 ch\u1ec9 c\u00f3 duy nh\u1ea5t 3 c\u00e2y do Kohno c\u00f3 m\u1ed9t th\u1eddi gian \u1edf T\u00e2y Ban Nha v\u00e0o th\u1eddi \u0111i\u1ec3m \u0111\u00f3 (theo l\u1eddi k\u1ec3 c\u1ee5 Sakurai). C\u00e2y \u0111\u00e0n qu\u00fd \u1edf m\u1ed9t \u0111i\u1ec3m, \u0111\u1ed9 m\u1edbi ho\u00e0n h\u1ea3o, ngo\u00e0i 1 v\u1ebft&#8230;<\/p>","protected":false},"featured_media":5077,"template":"","meta":[],"product_cat":[533,20,25,213],"product_tag":[],"class_list":["post-5076","product","type-product","status-publish","has-post-thumbnail","hentry","product_cat-luxury","product_cat-dan-guitar","product_cat-sakurai-kohno","product_cat-dan-cao-cap"],"_links":{"self":[{"href":"https:\/\/emotionguitars.com\/en\/wp-json\/wp\/v2\/product\/5076","targetHints":{"allow":["GET"]}}],"collection":[{"href":"https:\/\/emotionguitars.com\/en\/wp-json\/wp\/v2\/product"}],"about":[{"href":"https:\/\/emotionguitars.com\/en\/wp-json\/wp\/v2\/types\/product"}],"wp:featuredmedia":[{"embeddable":true,"href":"https:\/\/emotionguitars.com\/en\/wp-json\/wp\/v2\/media\/5077"}],"wp:attachment":[{"href":"https:\/\/emotionguitars.com\/en\/wp-json\/wp\/v2\/media?parent=5076"}],"wp:term":[{"taxonomy":"product_cat","embeddable":true,"href":"https:\/\/emotionguitars.com\/en\/wp-json\/wp\/v2\/product_cat?post=5076"},{"taxonomy":"product_tag","embeddable":true,"href":"https:\/\/emotionguitars.com\/en\/wp-json\/wp\/v2\/product_tag?post=5076"}],"curies":[{"name":"wp","href":"https:\/\/api.w.org\/{rel}","templated":true}]}}