{"id":5084,"date":"2024-05-09T22:54:44","date_gmt":"2024-05-09T15:54:44","guid":{"rendered":"https:\/\/emotionguitars.com\/?post_type=product&#038;p=5084"},"modified":"2025-05-16T06:11:16","modified_gmt":"2025-05-15T23:11:16","slug":"masaru-kohno-no-30-1975-excellent","status":"publish","type":"product","link":"https:\/\/emotionguitars.com\/en\/product\/masaru-kohno-no-30-1975-excellent\/","title":{"rendered":"Masaru Kohno no.30 &#8211; 1975 (excellent)"},"content":{"rendered":"<p>C\u00e2y \u0111\u00e0n top model c\u1ee7a nh\u00e0 Kohno th\u1eddi \u0111i\u1ec3m n\u0103m 1975. H\u00ecnh th\u1ee9c c\u00f2n m\u1edbi \u0111\u1ebfn 90% v\u1edbi b\u1ed9 g\u1ed7 Brazil r\u1ea5t \u0111\u1eb9p. \u00c2m thanh sang tr\u1ecdng v\u00e0 tinh t\u1ebf, ng\u1ecdt l\u1ecbm v\u00e0 gi\u00e0u c\u1ea3m x\u00fac.<br \/>\n\u0110\u1eb7c bi\u1ec7t \u0111\u00e0n c\u00f3 scale 650mm, nut 52mm (h\u1ea7u h\u1ebft c\u00e1c n\u0103m tr\u01b0\u1edbc 1980 scale s\u1ebd l\u00e0 660mm, nut 52 ho\u1eb7c 53mm).<br \/>\nC\u00f3 th\u1ec3 n\u00f3i \u0111\u00e2y l\u00e0 c\u00e2y d\u1ea7n r\u1ea5t qu\u00fd hi\u1ebfm v\u00e0 thu\u1ed9c v\u00e0o d\u00f2ng \u0111\u00e0n s\u01b0u t\u1ea7m gi\u00e1 tr\u1ecb c\u1ee7a guitar classic.<\/p>","protected":false},"excerpt":{"rendered":"<p>C\u00e2y \u0111\u00e0n top model c\u1ee7a nh\u00e0 Kohno th\u1eddi \u0111i\u1ec3m n\u0103m 1975. H\u00ecnh th\u1ee9c c\u00f2n m\u1edbi \u0111\u1ebfn 90% v\u1edbi b\u1ed9 g\u1ed7 Brazil r\u1ea5t \u0111\u1eb9p. \u00c2m thanh sang tr\u1ecdng v\u00e0 tinh t\u1ebf, ng\u1ecdt l\u1ecbm v\u00e0 gi\u00e0u c\u1ea3m x\u00fac. \u0110\u1eb7c bi\u1ec7t \u0111\u00e0n c\u00f3 scale 650mm, nut 52mm (h\u1ea7u h\u1ebft c\u00e1c n\u0103m tr\u01b0\u1edbc 1980 scale s\u1ebd l\u00e0 660mm, nut&#8230;<\/p>","protected":false},"featured_media":5085,"template":"","meta":[],"product_cat":[533,20,25,213],"product_tag":[120],"class_list":["post-5084","product","type-product","status-publish","has-post-thumbnail","hentry","product_cat-luxury","product_cat-dan-guitar","product_cat-sakurai-kohno","product_cat-dan-cao-cap","product_tag-kohno-30"],"_links":{"self":[{"href":"https:\/\/emotionguitars.com\/en\/wp-json\/wp\/v2\/product\/5084","targetHints":{"allow":["GET"]}}],"collection":[{"href":"https:\/\/emotionguitars.com\/en\/wp-json\/wp\/v2\/product"}],"about":[{"href":"https:\/\/emotionguitars.com\/en\/wp-json\/wp\/v2\/types\/product"}],"wp:featuredmedia":[{"embeddable":true,"href":"https:\/\/emotionguitars.com\/en\/wp-json\/wp\/v2\/media\/5085"}],"wp:attachment":[{"href":"https:\/\/emotionguitars.com\/en\/wp-json\/wp\/v2\/media?parent=5084"}],"wp:term":[{"taxonomy":"product_cat","embeddable":true,"href":"https:\/\/emotionguitars.com\/en\/wp-json\/wp\/v2\/product_cat?post=5084"},{"taxonomy":"product_tag","embeddable":true,"href":"https:\/\/emotionguitars.com\/en\/wp-json\/wp\/v2\/product_tag?post=5084"}],"curies":[{"name":"wp","href":"https:\/\/api.w.org\/{rel}","templated":true}]}}