{"id":5098,"date":"2024-05-22T20:20:31","date_gmt":"2024-05-22T13:20:31","guid":{"rendered":"https:\/\/emotionguitars.com\/?post_type=product&#038;p=5098"},"modified":"2025-05-16T06:11:30","modified_gmt":"2025-05-15T23:11:30","slug":"masaru-kohno-20-1975-excellent","status":"publish","type":"product","link":"https:\/\/emotionguitars.com\/en\/product\/masaru-kohno-20-1975-excellent\/","title":{"rendered":"Masaru Kohno 20 &#8211; 1975 (excellent)"},"content":{"rendered":"<p>Masaru Kohno l\u00e0 ngh\u1ec7 nh\u00e2n n\u1ed5i ti\u1ebfng nh\u1ea5t trong l\u1ecbch s\u1eed l\u00e0m \u0111\u00e0n guitar c\u1ee7a Nh\u1eadt. \u1ea2nh h\u01b0\u1edfng c\u1ee7a \u00f4ng l\u00e0 r\u1ea5t l\u1edbn \u0111\u1ebfn s\u1ef1 ph\u00e1t tri\u1ec3n v\u00e0 danh ti\u1ebfng c\u1ee7a c\u00e1c s\u1ea3n ph\u1ea9m guitar Classic Nh\u1eadt \u0111\u1ed1i v\u1edbi th\u1ebf gi\u1edbi. N\u0103m 1967, Kohno gi\u00e0nh gi\u1ea3i nh\u1ea5t l\u00e0m \u0111\u00e0n guitar th\u1ebf gi\u1edbi t\u1ed5 ch\u1ee9c t\u1ea1i B\u1ec9, cu\u1ed9c thi \u0111\u00f3 Ignacio Fleta l\u00e0 gi\u00e1m kh\u1ea3o v\u00e0 \u0111\u00e1nh gi\u00e1 r\u1ea5t cao kh\u1ea3 n\u1eafng ch\u1ebf t\u00e1c c\u1ee7a Masaru Kohno.<\/p>\n<p>C\u00e2y \u0111\u00e0n no.20 n\u00e0y c\u00f3 ngo\u1ea1i h\u00ecnh r\u1ea5t \u0111\u1eb9p v\u1edbi b\u1ed9 h\u1ed9 Brazil r\u1ea5t gi\u00e0. \u00c2m thanh c\u00e2y \u0111\u00e0n ch\u1eafc v\u00e0 g\u1ecdn, sang tr\u1ecdng nh\u01b0 \u0111\u1eb7c \u0111i\u1ec3m quen thu\u1ed9c c\u1ee7a \u0111\u00e0n Kohno.<\/p>\n<p>\u2022 Th\u00f4ng s\u1ed1 \u0111\u00e0n:<br \/>\nTop: spruce<br \/>\nBack, side: Brazil rose wood<br \/>\nScale, nut: 660mm, 52mm<br \/>\nCase theo \u0111\u00e0n t\u1eeb n\u0103m 1975.<\/p>","protected":false},"excerpt":{"rendered":"<p>Masaru Kohno l\u00e0 ngh\u1ec7 nh\u00e2n n\u1ed5i ti\u1ebfng nh\u1ea5t trong l\u1ecbch s\u1eed l\u00e0m \u0111\u00e0n guitar c\u1ee7a Nh\u1eadt. \u1ea2nh h\u01b0\u1edfng c\u1ee7a \u00f4ng l\u00e0 r\u1ea5t l\u1edbn \u0111\u1ebfn s\u1ef1 ph\u00e1t tri\u1ec3n v\u00e0 danh ti\u1ebfng c\u1ee7a c\u00e1c s\u1ea3n ph\u1ea9m guitar Classic Nh\u1eadt \u0111\u1ed1i v\u1edbi th\u1ebf gi\u1edbi. N\u0103m 1967, Kohno gi\u00e0nh gi\u1ea3i nh\u1ea5t l\u00e0m \u0111\u00e0n guitar th\u1ebf gi\u1edbi t\u1ed5 ch\u1ee9c t\u1ea1i&#8230;<\/p>","protected":false},"featured_media":5099,"template":"","meta":[],"product_cat":[20,25,213],"product_tag":[],"class_list":["post-5098","product","type-product","status-publish","has-post-thumbnail","hentry","product_cat-dan-guitar","product_cat-sakurai-kohno","product_cat-dan-cao-cap"],"_links":{"self":[{"href":"https:\/\/emotionguitars.com\/en\/wp-json\/wp\/v2\/product\/5098","targetHints":{"allow":["GET"]}}],"collection":[{"href":"https:\/\/emotionguitars.com\/en\/wp-json\/wp\/v2\/product"}],"about":[{"href":"https:\/\/emotionguitars.com\/en\/wp-json\/wp\/v2\/types\/product"}],"wp:featuredmedia":[{"embeddable":true,"href":"https:\/\/emotionguitars.com\/en\/wp-json\/wp\/v2\/media\/5099"}],"wp:attachment":[{"href":"https:\/\/emotionguitars.com\/en\/wp-json\/wp\/v2\/media?parent=5098"}],"wp:term":[{"taxonomy":"product_cat","embeddable":true,"href":"https:\/\/emotionguitars.com\/en\/wp-json\/wp\/v2\/product_cat?post=5098"},{"taxonomy":"product_tag","embeddable":true,"href":"https:\/\/emotionguitars.com\/en\/wp-json\/wp\/v2\/product_tag?post=5098"}],"curies":[{"name":"wp","href":"https:\/\/api.w.org\/{rel}","templated":true}]}}