{"id":5103,"date":"2024-05-22T20:28:27","date_gmt":"2024-05-22T13:28:27","guid":{"rendered":"https:\/\/emotionguitars.com\/?post_type=product&#038;p=5103"},"modified":"2025-04-29T23:32:36","modified_gmt":"2025-04-29T16:32:36","slug":"antonio-picado-1999-very-good","status":"publish","type":"product","link":"https:\/\/emotionguitars.com\/en\/product\/antonio-picado-1999-very-good\/","title":{"rendered":"Antonio Picado Special &#8211; 1999 (very good)"},"content":{"rendered":"<p>Antonio Picado Special 1999, c\u00e2y \u0111\u00e0n \u0111\u01b0\u1ee3c l\u00e0m theo \u0111\u01a1n \u0111\u1eb7t ri\u00eang khi ngh\u1ec7 nh\u00e2n ch\u01b0a ngh\u1ec9 h\u01b0u v\u00e0 b\u00e1n l\u1ea1i x\u01b0\u1edfng c\u1ee7a m\u00ecnh.<br \/>\n\u00c2m thanh r\u1ea5t ng\u1ecdt ng\u00e0o, tinh t\u1ebf..<br \/>\nBack v\u00e0 side l\u00e0m t\u1eeb Jacaranda r\u1ea5t \u0111\u1eb9p, mang gi\u00e1 tr\u1ecb s\u01b0u t\u1ea7m cao.<\/p>","protected":false},"excerpt":{"rendered":"<p>Antonio Picado Special 1999, c\u00e2y \u0111\u00e0n \u0111\u01b0\u1ee3c l\u00e0m theo \u0111\u01a1n \u0111\u1eb7t ri\u00eang khi ngh\u1ec7 nh\u00e2n ch\u01b0a ngh\u1ec9 h\u01b0u v\u00e0 b\u00e1n l\u1ea1i x\u01b0\u1edfng c\u1ee7a m\u00ecnh. \u00c2m thanh r\u1ea5t ng\u1ecdt ng\u00e0o, tinh t\u1ebf.. Back v\u00e0 side l\u00e0m t\u1eeb Jacaranda r\u1ea5t \u0111\u1eb9p, mang gi\u00e1 tr\u1ecb s\u01b0u t\u1ea7m cao.<\/p>","protected":false},"featured_media":5104,"template":"","meta":[],"product_cat":[20,84,213],"product_tag":[],"class_list":["post-5103","product","type-product","status-publish","has-post-thumbnail","hentry","product_cat-dan-guitar","product_cat-picado","product_cat-dan-cao-cap"],"_links":{"self":[{"href":"https:\/\/emotionguitars.com\/en\/wp-json\/wp\/v2\/product\/5103","targetHints":{"allow":["GET"]}}],"collection":[{"href":"https:\/\/emotionguitars.com\/en\/wp-json\/wp\/v2\/product"}],"about":[{"href":"https:\/\/emotionguitars.com\/en\/wp-json\/wp\/v2\/types\/product"}],"wp:featuredmedia":[{"embeddable":true,"href":"https:\/\/emotionguitars.com\/en\/wp-json\/wp\/v2\/media\/5104"}],"wp:attachment":[{"href":"https:\/\/emotionguitars.com\/en\/wp-json\/wp\/v2\/media?parent=5103"}],"wp:term":[{"taxonomy":"product_cat","embeddable":true,"href":"https:\/\/emotionguitars.com\/en\/wp-json\/wp\/v2\/product_cat?post=5103"},{"taxonomy":"product_tag","embeddable":true,"href":"https:\/\/emotionguitars.com\/en\/wp-json\/wp\/v2\/product_tag?post=5103"}],"curies":[{"name":"wp","href":"https:\/\/api.w.org\/{rel}","templated":true}]}}