{"id":5117,"date":"2024-06-21T10:53:30","date_gmt":"2024-06-21T03:53:30","guid":{"rendered":"https:\/\/emotionguitars.com\/?post_type=product&#038;p=5117"},"modified":"2025-04-30T00:01:19","modified_gmt":"2025-04-29T17:01:19","slug":"yamaha-gc30a-1977-very-good","status":"publish","type":"product","link":"https:\/\/emotionguitars.com\/en\/product\/yamaha-gc30a-1977-very-good\/","title":{"rendered":"Yamaha GC30A &#8211; 1977 (very good)"},"content":{"rendered":"<p>C\u00e2y \u0111\u00e0n Yamaha GC30A tem nh\u0169 v\u00e0ng ngo\u00e0i gi\u00e1 tr\u1ecb s\u01b0u t\u1ea7m cao c\u00f2n c\u00f3 nh\u1eefng \u01b0u \u0111i\u1ec3m v\u01b0\u1ee3t tr\u1ed9i nh\u01b0 ngo\u1ea1i h\u00ecnh r\u1ea5t \u0111\u1eb9p v\u1edbi b\u1ed9 g\u1ed7 Brazil l\u00e2u n\u0103m, \u00e2m thanh thanh tho\u00e1t v\u00e0 tinh t\u1ebf, \u00e2m l\u01b0\u1ee3ng m\u1ea1nh m\u1ebd nh\u01b0ng gi\u00e0u t\u00ednh truy\u1ec1n th\u1ed1ng.<\/p>\n<p>\u2022 Th\u00f4ng s\u1ed1 \u0111\u00e0n:<br \/>\nTop: Cedaz<br \/>\nBack, side: Brazil rose wood<br \/>\nScale, nut: 660mm, 52mm<br \/>\nK\u00e8m case nguy\u00ean b\u1ea3n Yamaha, d\u00e2y Savarez.<\/p>","protected":false},"excerpt":{"rendered":"<p>C\u00e2y \u0111\u00e0n Yamaha GC30A tem nh\u0169 v\u00e0ng ngo\u00e0i gi\u00e1 tr\u1ecb s\u01b0u t\u1ea7m cao c\u00f2n c\u00f3 nh\u1eefng \u01b0u \u0111i\u1ec3m v\u01b0\u1ee3t tr\u1ed9i nh\u01b0 ngo\u1ea1i h\u00ecnh r\u1ea5t \u0111\u1eb9p v\u1edbi b\u1ed9 g\u1ed7 Brazil l\u00e2u n\u0103m, \u00e2m thanh thanh tho\u00e1t v\u00e0 tinh t\u1ebf, \u00e2m l\u01b0\u1ee3ng m\u1ea1nh m\u1ebd nh\u01b0ng gi\u00e0u t\u00ednh truy\u1ec1n th\u1ed1ng. \u2022 Th\u00f4ng s\u1ed1 \u0111\u00e0n: Top: Cedaz Back, side:&#8230;<\/p>","protected":false},"featured_media":5119,"template":"","meta":[],"product_cat":[20,23,213],"product_tag":[708],"class_list":["post-5117","product","type-product","status-publish","has-post-thumbnail","hentry","product_cat-dan-guitar","product_cat-yamaha-guitar","product_cat-dan-cao-cap","product_tag-yamaha-gc30a"],"_links":{"self":[{"href":"https:\/\/emotionguitars.com\/en\/wp-json\/wp\/v2\/product\/5117","targetHints":{"allow":["GET"]}}],"collection":[{"href":"https:\/\/emotionguitars.com\/en\/wp-json\/wp\/v2\/product"}],"about":[{"href":"https:\/\/emotionguitars.com\/en\/wp-json\/wp\/v2\/types\/product"}],"wp:featuredmedia":[{"embeddable":true,"href":"https:\/\/emotionguitars.com\/en\/wp-json\/wp\/v2\/media\/5119"}],"wp:attachment":[{"href":"https:\/\/emotionguitars.com\/en\/wp-json\/wp\/v2\/media?parent=5117"}],"wp:term":[{"taxonomy":"product_cat","embeddable":true,"href":"https:\/\/emotionguitars.com\/en\/wp-json\/wp\/v2\/product_cat?post=5117"},{"taxonomy":"product_tag","embeddable":true,"href":"https:\/\/emotionguitars.com\/en\/wp-json\/wp\/v2\/product_tag?post=5117"}],"curies":[{"name":"wp","href":"https:\/\/api.w.org\/{rel}","templated":true}]}}