{"id":5126,"date":"2024-06-24T16:12:10","date_gmt":"2024-06-24T09:12:10","guid":{"rendered":"https:\/\/emotionguitars.com\/?post_type=product&#038;p=5126"},"modified":"2025-05-06T21:40:19","modified_gmt":"2025-05-06T14:40:19","slug":"martinez-es12-brand-new","status":"publish","type":"product","link":"https:\/\/emotionguitars.com\/en\/product\/martinez-es12-brand-new\/","title":{"rendered":"Martinez ES12 (brand new)"},"content":{"rendered":"<p>C\u00e2y \u0111\u00e0n full solid v\u1edbi h\u1ec7 th\u1ed1ng b\u00e1n bracing truy\u1ec1n th\u1ed1ng T\u00e2y Ban Nha.<br \/>\nNgo\u1ea1i h\u00ecnh r\u1ea5t c\u00e2n \u0111\u1ed1i v\u00e0 thanh tho\u00e1t, \u00e2m thanh n\u1ed3ng \u1ea5m v\u00e0 kh\u00f4ng thi\u1ebfu n\u00e9t tinh t\u1ebf, g\u1ecdn g\u00e0ng c\u00f9ng v\u1edbi c\u01b0\u1eddng \u0111\u1ed9 r\u1ea5t \u1ea5n t\u01b0\u1ee3ng c\u1ee7a c\u00e2y \u0111\u00e0n.<br \/>\n\u0110\u00e2y l\u00e0 m\u1eabu \u0111\u00e0n \u0111\u01b0\u1ee3c Martinez m\u1edbi ch\u1ebf t\u00e1c trong 2 n\u0103m g\u1ea7n \u0111\u00e2y v\u00e0 ng\u00e0y c\u00e0ng \u0111\u01b0\u1ee3c \u0111\u00f3n nh\u1eadn n\u1ed3ng nhi\u1ec7t.<\/p>\n<p>\u2022 Th\u00f4ng s\u1ed1 \u0111\u00e0n:<br \/>\nTop: Cedaz ho\u1eb7c spruce<br \/>\nBack, side: India ho\u1eb7c Mahogany full solid<br \/>\nScale, nut: 650mm, 52mm<br \/>\nK\u00e8m bao h\u00e3ng Martinez v\u00e0 d\u00e2y Savarez.<\/p>","protected":false},"excerpt":{"rendered":"<p>C\u00e2y \u0111\u00e0n full solid v\u1edbi h\u1ec7 th\u1ed1ng b\u00e1n bracing truy\u1ec1n th\u1ed1ng T\u00e2y Ban Nha. Ngo\u1ea1i h\u00ecnh r\u1ea5t c\u00e2n \u0111\u1ed1i v\u00e0 thanh tho\u00e1t, \u00e2m thanh n\u1ed3ng \u1ea5m v\u00e0 kh\u00f4ng thi\u1ebfu n\u00e9t tinh t\u1ebf, g\u1ecdn g\u00e0ng c\u00f9ng v\u1edbi c\u01b0\u1eddng \u0111\u1ed9 r\u1ea5t \u1ea5n t\u01b0\u1ee3ng c\u1ee7a c\u00e2y \u0111\u00e0n. \u0110\u00e2y l\u00e0 m\u1eabu \u0111\u00e0n \u0111\u01b0\u1ee3c Martinez m\u1edbi ch\u1ebf t\u00e1c trong 2&#8230;<\/p>","protected":false},"featured_media":5127,"template":"","meta":[],"product_cat":[20,24,213],"product_tag":[459,179,724,49,362],"class_list":["post-5126","product","type-product","status-publish","has-post-thumbnail","hentry","product_cat-dan-guitar","product_cat-martinez-guitar","product_cat-dan-cao-cap","product_tag-ban-dan-ghita-tai-ha-noi","product_tag-ban-dan-guitar","product_tag-martinez-es12","product_tag-martinez-guitar","product_tag-vu-hien-guitar"],"_links":{"self":[{"href":"https:\/\/emotionguitars.com\/en\/wp-json\/wp\/v2\/product\/5126","targetHints":{"allow":["GET"]}}],"collection":[{"href":"https:\/\/emotionguitars.com\/en\/wp-json\/wp\/v2\/product"}],"about":[{"href":"https:\/\/emotionguitars.com\/en\/wp-json\/wp\/v2\/types\/product"}],"wp:featuredmedia":[{"embeddable":true,"href":"https:\/\/emotionguitars.com\/en\/wp-json\/wp\/v2\/media\/5127"}],"wp:attachment":[{"href":"https:\/\/emotionguitars.com\/en\/wp-json\/wp\/v2\/media?parent=5126"}],"wp:term":[{"taxonomy":"product_cat","embeddable":true,"href":"https:\/\/emotionguitars.com\/en\/wp-json\/wp\/v2\/product_cat?post=5126"},{"taxonomy":"product_tag","embeddable":true,"href":"https:\/\/emotionguitars.com\/en\/wp-json\/wp\/v2\/product_tag?post=5126"}],"curies":[{"name":"wp","href":"https:\/\/api.w.org\/{rel}","templated":true}]}}