{"id":5138,"date":"2024-07-15T22:37:52","date_gmt":"2024-07-15T15:37:52","guid":{"rendered":"https:\/\/emotionguitars.com\/?post_type=product&#038;p=5138"},"modified":"2025-05-06T21:40:03","modified_gmt":"2025-05-06T14:40:03","slug":"masaki-sakurai-pc-2024-brand-new","status":"publish","type":"product","link":"https:\/\/emotionguitars.com\/en\/product\/masaki-sakurai-pc-2024-brand-new\/","title":{"rendered":"Masaki Sakurai PC &#8211; 2024 (brand new)"},"content":{"rendered":"<p>C\u00e2y \u0111\u00e0n thu\u1ed9c model t\u1ef1 h\u00e0o c\u1ee7a Sakurai khi \u00f4ng s\u1eed d\u1ee5ng v\u00e0 d\u00e0nh gi\u1ea3i nh\u1ea5t cu\u1ed9c thi l\u00e0m \u0111\u00e0n t\u1ea1i Paris n\u0103m 1988.<br \/>\nV\u1edbi ngo\u1ea1i h\u00ecnh sang tr\u1ecdng v\u00e0 r\u1ea5t nh\u00e3 nh\u1eb7n c\u00f9ng \u00e2m thanh t\u01b0\u01a1i m\u00e1t, tinh t\u1ebf, trong veo, c\u00e2y \u0111\u00e0n n\u00e0y t\u1ea1o n\u00ean m\u1ed9t s\u1ee9c quy\u1ebfn r\u0169 tuy\u1ec7t v\u1eddi.<\/p>\n<p>\u2022 Th\u00f4ng s\u1ed1 \u0111\u00e0n:<br \/>\nTop: spruce<br \/>\nBack, side: Madagasca rose wood<br \/>\nScale, nut: 650mm, 52mm<\/p>","protected":false},"excerpt":{"rendered":"<p>C\u00e2y \u0111\u00e0n thu\u1ed9c model t\u1ef1 h\u00e0o c\u1ee7a Sakurai khi \u00f4ng s\u1eed d\u1ee5ng v\u00e0 d\u00e0nh gi\u1ea3i nh\u1ea5t cu\u1ed9c thi l\u00e0m \u0111\u00e0n t\u1ea1i Paris n\u0103m 1988. V\u1edbi ngo\u1ea1i h\u00ecnh sang tr\u1ecdng v\u00e0 r\u1ea5t nh\u00e3 nh\u1eb7n c\u00f9ng \u00e2m thanh t\u01b0\u01a1i m\u00e1t, tinh t\u1ebf, trong veo, c\u00e2y \u0111\u00e0n n\u00e0y t\u1ea1o n\u00ean m\u1ed9t s\u1ee9c quy\u1ebfn r\u0169 tuy\u1ec7t v\u1eddi. \u2022 Th\u00f4ng&#8230;<\/p>","protected":false},"featured_media":5139,"template":"","meta":[],"product_cat":[20,25],"product_tag":[549],"class_list":["post-5138","product","type-product","status-publish","has-post-thumbnail","hentry","product_cat-dan-guitar","product_cat-sakurai-kohno","product_tag-sakurai-pc"],"_links":{"self":[{"href":"https:\/\/emotionguitars.com\/en\/wp-json\/wp\/v2\/product\/5138","targetHints":{"allow":["GET"]}}],"collection":[{"href":"https:\/\/emotionguitars.com\/en\/wp-json\/wp\/v2\/product"}],"about":[{"href":"https:\/\/emotionguitars.com\/en\/wp-json\/wp\/v2\/types\/product"}],"wp:featuredmedia":[{"embeddable":true,"href":"https:\/\/emotionguitars.com\/en\/wp-json\/wp\/v2\/media\/5139"}],"wp:attachment":[{"href":"https:\/\/emotionguitars.com\/en\/wp-json\/wp\/v2\/media?parent=5138"}],"wp:term":[{"taxonomy":"product_cat","embeddable":true,"href":"https:\/\/emotionguitars.com\/en\/wp-json\/wp\/v2\/product_cat?post=5138"},{"taxonomy":"product_tag","embeddable":true,"href":"https:\/\/emotionguitars.com\/en\/wp-json\/wp\/v2\/product_tag?post=5138"}],"curies":[{"name":"wp","href":"https:\/\/api.w.org\/{rel}","templated":true}]}}