{"id":5166,"date":"2024-07-22T12:45:19","date_gmt":"2024-07-22T05:45:19","guid":{"rendered":"https:\/\/emotionguitars.com\/?post_type=product&#038;p=5166"},"modified":"2025-04-29T23:22:27","modified_gmt":"2025-04-29T16:22:27","slug":"hanika-pro-cut-2024-brand-new","status":"publish","type":"product","link":"https:\/\/emotionguitars.com\/en\/product\/hanika-pro-cut-2024-brand-new\/","title":{"rendered":"Hanika Pro Cut &#8211; 2024 (brand new)"},"content":{"rendered":"<p>C\u00e2y \u0111\u00e0n Cut c\u00f3 2 d\u1ea1ng: G\u1eafn s\u1eb5n EQ v\u00e0 kh\u00f4ng g\u1eafn s\u1eb5n. V\u1edbi \u00e2m thanh m\u1ed9c c\u1ef1c k\u1ef3 \u1ea5n t\u01b0\u1ee3ng, trong v\u1eaft v\u00e0 gi\u00e0u s\u1ee9c s\u1ed1ng.<br \/>\nH\u00ecnh th\u1ee9c c\u00e2y \u0111\u00e0n l\u00e0 nh\u1eefng n\u00e9t tinh t\u1ebf c\u00f9ng n\u01b0\u1edbc S\u01a1n b\u00f3ng cao c\u1ea5p r\u1ea5t nh\u1ea1y c\u1ea3m v\u1edbi c\u00e1c v\u00e0 ch\u1ea1m.<\/p>\n<p>\u2022 Th\u00f4ng s\u1ed1 \u0111\u00e0n:<br \/>\nTop: Cedaz<br \/>\nBack, side: India Rose wood<br \/>\nScale, nut: 650mm, 52mm<\/p>","protected":false},"excerpt":{"rendered":"<p>C\u00e2y \u0111\u00e0n Cut c\u00f3 2 d\u1ea1ng: G\u1eafn s\u1eb5n EQ v\u00e0 kh\u00f4ng g\u1eafn s\u1eb5n. V\u1edbi \u00e2m thanh m\u1ed9c c\u1ef1c k\u1ef3 \u1ea5n t\u01b0\u1ee3ng, trong v\u1eaft v\u00e0 gi\u00e0u s\u1ee9c s\u1ed1ng. H\u00ecnh th\u1ee9c c\u00e2y \u0111\u00e0n l\u00e0 nh\u1eefng n\u00e9t tinh t\u1ebf c\u00f9ng n\u01b0\u1edbc S\u01a1n b\u00f3ng cao c\u1ea5p r\u1ea5t nh\u1ea1y c\u1ea3m v\u1edbi c\u00e1c v\u00e0 ch\u1ea1m. \u2022 Th\u00f4ng s\u1ed1 \u0111\u00e0n: Top: Cedaz&#8230;<\/p>","protected":false},"featured_media":5167,"template":"","meta":[],"product_cat":[20,26,213],"product_tag":[],"class_list":["post-5166","product","type-product","status-publish","has-post-thumbnail","hentry","product_cat-dan-guitar","product_cat-hanika-guitar","product_cat-dan-cao-cap"],"_links":{"self":[{"href":"https:\/\/emotionguitars.com\/en\/wp-json\/wp\/v2\/product\/5166","targetHints":{"allow":["GET"]}}],"collection":[{"href":"https:\/\/emotionguitars.com\/en\/wp-json\/wp\/v2\/product"}],"about":[{"href":"https:\/\/emotionguitars.com\/en\/wp-json\/wp\/v2\/types\/product"}],"wp:featuredmedia":[{"embeddable":true,"href":"https:\/\/emotionguitars.com\/en\/wp-json\/wp\/v2\/media\/5167"}],"wp:attachment":[{"href":"https:\/\/emotionguitars.com\/en\/wp-json\/wp\/v2\/media?parent=5166"}],"wp:term":[{"taxonomy":"product_cat","embeddable":true,"href":"https:\/\/emotionguitars.com\/en\/wp-json\/wp\/v2\/product_cat?post=5166"},{"taxonomy":"product_tag","embeddable":true,"href":"https:\/\/emotionguitars.com\/en\/wp-json\/wp\/v2\/product_tag?post=5166"}],"curies":[{"name":"wp","href":"https:\/\/api.w.org\/{rel}","templated":true}]}}