{"id":5192,"date":"2024-07-25T08:14:35","date_gmt":"2024-07-25T01:14:35","guid":{"rendered":"https:\/\/emotionguitars.com\/?post_type=product&#038;p=5192"},"modified":"2025-04-29T23:39:53","modified_gmt":"2025-04-29T16:39:53","slug":"esteve-adalid-2024-brand-new-2","status":"publish","type":"product","link":"https:\/\/emotionguitars.com\/en\/product\/esteve-adalid-2024-brand-new-2\/","title":{"rendered":"Esteve Adalid &#8211; 2024 (brand new)"},"content":{"rendered":"<p>C\u00e2y \u0111\u00e0n c\u1ee7a h\u00e3ng \u0111\u00e0n n\u1ed5i ti\u1ebfng b\u1eadc nh\u1ea5t Valencia &#8211; Esteve, c\u00e2y \u0111\u00e0n mang t\u00ean Adalid l\u00e0 t\u00ean c\u1ee7a ngh\u1ec7 nh\u1eadn Manuel Adalid t\u00e0i n\u0103ng v\u00e0 c\u00f3 \u1ea3nh h\u01b0\u1edfng l\u1edbn trong ngh\u1ec1 ch\u1ebf t\u00e1c \u0111\u00e0n t\u1ea1i T\u00e2y Ban Nha.<br \/>\nModel Adalid v\u1edbi l\u1ed1i \u00e2m truy\u1ec1n th\u1ed1ng r\u1ea5t gi\u00e0u s\u1ee9c s\u1ed1ng v\u00e0 s\u00e2u l\u1eafng. Ngo\u1ea1i h\u00ecnh l\u00e0 s\u1ef1 c\u00e2n \u0111\u1ed1i v\u00e0 r\u1ea5t th\u1ea9m m\u1ef9 v\u1edbi m\u1eb7t Cedaz v\u00e0 b\u1ed9 l\u01b0ng h\u00f4ng Cocobolo r\u1ea5t l\u00f4i cu\u1ed1n.<\/p>","protected":false},"excerpt":{"rendered":"<p>C\u00e2y \u0111\u00e0n c\u1ee7a h\u00e3ng \u0111\u00e0n n\u1ed5i ti\u1ebfng b\u1eadc nh\u1ea5t Valencia &#8211; Esteve, c\u00e2y \u0111\u00e0n mang t\u00ean Adalid l\u00e0 t\u00ean c\u1ee7a ngh\u1ec7 nh\u1eadn Manuel Adalid t\u00e0i n\u0103ng v\u00e0 c\u00f3 \u1ea3nh h\u01b0\u1edfng l\u1edbn trong ngh\u1ec1 ch\u1ebf t\u00e1c \u0111\u00e0n t\u1ea1i T\u00e2y Ban Nha. Model Adalid v\u1edbi l\u1ed1i \u00e2m truy\u1ec1n th\u1ed1ng r\u1ea5t gi\u00e0u s\u1ee9c s\u1ed1ng v\u00e0 s\u00e2u l\u1eafng. Ngo\u1ea1i&#8230;<\/p>","protected":false},"featured_media":5193,"template":"","meta":[],"product_cat":[541,20,213],"product_tag":[],"class_list":["post-5192","product","type-product","status-publish","has-post-thumbnail","hentry","product_cat-esteve-adalid-guitar","product_cat-dan-guitar","product_cat-dan-cao-cap"],"_links":{"self":[{"href":"https:\/\/emotionguitars.com\/en\/wp-json\/wp\/v2\/product\/5192","targetHints":{"allow":["GET"]}}],"collection":[{"href":"https:\/\/emotionguitars.com\/en\/wp-json\/wp\/v2\/product"}],"about":[{"href":"https:\/\/emotionguitars.com\/en\/wp-json\/wp\/v2\/types\/product"}],"wp:featuredmedia":[{"embeddable":true,"href":"https:\/\/emotionguitars.com\/en\/wp-json\/wp\/v2\/media\/5193"}],"wp:attachment":[{"href":"https:\/\/emotionguitars.com\/en\/wp-json\/wp\/v2\/media?parent=5192"}],"wp:term":[{"taxonomy":"product_cat","embeddable":true,"href":"https:\/\/emotionguitars.com\/en\/wp-json\/wp\/v2\/product_cat?post=5192"},{"taxonomy":"product_tag","embeddable":true,"href":"https:\/\/emotionguitars.com\/en\/wp-json\/wp\/v2\/product_tag?post=5192"}],"curies":[{"name":"wp","href":"https:\/\/api.w.org\/{rel}","templated":true}]}}