{"id":5206,"date":"2024-08-01T19:27:29","date_gmt":"2024-08-01T12:27:29","guid":{"rendered":"https:\/\/emotionguitars.com\/?post_type=product&#038;p=5206"},"modified":"2025-04-29T23:49:30","modified_gmt":"2025-04-29T16:49:30","slug":"sakurai-kohno-maestro-2024-brand-new-2","status":"publish","type":"product","link":"https:\/\/emotionguitars.com\/en\/product\/sakurai-kohno-maestro-2024-brand-new-2\/","title":{"rendered":"Sakurai Kohno Maestro &#8211; 2024 (brand new)"},"content":{"rendered":"<p>D\u00f2ng Top model \u0111\u01b0\u1ee3c Sakurai li\u00ean t\u1ee5c c\u1ea3i ti\u1ebfn, \u0111\u1eb7c bi\u1ec7t \u1edf \u0111\u1ed9 clear c\u1ee7a \u00e2m thanh. Cho \u0111\u1ebfn n\u0103m 2024, s\u1ef1 kh\u00e1c bi\u1ec7t c\u00e0ng nhi\u1ec1u h\u01a1n tr\u01b0\u1edbc.<br \/>\n\u00c2m thanh c\u00e2y Maestro v\u1edbi ch\u1ea5t truy\u1ec1n th\u1ed1ng \u0111\u01b0\u1ee3m \u0111\u00e0 nh\u01b0ng thanh s\u1ea1ch h\u01a1n n\u1eefa v\u00e0 nhanh ch\u00f3ng t\u00e1c \u0111\u1ed9ng v\u00e0o c\u1ea3m gi\u00e1c c\u1ee7a ng\u01b0\u1eddi nghe.<br \/>\nM\u1ed9t c\u00e2y \u0111\u00e0n v\u00f4 c\u00f9ng \u1ea5n t\u01b0\u1ee3ng.<\/p>\n<p>\u2022 Th\u00f4ng s\u1ed1 \u0111\u00e0n:<br \/>\nTop: Spruce<br \/>\nBack, side: CSA<br \/>\nScale, nut: 640mm, 50mm<br \/>\nK\u00e8m case v\u00e0 d\u00e2y Savarez<\/p>","protected":false},"excerpt":{"rendered":"<p>D\u00f2ng Top model \u0111\u01b0\u1ee3c Sakurai li\u00ean t\u1ee5c c\u1ea3i ti\u1ebfn, \u0111\u1eb7c bi\u1ec7t \u1edf \u0111\u1ed9 clear c\u1ee7a \u00e2m thanh. Cho \u0111\u1ebfn n\u0103m 2024, s\u1ef1 kh\u00e1c bi\u1ec7t c\u00e0ng nhi\u1ec1u h\u01a1n tr\u01b0\u1edbc. \u00c2m thanh c\u00e2y Maestro v\u1edbi ch\u1ea5t truy\u1ec1n th\u1ed1ng \u0111\u01b0\u1ee3m \u0111\u00e0 nh\u01b0ng thanh s\u1ea1ch h\u01a1n n\u1eefa v\u00e0 nhanh ch\u00f3ng t\u00e1c \u0111\u1ed9ng v\u00e0o c\u1ea3m gi\u00e1c c\u1ee7a ng\u01b0\u1eddi nghe. M\u1ed9t&#8230;<\/p>","protected":false},"featured_media":5207,"template":"","meta":[],"product_cat":[20,25,213],"product_tag":[],"class_list":["post-5206","product","type-product","status-publish","has-post-thumbnail","hentry","product_cat-dan-guitar","product_cat-sakurai-kohno","product_cat-dan-cao-cap"],"_links":{"self":[{"href":"https:\/\/emotionguitars.com\/en\/wp-json\/wp\/v2\/product\/5206","targetHints":{"allow":["GET"]}}],"collection":[{"href":"https:\/\/emotionguitars.com\/en\/wp-json\/wp\/v2\/product"}],"about":[{"href":"https:\/\/emotionguitars.com\/en\/wp-json\/wp\/v2\/types\/product"}],"wp:featuredmedia":[{"embeddable":true,"href":"https:\/\/emotionguitars.com\/en\/wp-json\/wp\/v2\/media\/5207"}],"wp:attachment":[{"href":"https:\/\/emotionguitars.com\/en\/wp-json\/wp\/v2\/media?parent=5206"}],"wp:term":[{"taxonomy":"product_cat","embeddable":true,"href":"https:\/\/emotionguitars.com\/en\/wp-json\/wp\/v2\/product_cat?post=5206"},{"taxonomy":"product_tag","embeddable":true,"href":"https:\/\/emotionguitars.com\/en\/wp-json\/wp\/v2\/product_tag?post=5206"}],"curies":[{"name":"wp","href":"https:\/\/api.w.org\/{rel}","templated":true}]}}