{"id":5225,"date":"2024-08-05T23:33:51","date_gmt":"2024-08-05T16:33:51","guid":{"rendered":"https:\/\/emotionguitars.com\/?post_type=product&#038;p=5225"},"modified":"2025-04-29T23:33:41","modified_gmt":"2025-04-29T16:33:41","slug":"enrico-bottelli-special-2018-mint","status":"publish","type":"product","link":"https:\/\/emotionguitars.com\/en\/product\/enrico-bottelli-special-2018-mint\/","title":{"rendered":"Enrico Bottelli Special &#8211; 2018 (mint)"},"content":{"rendered":"<p>Enrico Bottelli l\u00e0 ngh\u1ec7 nh\u00e2n \u0111\u01b0\u01a1ng \u0111\u1ea1i r\u1ea5t n\u1ed5i ti\u1ebfng ng\u01b0\u1eddi \u00dd, \u00f4ng l\u00e0 luthier b\u1eadc th\u1ea7y c\u1ee7a r\u1ea5t nhi\u1ec1u luthier tr\u1ebb kh\u00e1c \u0111ang n\u1ed5i ti\u1ebfng trong l\u0129nh v\u1ef1c ch\u1ebf t\u00e1c guitar. Nh\u1eefng nh\u1ea1c c\u1ee5 c\u1ee7a \u00f4ng c\u00f3 t\u00ednh th\u1ea9m m\u1ef9 cao b\u1edfi s\u1ef1 thanh l\u1ecbch v\u00e0 h\u00e0i h\u00f2a, l\u1ecbch thi\u1ec7p v\u00e0 nh\u00e3 nh\u1eb7n. V\u1edbi l\u1ed1i \u00e2m thanh gi\u00e0u nh\u1ea1c t\u00ednh, ng\u00e2n nga v\u00e0 bao ph\u1ee7 \u1edf kh\u00f4ng gian r\u1ed9ng, Bottelli \u0111\u00e3 t\u1ea1o n\u00ean nh\u1eefng t\u00e1c ph\u1ea9m ngh\u1ec7 thu\u1eadt th\u1ef1c s\u1ef1 v\u00e0 \u0111\u00e3 s\u1edbm tr\u1edf n\u00ean qu\u00fd hi\u1ebfm b\u1edfi s\u1ef1 s\u0103n l\u00f9ng c\u1ee7a c\u00e1c guitarist tr\u00ean th\u1ebf gi\u1edbi. C\u00e2y \u0111\u00e0n \u0111\u01b0\u1ee3c l\u00e0m theo m\u1eabu Special n\u00e0y \u0111\u01b0\u1ee3c Bottelli y\u00eau th\u00edch \u0111\u1ebfn n\u1ed7i cho tr\u1edf th\u00e0nh h\u00ecnh \u1ea3nh \u0111\u1ea1i di\u1ec7n tr\u00ean trang web c\u1ee7a \u00f4ng. V\u1edbi s\u1ef1 s\u1eafp x\u1ebfp c\u00e1c h\u1ecda ti\u1ebft r\u1ea5t c\u00e2n \u0111\u1ed1i c\u00f9ng d\u00e1ng v\u1ebb thanh tho\u00e1t c\u1ee7a c\u00e2y \u0111\u00e0n, t\u1ea1o n\u00ean m\u1ed9t t\u00e1c ph\u1ea9m ngh\u1ec7 thu\u1eadt ki\u1ec1u di\u1ec5m hi\u1ebfm c\u00f3.<\/p>\n<p>\u2022 Th\u00f4ng s\u1ed1 \u0111\u00e0n:<br \/>\nTop: spruce<br \/>\nBack, side: Brazil rosewood<br \/>\nScale, nut: 650mm, 51mm<\/p>","protected":false},"excerpt":{"rendered":"<p>Enrico Bottelli l\u00e0 ngh\u1ec7 nh\u00e2n \u0111\u01b0\u01a1ng \u0111\u1ea1i r\u1ea5t n\u1ed5i ti\u1ebfng ng\u01b0\u1eddi \u00dd, \u00f4ng l\u00e0 luthier b\u1eadc th\u1ea7y c\u1ee7a r\u1ea5t nhi\u1ec1u luthier tr\u1ebb kh\u00e1c \u0111ang n\u1ed5i ti\u1ebfng trong l\u0129nh v\u1ef1c ch\u1ebf t\u00e1c guitar. Nh\u1eefng nh\u1ea1c c\u1ee5 c\u1ee7a \u00f4ng c\u00f3 t\u00ednh th\u1ea9m m\u1ef9 cao b\u1edfi s\u1ef1 thanh l\u1ecbch v\u00e0 h\u00e0i h\u00f2a, l\u1ecbch thi\u1ec7p v\u00e0 nh\u00e3 nh\u1eb7n. V\u1edbi&#8230;<\/p>","protected":false},"featured_media":5226,"template":"","meta":[],"product_cat":[533,20,213],"product_tag":[],"class_list":["post-5225","product","type-product","status-publish","has-post-thumbnail","hentry","product_cat-luxury","product_cat-dan-guitar","product_cat-dan-cao-cap"],"_links":{"self":[{"href":"https:\/\/emotionguitars.com\/en\/wp-json\/wp\/v2\/product\/5225","targetHints":{"allow":["GET"]}}],"collection":[{"href":"https:\/\/emotionguitars.com\/en\/wp-json\/wp\/v2\/product"}],"about":[{"href":"https:\/\/emotionguitars.com\/en\/wp-json\/wp\/v2\/types\/product"}],"wp:featuredmedia":[{"embeddable":true,"href":"https:\/\/emotionguitars.com\/en\/wp-json\/wp\/v2\/media\/5226"}],"wp:attachment":[{"href":"https:\/\/emotionguitars.com\/en\/wp-json\/wp\/v2\/media?parent=5225"}],"wp:term":[{"taxonomy":"product_cat","embeddable":true,"href":"https:\/\/emotionguitars.com\/en\/wp-json\/wp\/v2\/product_cat?post=5225"},{"taxonomy":"product_tag","embeddable":true,"href":"https:\/\/emotionguitars.com\/en\/wp-json\/wp\/v2\/product_tag?post=5225"}],"curies":[{"name":"wp","href":"https:\/\/api.w.org\/{rel}","templated":true}]}}