{"id":5262,"date":"2024-08-16T13:04:09","date_gmt":"2024-08-16T06:04:09","guid":{"rendered":"https:\/\/emotionguitars.com\/?post_type=product&#038;p=5262"},"modified":"2025-04-29T23:41:05","modified_gmt":"2025-04-29T16:41:05","slug":"esteve-7sr-ce-2024-brand-new","status":"publish","type":"product","link":"https:\/\/emotionguitars.com\/en\/product\/esteve-7sr-ce-2024-brand-new\/","title":{"rendered":"Esteve 7SR CE &#8211; 2024 (brand new)"},"content":{"rendered":"<p>Esteve l\u00e0 h\u00e3ng \u0111\u00e0n th\u1ee7 c\u00f4ng n\u1ed5i ti\u1ebfng c\u1ee7a Valencia.<br \/>\nNh\u1eefng s\u1ea3n ph\u1ea9m classic v\u00e0 Flamenco c\u1ee7a Esteve lu\u00f4n \u0111\u01b0\u1ee3c \u0111\u00e1nh gi\u00e1 cao b\u1edfi chi\u1ebft l\u00fd \u00e2m thanh r\u1ea5t \u0111\u1ed9c \u0111\u00e1o, lu\u00f4n h\u01b0\u1edbng \u0111\u1ebfn s\u1ef1 ng\u1ecdt ng\u00e0o v\u00e0 t\u00e1ch b\u1ea1ch.<\/p>\n<p>Model 7SR CE l\u00e0 bi\u1ebfn th\u1ec3 c\u1ee7a d\u00f2ng 7SR truy\u1ec1n th\u1ed1ng khi cho th\u00eam b\u1ed9 EQ Fishman Pro Blend cao c\u1ea5p. S\u1ef1 th\u00e2n thi\u1ec7n c\u0169ng nh\u01b0 \u00e2m thanh s\u00e2u v\u00e0 \u0111\u1ea7y \u0111\u1eb7n l\u00e0 \u0111i\u1ec3m c\u1ed9ng c\u1ee7a m\u1eabu \u0111\u00e0n Full solid th\u1ee7 c\u00f4ng n\u00e0y.<\/p>","protected":false},"excerpt":{"rendered":"<p>Esteve l\u00e0 h\u00e3ng \u0111\u00e0n th\u1ee7 c\u00f4ng n\u1ed5i ti\u1ebfng c\u1ee7a Valencia. Nh\u1eefng s\u1ea3n ph\u1ea9m classic v\u00e0 Flamenco c\u1ee7a Esteve lu\u00f4n \u0111\u01b0\u1ee3c \u0111\u00e1nh gi\u00e1 cao b\u1edfi chi\u1ebft l\u00fd \u00e2m thanh r\u1ea5t \u0111\u1ed9c \u0111\u00e1o, lu\u00f4n h\u01b0\u1edbng \u0111\u1ebfn s\u1ef1 ng\u1ecdt ng\u00e0o v\u00e0 t\u00e1ch b\u1ea1ch. Model 7SR CE l\u00e0 bi\u1ebfn th\u1ec3 c\u1ee7a d\u00f2ng 7SR truy\u1ec1n th\u1ed1ng khi cho th\u00eam b\u1ed9&#8230;<\/p>","protected":false},"featured_media":5263,"template":"","meta":[],"product_cat":[541,20,213],"product_tag":[],"class_list":["post-5262","product","type-product","status-publish","has-post-thumbnail","hentry","product_cat-esteve-adalid-guitar","product_cat-dan-guitar","product_cat-dan-cao-cap"],"_links":{"self":[{"href":"https:\/\/emotionguitars.com\/en\/wp-json\/wp\/v2\/product\/5262","targetHints":{"allow":["GET"]}}],"collection":[{"href":"https:\/\/emotionguitars.com\/en\/wp-json\/wp\/v2\/product"}],"about":[{"href":"https:\/\/emotionguitars.com\/en\/wp-json\/wp\/v2\/types\/product"}],"wp:featuredmedia":[{"embeddable":true,"href":"https:\/\/emotionguitars.com\/en\/wp-json\/wp\/v2\/media\/5263"}],"wp:attachment":[{"href":"https:\/\/emotionguitars.com\/en\/wp-json\/wp\/v2\/media?parent=5262"}],"wp:term":[{"taxonomy":"product_cat","embeddable":true,"href":"https:\/\/emotionguitars.com\/en\/wp-json\/wp\/v2\/product_cat?post=5262"},{"taxonomy":"product_tag","embeddable":true,"href":"https:\/\/emotionguitars.com\/en\/wp-json\/wp\/v2\/product_tag?post=5262"}],"curies":[{"name":"wp","href":"https:\/\/api.w.org\/{rel}","templated":true}]}}