{"id":5282,"date":"2024-08-22T09:34:05","date_gmt":"2024-08-22T02:34:05","guid":{"rendered":"https:\/\/emotionguitars.com\/?post_type=product&#038;p=5282"},"modified":"2025-04-29T23:31:11","modified_gmt":"2025-04-29T16:31:11","slug":"ahambra-madagasca-luthier-2024-brand-new","status":"publish","type":"product","link":"https:\/\/emotionguitars.com\/en\/product\/ahambra-madagasca-luthier-2024-brand-new\/","title":{"rendered":"Ahambra Madagasca Luthier &#8211; 2024 (brand new)"},"content":{"rendered":"<p>C\u00e2y \u0111\u00e0n concert \u0111\u01b0\u1ee3c ngh\u1ec7 nh\u00e2n Javier Mengual l\u00e0 th\u1ee3 ch\u00ednh c\u1ee7a Ahambra th\u1ef1c hi\u1ec7n. C\u00e2y \u0111\u00e0n c\u00f3 l\u1ed1i ph\u00e1t \u00e2m \u0111\u1eadm ch\u1ea5t T\u00e2y Ban Nha truy\u1ec1n th\u1ed1ng, r\u1ef1c r\u1ee1 nh\u01b0ng s\u00e2u l\u1eafng c\u00f9ng \u00e2m l\u01b0\u1ee3ng kh\u00e1 \u1ea5n t\u01b0\u1ee3ng.<br \/>\nTop Cedaz cho ra \u00e2m thanh \u1ea5m \u00e1p v\u00e0 b\u1ed9 g\u1ed7 Madagasca r\u1ea5t \u0111\u1eb9p \u1edf ph\u00eda l\u01b0ng v\u00e0 h\u00f4ng \u0111\u00e0n.<\/p>","protected":false},"excerpt":{"rendered":"<p>C\u00e2y \u0111\u00e0n concert \u0111\u01b0\u1ee3c ngh\u1ec7 nh\u00e2n Javier Mengual l\u00e0 th\u1ee3 ch\u00ednh c\u1ee7a Ahambra th\u1ef1c hi\u1ec7n. C\u00e2y \u0111\u00e0n c\u00f3 l\u1ed1i ph\u00e1t \u00e2m \u0111\u1eadm ch\u1ea5t T\u00e2y Ban Nha truy\u1ec1n th\u1ed1ng, r\u1ef1c r\u1ee1 nh\u01b0ng s\u00e2u l\u1eafng c\u00f9ng \u00e2m l\u01b0\u1ee3ng kh\u00e1 \u1ea5n t\u01b0\u1ee3ng. Top Cedaz cho ra \u00e2m thanh \u1ea5m \u00e1p v\u00e0 b\u1ed9 g\u1ed7 Madagasca r\u1ea5t \u0111\u1eb9p \u1edf ph\u00eda&#8230;<\/p>","protected":false},"featured_media":5283,"template":"","meta":[],"product_cat":[20,213],"product_tag":[],"class_list":["post-5282","product","type-product","status-publish","has-post-thumbnail","hentry","product_cat-dan-guitar","product_cat-dan-cao-cap"],"_links":{"self":[{"href":"https:\/\/emotionguitars.com\/en\/wp-json\/wp\/v2\/product\/5282","targetHints":{"allow":["GET"]}}],"collection":[{"href":"https:\/\/emotionguitars.com\/en\/wp-json\/wp\/v2\/product"}],"about":[{"href":"https:\/\/emotionguitars.com\/en\/wp-json\/wp\/v2\/types\/product"}],"wp:featuredmedia":[{"embeddable":true,"href":"https:\/\/emotionguitars.com\/en\/wp-json\/wp\/v2\/media\/5283"}],"wp:attachment":[{"href":"https:\/\/emotionguitars.com\/en\/wp-json\/wp\/v2\/media?parent=5282"}],"wp:term":[{"taxonomy":"product_cat","embeddable":true,"href":"https:\/\/emotionguitars.com\/en\/wp-json\/wp\/v2\/product_cat?post=5282"},{"taxonomy":"product_tag","embeddable":true,"href":"https:\/\/emotionguitars.com\/en\/wp-json\/wp\/v2\/product_tag?post=5282"}],"curies":[{"name":"wp","href":"https:\/\/api.w.org\/{rel}","templated":true}]}}