{"id":5290,"date":"2024-08-26T23:28:47","date_gmt":"2024-08-26T16:28:47","guid":{"rendered":"https:\/\/emotionguitars.com\/?post_type=product&#038;p=5290"},"modified":"2025-04-29T23:27:13","modified_gmt":"2025-04-29T16:27:13","slug":"juan-hernandez-lorca-cut-ce-brand-new","status":"publish","type":"product","link":"https:\/\/emotionguitars.com\/en\/product\/juan-hernandez-lorca-cut-ce-brand-new\/","title":{"rendered":"Juan Hernandez Lorca Cut CE (brand new)"},"content":{"rendered":"<p>C\u00e2y \u0111\u00e0n \u0111\u01b0\u1ee3c l\u00e0m t\u1eeb g\u1ed7 th\u00f4ng 3a+ \u1edf Top v\u00e0 maprle gi\u00e0 \u1edf l\u01b0ng v\u00e0 h\u00f4ng, c\u00f9ng v\u1edbi h\u1ec7 th\u1ed1ng Fishman Pro lend h\u1ed7 tr\u1ee3 n\u00ean v\u1ec1 m\u1eb7t \u00e2m thanh \u0111\u00e2y l\u00e0 c\u00e2y \u0111\u00e0n \u1ea5n t\u01b0\u1ee3ng c\u1ea3 v\u1ec1 \u00e2m m\u1ed9c l\u1eabn qua amly.<\/p>","protected":false},"excerpt":{"rendered":"<p>C\u00e2y \u0111\u00e0n \u0111\u01b0\u1ee3c l\u00e0m t\u1eeb g\u1ed7 th\u00f4ng 3a+ \u1edf Top v\u00e0 maprle gi\u00e0 \u1edf l\u01b0ng v\u00e0 h\u00f4ng, c\u00f9ng v\u1edbi h\u1ec7 th\u1ed1ng Fishman Pro lend h\u1ed7 tr\u1ee3 n\u00ean v\u1ec1 m\u1eb7t \u00e2m thanh \u0111\u00e2y l\u00e0 c\u00e2y \u0111\u00e0n \u1ea5n t\u01b0\u1ee3ng c\u1ea3 v\u1ec1 \u00e2m m\u1ed9c l\u1eabn qua amly.<\/p>","protected":false},"featured_media":5291,"template":"","meta":[],"product_cat":[540,20,213],"product_tag":[726],"class_list":["post-5290","product","type-product","status-publish","has-post-thumbnail","hentry","product_cat-juan-hernandez","product_cat-dan-guitar","product_cat-dan-cao-cap","product_tag-hernandez-lorca-cut-ce"],"_links":{"self":[{"href":"https:\/\/emotionguitars.com\/en\/wp-json\/wp\/v2\/product\/5290","targetHints":{"allow":["GET"]}}],"collection":[{"href":"https:\/\/emotionguitars.com\/en\/wp-json\/wp\/v2\/product"}],"about":[{"href":"https:\/\/emotionguitars.com\/en\/wp-json\/wp\/v2\/types\/product"}],"wp:featuredmedia":[{"embeddable":true,"href":"https:\/\/emotionguitars.com\/en\/wp-json\/wp\/v2\/media\/5291"}],"wp:attachment":[{"href":"https:\/\/emotionguitars.com\/en\/wp-json\/wp\/v2\/media?parent=5290"}],"wp:term":[{"taxonomy":"product_cat","embeddable":true,"href":"https:\/\/emotionguitars.com\/en\/wp-json\/wp\/v2\/product_cat?post=5290"},{"taxonomy":"product_tag","embeddable":true,"href":"https:\/\/emotionguitars.com\/en\/wp-json\/wp\/v2\/product_tag?post=5290"}],"curies":[{"name":"wp","href":"https:\/\/api.w.org\/{rel}","templated":true}]}}