{"id":5297,"date":"2024-09-01T08:24:08","date_gmt":"2024-09-01T01:24:08","guid":{"rendered":"https:\/\/emotionguitars.com\/?post_type=product&#038;p=5297"},"modified":"2025-04-29T23:24:21","modified_gmt":"2025-04-29T16:24:21","slug":"jellinghaus-torres-fe04-leona-2024","status":"publish","type":"product","link":"https:\/\/emotionguitars.com\/en\/product\/jellinghaus-torres-fe04-leona-2024\/","title":{"rendered":"Jellinghaus Torres FE04 Leona &#8211; 2024"},"content":{"rendered":"<p>C\u00e2y \u0111\u00e0n l\u00e0m theo m\u1eabu Torres n\u0103m 1856 v\u1edbi t\u00ean g\u1ecdi Leona, ngh\u0129a l\u00e0 \u201cS\u01b0 t\u1eed c\u00e1i\u201d. Wolfgang Jellinghaus \u0111\u00e3 d\u00e0nh nhi\u1ec1u n\u0103m s\u1ef1 nghi\u1ec7p \u0111\u1ec3 nghi\u00ean c\u1ee9u v\u1ec1 nhi\u1ec1u m\u1eabu copy nguy\u00ean b\u1ea3n c\u1ee7a t\u1ea5t c\u1ea3 c\u00e1c c\u00e2y \u0111\u00e0n mang t\u00ednh kinh \u0111i\u1ec3n v\u00e0 l\u1ecbch s\u1eed c\u1ee7a guitar c\u1ed5 \u0111i\u1ec3n.<br \/>\n\u0110\u00e2y l\u00e0 c\u00e2y \u0111\u00e0n c\u00f3 tr\u1ecdng l\u01b0\u1ee3ng ch\u1ec9 1kg nh\u01b0ng k\u1ebft c\u1ea5u ch\u1eafc ch\u1eafn c\u00f9ng v\u1edbi \u00e2m thanh vang v\u1ecdng, \u0111\u01b0\u1ee3m \u0111\u00e0 v\u00e0 tinh t\u1ebf.<br \/>\n\u0110\u00e0n thi\u1ebft k\u1ebf c\u00f3 ph\u1ea7n nh\u1ecf g\u1ecdn gi\u1ed1ng v\u1edbi nguy\u00ean b\u1ea3n nh\u01b0ng \u00e2m thanh ph\u00e1t ra m\u1ea1nh m\u1ebd v\u00e0 r\u1ea5t gi\u00e0u \u00e2m s\u1eafc truy\u1ec1n th\u1ed1ng.<br \/>\nTh\u1ef1c s\u1ef1 r\u1ea5t \u1ea5n t\u01b0\u1ee3ng.<\/p>\n<p><iframe loading=\"lazy\" title=\"Guitar Jellinghaus Torres Leona v\u00e0 SE43 | D\u1ea5u \u1ea5n cu\u1ed1i c\u00f9ng\" width=\"1020\" height=\"574\" src=\"https:\/\/www.youtube.com\/embed\/jpOndnJIdtk?feature=oembed\" frameborder=\"0\" allow=\"accelerometer; autoplay; clipboard-write; encrypted-media; gyroscope; picture-in-picture; web-share\" referrerpolicy=\"strict-origin-when-cross-origin\" allowfullscreen><\/iframe><\/p>","protected":false},"excerpt":{"rendered":"<p>C\u00e2y \u0111\u00e0n l\u00e0m theo m\u1eabu Torres n\u0103m 1856 v\u1edbi t\u00ean g\u1ecdi Leona, ngh\u0129a l\u00e0 \u201cS\u01b0 t\u1eed c\u00e1i\u201d. Wolfgang Jellinghaus \u0111\u00e3 d\u00e0nh nhi\u1ec1u n\u0103m s\u1ef1 nghi\u1ec7p \u0111\u1ec3 nghi\u00ean c\u1ee9u v\u1ec1 nhi\u1ec1u m\u1eabu copy nguy\u00ean b\u1ea3n c\u1ee7a t\u1ea5t c\u1ea3 c\u00e1c c\u00e2y \u0111\u00e0n mang t\u00ednh kinh \u0111i\u1ec3n v\u00e0 l\u1ecbch s\u1eed c\u1ee7a guitar c\u1ed5 \u0111i\u1ec3n. \u0110\u00e2y l\u00e0 c\u00e2y \u0111\u00e0n&#8230;<\/p>","protected":false},"featured_media":5299,"template":"","meta":[],"product_cat":[20,30,213],"product_tag":[406],"class_list":["post-5297","product","type-product","status-publish","has-post-thumbnail","hentry","product_cat-dan-guitar","product_cat-wolgang-jellinghaus","product_cat-dan-cao-cap","product_tag-torres-leona"],"_links":{"self":[{"href":"https:\/\/emotionguitars.com\/en\/wp-json\/wp\/v2\/product\/5297","targetHints":{"allow":["GET"]}}],"collection":[{"href":"https:\/\/emotionguitars.com\/en\/wp-json\/wp\/v2\/product"}],"about":[{"href":"https:\/\/emotionguitars.com\/en\/wp-json\/wp\/v2\/types\/product"}],"wp:featuredmedia":[{"embeddable":true,"href":"https:\/\/emotionguitars.com\/en\/wp-json\/wp\/v2\/media\/5299"}],"wp:attachment":[{"href":"https:\/\/emotionguitars.com\/en\/wp-json\/wp\/v2\/media?parent=5297"}],"wp:term":[{"taxonomy":"product_cat","embeddable":true,"href":"https:\/\/emotionguitars.com\/en\/wp-json\/wp\/v2\/product_cat?post=5297"},{"taxonomy":"product_tag","embeddable":true,"href":"https:\/\/emotionguitars.com\/en\/wp-json\/wp\/v2\/product_tag?post=5297"}],"curies":[{"name":"wp","href":"https:\/\/api.w.org\/{rel}","templated":true}]}}