{"id":5308,"date":"2024-09-07T00:00:06","date_gmt":"2024-09-06T17:00:06","guid":{"rendered":"https:\/\/emotionguitars.com\/?post_type=product&#038;p=5308"},"modified":"2025-05-16T05:19:41","modified_gmt":"2025-05-15T22:19:41","slug":"masaki-sakurai-concert-j-2003-like-new","status":"publish","type":"product","link":"https:\/\/emotionguitars.com\/en\/product\/masaki-sakurai-concert-j-2003-like-new\/","title":{"rendered":"Masaki Sakurai Concert J &#8211; 2003 (like new)"},"content":{"rendered":"<p>C\u00e2y \u0111\u00e0n c\u00f3 \u0111\u1ed9 m\u1edbi ho\u00e0n h\u1ea3o v\u00e0 \u00e2m thanh trong tr\u1ebbo m\u1ed9t c\u00e1ch \u0111\u1eb7c bi\u1ec7t. M\u1ecdi chi ti\u1ebft tr\u00ean \u0111\u00e0n \u0111\u1ec1u ho\u00e0n h\u1ea3o v\u00e0 t\u1ea1o c\u1ea3m gi\u00e1c d\u1ec5 ch\u1ecbu cho ng\u01b0\u1eddi ch\u01a1i.<\/p>","protected":false},"excerpt":{"rendered":"<p>C\u00e2y \u0111\u00e0n c\u00f3 \u0111\u1ed9 m\u1edbi ho\u00e0n h\u1ea3o v\u00e0 \u00e2m thanh trong tr\u1ebbo m\u1ed9t c\u00e1ch \u0111\u1eb7c bi\u1ec7t. M\u1ecdi chi ti\u1ebft tr\u00ean \u0111\u00e0n \u0111\u1ec1u ho\u00e0n h\u1ea3o v\u00e0 t\u1ea1o c\u1ea3m gi\u00e1c d\u1ec5 ch\u1ecbu cho ng\u01b0\u1eddi ch\u01a1i.<\/p>","protected":false},"featured_media":5309,"template":"","meta":[],"product_cat":[20,25,213],"product_tag":[],"class_list":["post-5308","product","type-product","status-publish","has-post-thumbnail","hentry","product_cat-dan-guitar","product_cat-sakurai-kohno","product_cat-dan-cao-cap"],"_links":{"self":[{"href":"https:\/\/emotionguitars.com\/en\/wp-json\/wp\/v2\/product\/5308","targetHints":{"allow":["GET"]}}],"collection":[{"href":"https:\/\/emotionguitars.com\/en\/wp-json\/wp\/v2\/product"}],"about":[{"href":"https:\/\/emotionguitars.com\/en\/wp-json\/wp\/v2\/types\/product"}],"wp:featuredmedia":[{"embeddable":true,"href":"https:\/\/emotionguitars.com\/en\/wp-json\/wp\/v2\/media\/5309"}],"wp:attachment":[{"href":"https:\/\/emotionguitars.com\/en\/wp-json\/wp\/v2\/media?parent=5308"}],"wp:term":[{"taxonomy":"product_cat","embeddable":true,"href":"https:\/\/emotionguitars.com\/en\/wp-json\/wp\/v2\/product_cat?post=5308"},{"taxonomy":"product_tag","embeddable":true,"href":"https:\/\/emotionguitars.com\/en\/wp-json\/wp\/v2\/product_tag?post=5308"}],"curies":[{"name":"wp","href":"https:\/\/api.w.org\/{rel}","templated":true}]}}