{"id":5317,"date":"2024-09-21T14:26:31","date_gmt":"2024-09-21T07:26:31","guid":{"rendered":"https:\/\/emotionguitars.com\/?post_type=product&#038;p=5317"},"modified":"2025-04-29T23:33:24","modified_gmt":"2025-04-29T16:33:24","slug":"daniel-friedrich-1972-excellent","status":"publish","type":"product","link":"https:\/\/emotionguitars.com\/en\/product\/daniel-friedrich-1972-excellent\/","title":{"rendered":"Daniel Friedrich &#8211; 1972 (excellent)"},"content":{"rendered":"<p>Daniel Friedrich l\u00e0 m\u1ed9t trong v\u00e0i ngh\u1ec7 nh\u00e2n \u0111\u01b0\u1ee3c coi l\u00e0 xu\u1ea5t ch\u00fang nh\u1ea5t m\u1ecdi th\u1eddi \u0111\u1ea1i khi m\u00e0 nh\u1eefng guitar c\u1ee7a \u00f4ng \u0111\u00e3 g\u1eafn li\u1ec1n v\u1edbi nhi\u1ec1u t\u00ean tu\u1ed5i r\u1ea5t n\u1ed5i ti\u1ebfng t\u1eeb c\u00e1c th\u1ebf h\u1ec7 c\u0169 \u0111\u1ebfn m\u1edbi nh\u01b0 Roberto Aussel, Kuhyee Park\u2026<br \/>\n\u00c2m thanh c\u1ee7a Daniel Friedrich theo nh\u01b0 ch\u00ednh ngh\u1ec7 nh\u00e2n l\u00e0m ra m\u00f4 t\u1ea3 th\u00ec n\u00f3 c\u00f3 \u0111\u1eb7c t\u00ednh l\u00e0 s\u1ef1 c\u1ed9ng h\u01b0\u1edfng nh\u01b0 ki\u1ec3u m\u1ed7i n\u1ed1t ng\u00e2n l\u00ean l\u1ea1i t\u1ea1o th\u00e0nh m\u1ed9t h\u1ee3p \u00e2m m\u1edbi. S\u1ef1 phi th\u01b0\u1eddng c\u1ee7a guitar Daniel Friedrich l\u00e0 kh\u00f4ng th\u1ec3 di\u1ec5n t\u1ea3 b\u1eb1ng l\u1eddi m\u00e0 ch\u1ec9 c\u00f3 th\u1ec3 c\u1ea3m nh\u1eadn.<br \/>\nC\u00e2y \u0111\u00e0n c\u1ee7a Show room s\u1ea3n xu\u1ea5t n\u0103m 1972 v\u1edbi \u0111\u1ed9 m\u1edbi ho\u00e0n h\u1ea3o v\u00e0 nguy\u00ean b\u1ea3n 100%, th\u1eadt s\u1ef1 r\u1ea5t \u1ea5n t\u01b0\u1ee3ng d\u00f9 \u0111\u00e3 tr\u1ea3i qua 52 n\u0103m sau khi ra \u0111\u1eddi. V\u1edbi top spruce v\u00e0 g\u1ed7 India si\u00eau gi\u00e0.<br \/>\nNh\u1eefng guitar Daniel Friedrich t\u1eeb n\u0103m 1968 &#8211; 1972 \u0111\u01b0\u1ee3c coi l\u00e0 nh\u1eefng guitar qu\u00fd hi\u1ebfm nh\u1ea5t b\u1edfi n\u00f3 \u0111\u1ee7 \u0111\u1ed9 ch\u00edn trong ngh\u1ec1 v\u00e0 h\u1ea7u h\u1ebft s\u1eed d\u1ee5ng l\u1ed1i \u00e2m truy\u1ec1n th\u1ed1ng v\u00e0 Top spruce, lo\u1ea1i top v\u00e0 h\u1ec7 nan m\u00e0 sau n\u0103m 1973 Daniel \u0111\u00e3 thanh \u0111\u1ed5i th\u00e0nh Cedaz c\u0169ng nh\u01b0 h\u1ec7 nan manh t\u00ednh hi\u1ec7n \u0111\u1ea1i h\u01a1n \u0111\u1ec3 ph\u1ee5c v\u1ee5 cho nh\u1eefng ngh\u1ec7 s\u0129 mu\u1ed1n nh\u1eefng \u00e2m l\u01b0\u1ee3ng l\u1edbn h\u01a1n.<\/p>","protected":false},"excerpt":{"rendered":"<p>Daniel Friedrich l\u00e0 m\u1ed9t trong v\u00e0i ngh\u1ec7 nh\u00e2n \u0111\u01b0\u1ee3c coi l\u00e0 xu\u1ea5t ch\u00fang nh\u1ea5t m\u1ecdi th\u1eddi \u0111\u1ea1i khi m\u00e0 nh\u1eefng guitar c\u1ee7a \u00f4ng \u0111\u00e3 g\u1eafn li\u1ec1n v\u1edbi nhi\u1ec1u t\u00ean tu\u1ed5i r\u1ea5t n\u1ed5i ti\u1ebfng t\u1eeb c\u00e1c th\u1ebf h\u1ec7 c\u0169 \u0111\u1ebfn m\u1edbi nh\u01b0 Roberto Aussel, Kuhyee Park\u2026 \u00c2m thanh c\u1ee7a Daniel Friedrich theo nh\u01b0 ch\u00ednh ngh\u1ec7 nh\u00e2n&#8230;<\/p>","protected":false},"featured_media":5318,"template":"","meta":[],"product_cat":[533,20,213],"product_tag":[],"class_list":["post-5317","product","type-product","status-publish","has-post-thumbnail","hentry","product_cat-luxury","product_cat-dan-guitar","product_cat-dan-cao-cap"],"_links":{"self":[{"href":"https:\/\/emotionguitars.com\/en\/wp-json\/wp\/v2\/product\/5317","targetHints":{"allow":["GET"]}}],"collection":[{"href":"https:\/\/emotionguitars.com\/en\/wp-json\/wp\/v2\/product"}],"about":[{"href":"https:\/\/emotionguitars.com\/en\/wp-json\/wp\/v2\/types\/product"}],"wp:featuredmedia":[{"embeddable":true,"href":"https:\/\/emotionguitars.com\/en\/wp-json\/wp\/v2\/media\/5318"}],"wp:attachment":[{"href":"https:\/\/emotionguitars.com\/en\/wp-json\/wp\/v2\/media?parent=5317"}],"wp:term":[{"taxonomy":"product_cat","embeddable":true,"href":"https:\/\/emotionguitars.com\/en\/wp-json\/wp\/v2\/product_cat?post=5317"},{"taxonomy":"product_tag","embeddable":true,"href":"https:\/\/emotionguitars.com\/en\/wp-json\/wp\/v2\/product_tag?post=5317"}],"curies":[{"name":"wp","href":"https:\/\/api.w.org\/{rel}","templated":true}]}}