{"id":5330,"date":"2024-10-28T08:59:45","date_gmt":"2024-10-28T01:59:45","guid":{"rendered":"https:\/\/emotionguitars.com\/?post_type=product&#038;p=5330"},"modified":"2025-04-29T23:51:23","modified_gmt":"2025-04-29T16:51:23","slug":"saers-s5-brand-new-2","status":"publish","type":"product","link":"https:\/\/emotionguitars.com\/en\/product\/saers-s5-brand-new-2\/","title":{"rendered":"Saers S5 (brand new)"},"content":{"rendered":"<p>C\u00e2y \u0111\u00e0n v\u1edbi h\u1ec7 nan Lattice \u0111\u00e3 r\u1ea5t n\u1ed5i ti\u1ebfng \u1edf c\u1ed9ng \u0111\u1ed3ng guitar c\u1ed5 \u0111i\u1ec3n t\u1ea1i VN trong 3 n\u0103m nay. Tuy nhi\u00ean, th\u1ebf h\u1ec7 \u0111\u00e0n m\u1edbi c\u1ee7a Saers \u0111\u00e3 \u0111\u01b0\u1ee3c c\u1ea3i ti\u1ebfn r\u1ea5t nhi\u1ec1u t\u1eeb n\u0103m nay t\u1eeb ch\u1ea5t l\u01b0\u1ee3ng g\u1ed7, c\u00e1ch th\u1ef1c hi\u1ec7n ban, ph\u00edm \u0111\u00e0n\u2026 \u0111\u1ec3 t\u1ea1o ra s\u1ef1 c\u1ed9ng h\u01b0\u1edfng t\u1ed1i \u01b0u nh\u1ea5t.<br \/>\nC\u00e1c \u00e2m b\u1ed9i over tone r\u1ea5t phong Ph\u00fa l\u00e0 \u0111i\u1ec3m r\u1ea5t \u1ea5n t\u01b0\u1ee3ng c\u1ee7a Saers s5 m\u00e0 \u0111\u00e0n d\u01b0\u1edbi 20 tri\u1ec7u kh\u00f3 l\u00e0m \u0111\u01b0\u1ee3c t\u01b0\u01a1ng t\u1ef1.<\/p>","protected":false},"excerpt":{"rendered":"<p>C\u00e2y \u0111\u00e0n v\u1edbi h\u1ec7 nan Lattice \u0111\u00e3 r\u1ea5t n\u1ed5i ti\u1ebfng \u1edf c\u1ed9ng \u0111\u1ed3ng guitar c\u1ed5 \u0111i\u1ec3n t\u1ea1i VN trong 3 n\u0103m nay. Tuy nhi\u00ean, th\u1ebf h\u1ec7 \u0111\u00e0n m\u1edbi c\u1ee7a Saers \u0111\u00e3 \u0111\u01b0\u1ee3c c\u1ea3i ti\u1ebfn r\u1ea5t nhi\u1ec1u t\u1eeb n\u0103m nay t\u1eeb ch\u1ea5t l\u01b0\u1ee3ng g\u1ed7, c\u00e1ch th\u1ef1c hi\u1ec7n ban, ph\u00edm \u0111\u00e0n\u2026 \u0111\u1ec3 t\u1ea1o ra s\u1ef1 c\u1ed9ng h\u01b0\u1edfng&#8230;<\/p>","protected":false},"featured_media":5336,"template":"","meta":[],"product_cat":[20,22],"product_tag":[],"class_list":["post-5330","product","type-product","status-publish","has-post-thumbnail","hentry","product_cat-dan-guitar","product_cat-saers-guitar"],"_links":{"self":[{"href":"https:\/\/emotionguitars.com\/en\/wp-json\/wp\/v2\/product\/5330","targetHints":{"allow":["GET"]}}],"collection":[{"href":"https:\/\/emotionguitars.com\/en\/wp-json\/wp\/v2\/product"}],"about":[{"href":"https:\/\/emotionguitars.com\/en\/wp-json\/wp\/v2\/types\/product"}],"wp:featuredmedia":[{"embeddable":true,"href":"https:\/\/emotionguitars.com\/en\/wp-json\/wp\/v2\/media\/5336"}],"wp:attachment":[{"href":"https:\/\/emotionguitars.com\/en\/wp-json\/wp\/v2\/media?parent=5330"}],"wp:term":[{"taxonomy":"product_cat","embeddable":true,"href":"https:\/\/emotionguitars.com\/en\/wp-json\/wp\/v2\/product_cat?post=5330"},{"taxonomy":"product_tag","embeddable":true,"href":"https:\/\/emotionguitars.com\/en\/wp-json\/wp\/v2\/product_tag?post=5330"}],"curies":[{"name":"wp","href":"https:\/\/api.w.org\/{rel}","templated":true}]}}