{"id":5344,"date":"2024-10-31T09:57:19","date_gmt":"2024-10-31T02:57:19","guid":{"rendered":"https:\/\/emotionguitars.com\/?post_type=product&#038;p=5344"},"modified":"2025-04-27T01:14:24","modified_gmt":"2025-04-26T18:14:24","slug":"masaru-kohno-professional-1987-very-good","status":"publish","type":"product","link":"https:\/\/emotionguitars.com\/en\/product\/masaru-kohno-professional-1987-very-good\/","title":{"rendered":"Masaru Kohno Professional 1987 (very good)"},"content":{"rendered":"<p>Masaru Kohno l\u00e0 ngh\u1ec7 nh\u00e2n \u0111\u01b0\u1ee3c coi l\u00e0 s\u1ed1 1 trong l\u1ecbch s\u1eed l\u00e0m \u0111\u00e0n guitar Nh\u1eadt B\u1ea3n b\u1edfi nh\u1eefng \u1ea3nh h\u01b0\u1edfng m\u00e0 \u00f4ng \u0111\u00e3 t\u1ea1o d\u1ef1ng ra.<br \/>\nC\u00e2y \u0111\u00e0n model Pro J c\u00f3 h\u00ecnh th\u1ee9c c\u00f2n kh\u00e1 \u0111\u1eb9p, m\u1ed9t s\u1ed1 v\u1ebft ch\u1ea7u x\u01b0\u1edbc tr\u00ean t\u00f4 v\u00e0 l\u01b0ng, vi\u1ec1n \u0111\u00e0n. Tuy nhi\u00ean t\u1ed5ng th\u1ec3 \u0111\u00e2y l\u00e0 m\u1ed9t c\u00e2y \u0111\u00e0n r\u1ea5t \u1ea5n t\u01b0\u1ee3ng. \u00c2m thanh sang tr\u1ecdng v\u00e0 trong tr\u1ebbo, gi\u00e0u c\u1ea3m x\u00fac r\u1ea5t thu h\u00fat ng\u01b0\u1eddi nghe.<\/p>\n<p>\u2022 Th\u00f4ng s\u1ed1 \u0111\u00e0n:<br \/>\nTop: spruce<br \/>\nBack, side: Jacaranda<br \/>\nScale, nut: 650mm, 52mm<br \/>\nK\u00e8m case, gi\u1ea5y t\u1edd nguy\u00ean th\u1ee7y, 1 b\u1ed9 d\u00e2y Savarez.<\/p>","protected":false},"excerpt":{"rendered":"<p>Masaru Kohno l\u00e0 ngh\u1ec7 nh\u00e2n \u0111\u01b0\u1ee3c coi l\u00e0 s\u1ed1 1 trong l\u1ecbch s\u1eed l\u00e0m \u0111\u00e0n guitar Nh\u1eadt B\u1ea3n b\u1edfi nh\u1eefng \u1ea3nh h\u01b0\u1edfng m\u00e0 \u00f4ng \u0111\u00e3 t\u1ea1o d\u1ef1ng ra. C\u00e2y \u0111\u00e0n model Pro J c\u00f3 h\u00ecnh th\u1ee9c c\u00f2n kh\u00e1 \u0111\u1eb9p, m\u1ed9t s\u1ed1 v\u1ebft ch\u1ea7u x\u01b0\u1edbc tr\u00ean t\u00f4 v\u00e0 l\u01b0ng, vi\u1ec1n \u0111\u00e0n. Tuy nhi\u00ean t\u1ed5ng th\u1ec3 \u0111\u00e2y&#8230;<\/p>","protected":false},"featured_media":5345,"template":"","meta":[],"product_cat":[20,25,213],"product_tag":[727],"class_list":["post-5344","product","type-product","status-publish","has-post-thumbnail","hentry","product_cat-dan-guitar","product_cat-sakurai-kohno","product_cat-dan-cao-cap","product_tag-kohno-pro-j"],"_links":{"self":[{"href":"https:\/\/emotionguitars.com\/en\/wp-json\/wp\/v2\/product\/5344","targetHints":{"allow":["GET"]}}],"collection":[{"href":"https:\/\/emotionguitars.com\/en\/wp-json\/wp\/v2\/product"}],"about":[{"href":"https:\/\/emotionguitars.com\/en\/wp-json\/wp\/v2\/types\/product"}],"wp:featuredmedia":[{"embeddable":true,"href":"https:\/\/emotionguitars.com\/en\/wp-json\/wp\/v2\/media\/5345"}],"wp:attachment":[{"href":"https:\/\/emotionguitars.com\/en\/wp-json\/wp\/v2\/media?parent=5344"}],"wp:term":[{"taxonomy":"product_cat","embeddable":true,"href":"https:\/\/emotionguitars.com\/en\/wp-json\/wp\/v2\/product_cat?post=5344"},{"taxonomy":"product_tag","embeddable":true,"href":"https:\/\/emotionguitars.com\/en\/wp-json\/wp\/v2\/product_tag?post=5344"}],"curies":[{"name":"wp","href":"https:\/\/api.w.org\/{rel}","templated":true}]}}