{"id":5355,"date":"2024-11-02T23:09:23","date_gmt":"2024-11-02T16:09:23","guid":{"rendered":"https:\/\/emotionguitars.com\/?post_type=product&#038;p=5355"},"modified":"2025-05-16T05:25:23","modified_gmt":"2025-05-15T22:25:23","slug":"masaru-kohno-20-1977-like-new","status":"publish","type":"product","link":"https:\/\/emotionguitars.com\/en\/product\/masaru-kohno-20-1977-like-new\/","title":{"rendered":"Masaru Kohno 20 &#8211; 1977 (like new)"},"content":{"rendered":"<p>C\u00e2y \u0111\u00e0n nguy\u00ean b\u1ea3n nh\u01b0ng c\u00f3 \u0111\u1ed9 m\u1edbi \u0111\u1ebfn kinh ng\u1ea1c. V\u1edbi b\u1ed9 g\u1ed7 Brazil r\u1ea5t qu\u00fd v\u00e0 \u0111\u1eb9p, c\u00e2y \u0111\u00e0n c\u00f2n cho ra \u00e2m thanh r\u1ea5t qu\u00fd ph\u00e1i v\u00e0 tinh t\u1ebf. <\/p>\n<p>\u2022 Th\u00f4ng s\u1ed1 \u0111\u00e0n:<br \/>\nTop: spruce<br \/>\nBack, site: Brazil rosewood<br \/>\nScale, nut: 660mm, 52mm<\/p>","protected":false},"excerpt":{"rendered":"<p>C\u00e2y \u0111\u00e0n nguy\u00ean b\u1ea3n nh\u01b0ng c\u00f3 \u0111\u1ed9 m\u1edbi \u0111\u1ebfn kinh ng\u1ea1c. V\u1edbi b\u1ed9 g\u1ed7 Brazil r\u1ea5t qu\u00fd v\u00e0 \u0111\u1eb9p, c\u00e2y \u0111\u00e0n c\u00f2n cho ra \u00e2m thanh r\u1ea5t qu\u00fd ph\u00e1i v\u00e0 tinh t\u1ebf. \u2022 Th\u00f4ng s\u1ed1 \u0111\u00e0n: Top: spruce Back, site: Brazil rosewood Scale, nut: 660mm, 52mm<\/p>","protected":false},"featured_media":5356,"template":"","meta":[],"product_cat":[533,20,25,213],"product_tag":[728],"class_list":["post-5355","product","type-product","status-publish","has-post-thumbnail","hentry","product_cat-luxury","product_cat-dan-guitar","product_cat-sakurai-kohno","product_cat-dan-cao-cap","product_tag-kohno-20"],"_links":{"self":[{"href":"https:\/\/emotionguitars.com\/en\/wp-json\/wp\/v2\/product\/5355","targetHints":{"allow":["GET"]}}],"collection":[{"href":"https:\/\/emotionguitars.com\/en\/wp-json\/wp\/v2\/product"}],"about":[{"href":"https:\/\/emotionguitars.com\/en\/wp-json\/wp\/v2\/types\/product"}],"wp:featuredmedia":[{"embeddable":true,"href":"https:\/\/emotionguitars.com\/en\/wp-json\/wp\/v2\/media\/5356"}],"wp:attachment":[{"href":"https:\/\/emotionguitars.com\/en\/wp-json\/wp\/v2\/media?parent=5355"}],"wp:term":[{"taxonomy":"product_cat","embeddable":true,"href":"https:\/\/emotionguitars.com\/en\/wp-json\/wp\/v2\/product_cat?post=5355"},{"taxonomy":"product_tag","embeddable":true,"href":"https:\/\/emotionguitars.com\/en\/wp-json\/wp\/v2\/product_tag?post=5355"}],"curies":[{"name":"wp","href":"https:\/\/api.w.org\/{rel}","templated":true}]}}