{"id":5364,"date":"2024-11-09T21:56:27","date_gmt":"2024-11-09T14:56:27","guid":{"rendered":"https:\/\/emotionguitars.com\/?post_type=product&#038;p=5364"},"modified":"2025-05-16T05:18:49","modified_gmt":"2025-05-15T22:18:49","slug":"masaru-kohno-concert-1982-very-good","status":"publish","type":"product","link":"https:\/\/emotionguitars.com\/en\/product\/masaru-kohno-concert-1982-very-good\/","title":{"rendered":"Masaru Kohno Concert &#8211; 1982 (very good)"},"content":{"rendered":"<p>Masaru Kohno b\u1eaft \u0111\u1ea7u thay \u0111\u1ed5i t\u00ean model t\u1eeb d\u00f2ng s\u1ed1 sang d\u00f2ng ch\u1eef k\u1ec3 t\u1eeb n\u0103m 1982, b\u00ean c\u1ea1nh \u0111\u00f3 l\u00e0 s\u1eed d\u1ee5ng k\u00edch c\u1ee1 c\u1ee7a c\u1ea7n \u0111\u00e0n nh\u1ecf h\u01a1n v\u1edbi Scale 650mm thay v\u00ec 660mm nh\u01b0 th\u1eddi k\u1ef3 tr\u01b0\u1edbc.<br \/>\nC\u00e2y \u0111\u00e0n Concert 1982 n\u00e0y ch\u00ednh l\u00e0 th\u1ebf h\u1ec7 \u0111\u00e0n \u0111\u00e2u ti\u00ean \u0111\u01b0\u1ee3c vi\u1ebft ch\u1eef.<br \/>\nD\u00f9 \u0111\u00e3 h\u01a1n 40 n\u0103m nh\u01b0ng \u0111\u00e0n v\u1eabn kh\u00e1 m\u1edbi , \u00e2m thanh c\u1ee7a \u0111\u00e0n c\u0169ng t\u00ednh t\u1ebf v\u00e0 ng\u1ecdt ng\u00e0o, r\u00f5 r\u00e0ng v\u00e0 th\u00e2n thi\u1ec7n v\u1edbi ng\u01b0\u1eddi ch\u01a1i.<br \/>\n\u0110\u00e0n ho\u00e0n to\u00e0n nguy\u00ean b\u1ea3n.<\/p>\n<p>\u2022 Th\u00f4ng s\u1ed1 \u0111\u00e0n:<br \/>\nTop: Spruce<br \/>\nBack, side: India rosewood<br \/>\nScale, nut: 650, 52mm<\/p>","protected":false},"excerpt":{"rendered":"<p>Masaru Kohno b\u1eaft \u0111\u1ea7u thay \u0111\u1ed5i t\u00ean model t\u1eeb d\u00f2ng s\u1ed1 sang d\u00f2ng ch\u1eef k\u1ec3 t\u1eeb n\u0103m 1982, b\u00ean c\u1ea1nh \u0111\u00f3 l\u00e0 s\u1eed d\u1ee5ng k\u00edch c\u1ee1 c\u1ee7a c\u1ea7n \u0111\u00e0n nh\u1ecf h\u01a1n v\u1edbi Scale 650mm thay v\u00ec 660mm nh\u01b0 th\u1eddi k\u1ef3 tr\u01b0\u1edbc. C\u00e2y \u0111\u00e0n Concert 1982 n\u00e0y ch\u00ednh l\u00e0 th\u1ebf h\u1ec7 \u0111\u00e0n \u0111\u00e2u ti\u00ean \u0111\u01b0\u1ee3c vi\u1ebft&#8230;<\/p>","protected":false},"featured_media":5365,"template":"","meta":[],"product_cat":[20,25,213],"product_tag":[],"class_list":["post-5364","product","type-product","status-publish","has-post-thumbnail","hentry","product_cat-dan-guitar","product_cat-sakurai-kohno","product_cat-dan-cao-cap"],"_links":{"self":[{"href":"https:\/\/emotionguitars.com\/en\/wp-json\/wp\/v2\/product\/5364","targetHints":{"allow":["GET"]}}],"collection":[{"href":"https:\/\/emotionguitars.com\/en\/wp-json\/wp\/v2\/product"}],"about":[{"href":"https:\/\/emotionguitars.com\/en\/wp-json\/wp\/v2\/types\/product"}],"wp:featuredmedia":[{"embeddable":true,"href":"https:\/\/emotionguitars.com\/en\/wp-json\/wp\/v2\/media\/5365"}],"wp:attachment":[{"href":"https:\/\/emotionguitars.com\/en\/wp-json\/wp\/v2\/media?parent=5364"}],"wp:term":[{"taxonomy":"product_cat","embeddable":true,"href":"https:\/\/emotionguitars.com\/en\/wp-json\/wp\/v2\/product_cat?post=5364"},{"taxonomy":"product_tag","embeddable":true,"href":"https:\/\/emotionguitars.com\/en\/wp-json\/wp\/v2\/product_tag?post=5364"}],"curies":[{"name":"wp","href":"https:\/\/api.w.org\/{rel}","templated":true}]}}