{"id":5387,"date":"2024-11-17T23:55:42","date_gmt":"2024-11-17T16:55:42","guid":{"rendered":"https:\/\/emotionguitars.com\/?post_type=product&#038;p=5387"},"modified":"2025-05-06T21:39:12","modified_gmt":"2025-05-06T14:39:12","slug":"masaru-kono-5-1964-good","status":"publish","type":"product","link":"https:\/\/emotionguitars.com\/en\/product\/masaru-kono-5-1964-good\/","title":{"rendered":"Masaru Kono 5 &#8211; 1964 (good)"},"content":{"rendered":"<p>C\u00e2y \u0111\u00e0n c\u00f3 gi\u00e1 tr\u1ecb s\u01b0u t\u1ea7m cao nh\u01b0ng ngo\u00e0i ra \u00e2m thanh c\u0169ng r\u1ea5t \u1ea5n t\u01b0\u1ee3ng b\u1edfi s\u1ef1 t\u0129nh t\u1ebf v\u00e0 gi\u00e0u t\u00ednh truy\u1ec1n th\u1ed1ng. Th\u1eddi \u0111i\u1ec3m n\u00e0y, Kohno \u0111ang ho\u00e0n thi\u1ec7n k\u1ef9 n\u0103ng l\u00e0m \u0111\u00e0n v\u00e0 v\u01b0\u01a1n t\u1edbi \u0111\u1ec9nh cao khi c\u1ed1 g\u1eafng h\u1ecdc h\u1ecfi t\u1eeb nh\u00e0 l\u00e0m \u0111\u00e0n v\u0129 \u0111\u1ea1i Ignacio Fleta.<\/p>","protected":false},"excerpt":{"rendered":"<p>C\u00e2y \u0111\u00e0n c\u00f3 gi\u00e1 tr\u1ecb s\u01b0u t\u1ea7m cao nh\u01b0ng ngo\u00e0i ra \u00e2m thanh c\u0169ng r\u1ea5t \u1ea5n t\u01b0\u1ee3ng b\u1edfi s\u1ef1 t\u0129nh t\u1ebf v\u00e0 gi\u00e0u t\u00ednh truy\u1ec1n th\u1ed1ng. Th\u1eddi \u0111i\u1ec3m n\u00e0y, Kohno \u0111ang ho\u00e0n thi\u1ec7n k\u1ef9 n\u0103ng l\u00e0m \u0111\u00e0n v\u00e0 v\u01b0\u01a1n t\u1edbi \u0111\u1ec9nh cao khi c\u1ed1 g\u1eafng h\u1ecdc h\u1ecfi t\u1eeb nh\u00e0 l\u00e0m \u0111\u00e0n v\u0129 \u0111\u1ea1i Ignacio Fleta.<\/p>","protected":false},"featured_media":5388,"template":"","meta":[],"product_cat":[20,25,213],"product_tag":[],"class_list":["post-5387","product","type-product","status-publish","has-post-thumbnail","hentry","product_cat-dan-guitar","product_cat-sakurai-kohno","product_cat-dan-cao-cap"],"_links":{"self":[{"href":"https:\/\/emotionguitars.com\/en\/wp-json\/wp\/v2\/product\/5387","targetHints":{"allow":["GET"]}}],"collection":[{"href":"https:\/\/emotionguitars.com\/en\/wp-json\/wp\/v2\/product"}],"about":[{"href":"https:\/\/emotionguitars.com\/en\/wp-json\/wp\/v2\/types\/product"}],"wp:featuredmedia":[{"embeddable":true,"href":"https:\/\/emotionguitars.com\/en\/wp-json\/wp\/v2\/media\/5388"}],"wp:attachment":[{"href":"https:\/\/emotionguitars.com\/en\/wp-json\/wp\/v2\/media?parent=5387"}],"wp:term":[{"taxonomy":"product_cat","embeddable":true,"href":"https:\/\/emotionguitars.com\/en\/wp-json\/wp\/v2\/product_cat?post=5387"},{"taxonomy":"product_tag","embeddable":true,"href":"https:\/\/emotionguitars.com\/en\/wp-json\/wp\/v2\/product_tag?post=5387"}],"curies":[{"name":"wp","href":"https:\/\/api.w.org\/{rel}","templated":true}]}}