{"id":5409,"date":"2024-11-29T00:18:44","date_gmt":"2024-11-28T17:18:44","guid":{"rendered":"https:\/\/emotionguitars.com\/?post_type=product&#038;p=5409"},"modified":"2025-04-29T23:24:33","modified_gmt":"2025-04-29T16:24:33","slug":"joluck-c9-concerto-2024-brand-new","status":"publish","type":"product","link":"https:\/\/emotionguitars.com\/en\/product\/joluck-c9-concerto-2024-brand-new\/","title":{"rendered":"Joluck C9 Concerto &#8211; 2024 (brand new)"},"content":{"rendered":"<p>Joluck Guitar l\u00e0 d\u00f2ng \u0111\u00e0n tr\u1ef1c thu\u1ed9c h\u00e3ng Saers c\u1ee7a Th\u1ea9m Quy\u1ebfn. \u0110\u00e2y l\u00e0 d\u00f2ng s\u1ea3n ph\u1ea9m th\u1ee7 c\u00f4ng \u0111\u01b0\u1ee3c thi\u1ebft k\u1ebf chuy\u00ean cho ng\u01b0\u1eddi tay ng\u1eafn ho\u1eb7c th\u00edch ki\u1ec3u g\u1ecdn nh\u1eb9 h\u01a1n m\u1ed9t ch\u00fat so v\u1edbi \u0111\u00e0n full side.<br \/>\nM\u1eabu concerto C9 l\u00e0 Top model c\u1ee7a Joluck \u0111\u01b0\u1ee3c thi\u1ebft k\u1ebf theo h\u1ec7 nam Double Top, g\u1ed7 l\u01b0ng h\u00f4ng s\u1eed d\u1ee5ng Madagasca l\u00e2u n\u0103m r\u1ea5t \u0111\u1eb9p. \u0110\u00e0n \u0111\u01b0\u1ee3c ch\u1ea1m th\u1ee7 c\u00f4ng kh\u1ea3m chai \u1edf ph\u1ea7n mi\u1ec7ng l\u1ed7 c\u1ed9ng h\u01b0\u1edfng, nh\u1eefng \u0111\u01b0\u1eddng n\u00e9t tinh t\u1ebf xu\u1ea5t s\u1eafc \u0111\u00fang v\u1edbi th\u01b0\u01a1ng hi\u1ec7u th\u1ee7 c\u00f4ng m\u1ef9 ngh\u1ec7 c\u1ee7a ng\u01b0\u1eddi Trung Qu\u1ed1c.<br \/>\n\u0110\u00e0n c\u0169ng s\u1eed d\u1ee5ng c\u00f4ng ngh\u1ec7 RF n\u00e2ng c\u1ea7n \u0111\u1ec3 t\u1ea1o hi\u1ec7u \u1ee9ng \u00e2m thanh v\u00e0 thu\u1eadn ti\u1ec7n cho vi\u1ec7c \u0111i chuy\u1ec3n c\u00e1c ph\u00edm tr\u00ean cao sau ng\u0103n 12. Tuy nhi\u00ean, khuy\u1ebfn c\u00e1o l\u00e0 kh\u00f4ng ph\u1ea3i t\u1ea5t c\u1ea3 m\u1ecdi ng\u01b0\u1eddi \u0111\u1ec1u th\u00edch l\u1ed1i n\u00e2ng c\u1ea7n n\u00e0y.<br \/>\n\u00c2m thanh c\u1ee7a C9 s\u00e2u l\u1eafng v\u00e0 tinh t\u1ebf kh\u00f3 tin, t\u1eebng n\u1ed1t ch\u1eafc v\u00e0 h\u00f2a thanh r\u1ea5t quy\u1ec7n. <\/p>","protected":false},"excerpt":{"rendered":"<p>Joluck Guitar l\u00e0 d\u00f2ng \u0111\u00e0n tr\u1ef1c thu\u1ed9c h\u00e3ng Saers c\u1ee7a Th\u1ea9m Quy\u1ebfn. \u0110\u00e2y l\u00e0 d\u00f2ng s\u1ea3n ph\u1ea9m th\u1ee7 c\u00f4ng \u0111\u01b0\u1ee3c thi\u1ebft k\u1ebf chuy\u00ean cho ng\u01b0\u1eddi tay ng\u1eafn ho\u1eb7c th\u00edch ki\u1ec3u g\u1ecdn nh\u1eb9 h\u01a1n m\u1ed9t ch\u00fat so v\u1edbi \u0111\u00e0n full side. M\u1eabu concerto C9 l\u00e0 Top model c\u1ee7a Joluck \u0111\u01b0\u1ee3c thi\u1ebft k\u1ebf theo h\u1ec7 nam Double&#8230;<\/p>","protected":false},"featured_media":5410,"template":"","meta":[],"product_cat":[20,22,213],"product_tag":[],"class_list":["post-5409","product","type-product","status-publish","has-post-thumbnail","hentry","product_cat-dan-guitar","product_cat-saers-guitar","product_cat-dan-cao-cap"],"_links":{"self":[{"href":"https:\/\/emotionguitars.com\/en\/wp-json\/wp\/v2\/product\/5409","targetHints":{"allow":["GET"]}}],"collection":[{"href":"https:\/\/emotionguitars.com\/en\/wp-json\/wp\/v2\/product"}],"about":[{"href":"https:\/\/emotionguitars.com\/en\/wp-json\/wp\/v2\/types\/product"}],"wp:featuredmedia":[{"embeddable":true,"href":"https:\/\/emotionguitars.com\/en\/wp-json\/wp\/v2\/media\/5410"}],"wp:attachment":[{"href":"https:\/\/emotionguitars.com\/en\/wp-json\/wp\/v2\/media?parent=5409"}],"wp:term":[{"taxonomy":"product_cat","embeddable":true,"href":"https:\/\/emotionguitars.com\/en\/wp-json\/wp\/v2\/product_cat?post=5409"},{"taxonomy":"product_tag","embeddable":true,"href":"https:\/\/emotionguitars.com\/en\/wp-json\/wp\/v2\/product_tag?post=5409"}],"curies":[{"name":"wp","href":"https:\/\/api.w.org\/{rel}","templated":true}]}}