{"id":5417,"date":"2024-11-29T00:25:24","date_gmt":"2024-11-28T17:25:24","guid":{"rendered":"https:\/\/emotionguitars.com\/?post_type=product&#038;p=5417"},"modified":"2025-05-16T05:28:26","modified_gmt":"2025-05-15T22:28:26","slug":"antonio-picado-60s-brand-new","status":"publish","type":"product","link":"https:\/\/emotionguitars.com\/en\/product\/antonio-picado-60s-brand-new\/","title":{"rendered":"Antonio Picado 60S (brand new)"},"content":{"rendered":"<p>Antonio Picado l\u00e0 th\u01b0\u01a1ng hi\u1ec7u l\u00e2u n\u0103m thu\u1ed9c v\u00f9ng Bacelona T\u00e2y Ban Nha. Hi\u1ec7n t\u1ea1i, hai ngh\u1ec7 nh\u00e2n Prat v\u00e0 Genis \u0111ang l\u00e0 luthier ch\u00ednh c\u1ee7a x\u01b0\u1edfng \u0111\u00e0n Picado.<br \/>\nM\u1eabu \u0111\u00e0n 60 l\u00e0 m\u1eabu \u0111\u01b0\u1ee3c y\u00eau th\u00edch b\u1eadc nh\u1ea5t c\u1ee7a th\u01b0\u01a1ng hi\u1ec7u Picado. \u0110i\u1ec3m m\u1ea1nh nh\u1ea5t \u0111\u00f3 l\u00e0 t\u00ednh c\u00e2n b\u1eb1ng v\u00e0 th\u00e2n thi\u1ec7n c\u1ee7a model 60. \u0110\u1ed1i v\u1edbi m\u1eabu Top spruce, \u00e2m thanh trong v\u00e0 kh\u00e1 n\u1eb7ng, \u0111\u1ed9 l\u00f2ng lanh c\u1ee7a t\u1eebng n\u1ed1t nh\u1ea1c v\u1eabn r\u1ea5t d\u1ec5 nh\u1eadn bi\u1ebft \u0111\u00fang v\u1edbi \u0111\u1eb7c \u0111i\u1ec3m c\u1ee7a Picado guitar.<\/p>\n<p>\u2022 Th\u00f4ng s\u1ed1 \u0111\u00e0n:<br \/>\nTop: spruce<br \/>\nBack, side: India rose wood<br \/>\nScale, nut: 650mm, 52mm<br \/>\nK\u00e8m case c\u1ee9ng, d\u00e2y \u0111\u00e0n<\/p>","protected":false},"excerpt":{"rendered":"<p>Antonio Picado l\u00e0 th\u01b0\u01a1ng hi\u1ec7u l\u00e2u n\u0103m thu\u1ed9c v\u00f9ng Bacelona T\u00e2y Ban Nha. Hi\u1ec7n t\u1ea1i, hai ngh\u1ec7 nh\u00e2n Prat v\u00e0 Genis \u0111ang l\u00e0 luthier ch\u00ednh c\u1ee7a x\u01b0\u1edfng \u0111\u00e0n Picado. M\u1eabu \u0111\u00e0n 60 l\u00e0 m\u1eabu \u0111\u01b0\u1ee3c y\u00eau th\u00edch b\u1eadc nh\u1ea5t c\u1ee7a th\u01b0\u01a1ng hi\u1ec7u Picado. \u0110i\u1ec3m m\u1ea1nh nh\u1ea5t \u0111\u00f3 l\u00e0 t\u00ednh c\u00e2n b\u1eb1ng v\u00e0 th\u00e2n thi\u1ec7n c\u1ee7a&#8230;<\/p>","protected":false},"featured_media":5418,"template":"","meta":[],"product_cat":[20,84,213],"product_tag":[729],"class_list":["post-5417","product","type-product","status-publish","has-post-thumbnail","hentry","product_cat-dan-guitar","product_cat-picado","product_cat-dan-cao-cap","product_tag-picado-60"],"_links":{"self":[{"href":"https:\/\/emotionguitars.com\/en\/wp-json\/wp\/v2\/product\/5417","targetHints":{"allow":["GET"]}}],"collection":[{"href":"https:\/\/emotionguitars.com\/en\/wp-json\/wp\/v2\/product"}],"about":[{"href":"https:\/\/emotionguitars.com\/en\/wp-json\/wp\/v2\/types\/product"}],"wp:featuredmedia":[{"embeddable":true,"href":"https:\/\/emotionguitars.com\/en\/wp-json\/wp\/v2\/media\/5418"}],"wp:attachment":[{"href":"https:\/\/emotionguitars.com\/en\/wp-json\/wp\/v2\/media?parent=5417"}],"wp:term":[{"taxonomy":"product_cat","embeddable":true,"href":"https:\/\/emotionguitars.com\/en\/wp-json\/wp\/v2\/product_cat?post=5417"},{"taxonomy":"product_tag","embeddable":true,"href":"https:\/\/emotionguitars.com\/en\/wp-json\/wp\/v2\/product_tag?post=5417"}],"curies":[{"name":"wp","href":"https:\/\/api.w.org\/{rel}","templated":true}]}}