{"id":5425,"date":"2024-11-29T00:42:19","date_gmt":"2024-11-28T17:42:19","guid":{"rendered":"https:\/\/emotionguitars.com\/?post_type=product&#038;p=5425"},"modified":"2025-05-16T05:23:42","modified_gmt":"2025-05-15T22:23:42","slug":"masaru-kohno-15-1974-good","status":"publish","type":"product","link":"https:\/\/emotionguitars.com\/en\/product\/masaru-kohno-15-1974-good\/","title":{"rendered":"Masaru Kohno 15 &#8211; 1974 (good)"},"content":{"rendered":"<p>C\u00e2y \u0111\u00e0n c\u00f3 ngo\u1ea1i h\u00ecnh trung b\u00ecnh v\u1edbi kh\u00e1 nhi\u1ec1u v\u1ebft x\u01b0\u1edbc, tuy nhi\u00ean kh\u00f4ng c\u00f3 v\u1ebft n\u1ee9t v\u00e0 t\u1ed5ng th\u1ec3 v\u1eabn li\u1ec1n l\u1ea1c, c\u1ea7n ph\u00edm t\u1ed1t v\u00e0 ho\u00e0n to\u00e0n nguy\u00ean b\u1ea3n.<br \/>\nKohno 15 n\u0103m 1974 l\u00e0 \u201c\u00c1 h\u1eadu\u201d 2 c\u1ee7a nh\u00e0 Kohno do n\u0103m n\u00e0y \u0111\u00e3 xu\u1ea5t hi\u1ec7n m\u1eabu no.30 l\u00e0 Top model.<br \/>\n\u00c2m thanh c\u00e2y \u0111\u00e0n c\u00f3 s\u1ee9c h\u00fat v\u00e0 qu\u00fd ph\u00e1i, c\u00f3 s\u1ef1 quy\u1ebfn r\u0169 v\u00e0 r\u1ea5t s\u00e2u l\u1eafng.<br \/>\n\u0110i\u1ec3m y\u1ebfu duy nh\u1ea5t c\u1ee7a c\u00e2y \u0111\u00e0n l\u00e0 Scale 660 mm l\u00e0m cho nh\u1eefng ng\u01b0\u1eddi tay h\u01a1i ng\u1eafn ho\u1eb7c th\u1eadm ch\u00ed trung b\u00ecnh, c\u0169ng s\u1ebd v\u1ea5t v\u1ea3 khi ch\u01a1i l\u00e2u tr\u00ean c\u00e2y \u0111\u00e0n n\u00e0y.<\/p>\n<p>\u2022 Th\u00f4ng s\u1ed1 \u0111\u00e0n:<br \/>\nTop: spruce<br \/>\nBack, side: Jacaranda<br \/>\nScale, nut: 660mm, 52mm<\/p>","protected":false},"excerpt":{"rendered":"<p>C\u00e2y \u0111\u00e0n c\u00f3 ngo\u1ea1i h\u00ecnh trung b\u00ecnh v\u1edbi kh\u00e1 nhi\u1ec1u v\u1ebft x\u01b0\u1edbc, tuy nhi\u00ean kh\u00f4ng c\u00f3 v\u1ebft n\u1ee9t v\u00e0 t\u1ed5ng th\u1ec3 v\u1eabn li\u1ec1n l\u1ea1c, c\u1ea7n ph\u00edm t\u1ed1t v\u00e0 ho\u00e0n to\u00e0n nguy\u00ean b\u1ea3n. Kohno 15 n\u0103m 1974 l\u00e0 \u201c\u00c1 h\u1eadu\u201d 2 c\u1ee7a nh\u00e0 Kohno do n\u0103m n\u00e0y \u0111\u00e3 xu\u1ea5t hi\u1ec7n m\u1eabu no.30 l\u00e0 Top model. \u00c2m&#8230;<\/p>","protected":false},"featured_media":5426,"template":"","meta":[],"product_cat":[20,25,213],"product_tag":[730],"class_list":["post-5425","product","type-product","status-publish","has-post-thumbnail","hentry","product_cat-dan-guitar","product_cat-sakurai-kohno","product_cat-dan-cao-cap","product_tag-kohno-no15"],"_links":{"self":[{"href":"https:\/\/emotionguitars.com\/en\/wp-json\/wp\/v2\/product\/5425","targetHints":{"allow":["GET"]}}],"collection":[{"href":"https:\/\/emotionguitars.com\/en\/wp-json\/wp\/v2\/product"}],"about":[{"href":"https:\/\/emotionguitars.com\/en\/wp-json\/wp\/v2\/types\/product"}],"wp:featuredmedia":[{"embeddable":true,"href":"https:\/\/emotionguitars.com\/en\/wp-json\/wp\/v2\/media\/5426"}],"wp:attachment":[{"href":"https:\/\/emotionguitars.com\/en\/wp-json\/wp\/v2\/media?parent=5425"}],"wp:term":[{"taxonomy":"product_cat","embeddable":true,"href":"https:\/\/emotionguitars.com\/en\/wp-json\/wp\/v2\/product_cat?post=5425"},{"taxonomy":"product_tag","embeddable":true,"href":"https:\/\/emotionguitars.com\/en\/wp-json\/wp\/v2\/product_tag?post=5425"}],"curies":[{"name":"wp","href":"https:\/\/api.w.org\/{rel}","templated":true}]}}